{"id":24495,"date":"2024-09-18T11:37:01","date_gmt":"2024-09-18T09:37:01","guid":{"rendered":"https:\/\/pinosos.es\/retours-echanges\/"},"modified":"2025-05-28T11:04:52","modified_gmt":"2025-05-28T09:04:52","slug":"retours-echanges","status":"publish","type":"page","link":"https:\/\/pinosos.es\/fr\/retours-echanges\/","title":{"rendered":"Retours &#038; \u00e9changes"},"content":{"rendered":"\t\t<div data-elementor-type=\"wp-page\" data-elementor-id=\"24495\" class=\"elementor elementor-24495 elementor-7157\" data-elementor-post-type=\"page\">\n\t\t\t\t<div class=\"elementor-element elementor-element-400f964 e-con-full e-flex e-con e-parent\" data-id=\"400f964\" data-element_type=\"container\" data-e-type=\"container\">\n\t\t\t\t<div class=\"elementor-element elementor-element-2ef89d5 elementor-widget elementor-widget-image\" data-id=\"2ef89d5\" data-element_type=\"widget\" data-e-type=\"widget\" data-widget_type=\"image.default\">\n\t\t\t\t\t\t\t\t\t\t\t\t\t\t\t<img fetchpriority=\"high\" decoding=\"async\" width=\"1920\" height=\"690\" src=\"https:\/\/pinosos.es\/wp-content\/uploads\/2024\/02\/Diseno-sin-titulo38.jpg\" class=\"attachment-full size-full wp-image-24496 wvs-archive-product-image\" alt=\"\" srcset=\"https:\/\/pinosos.es\/wp-content\/uploads\/2024\/02\/Diseno-sin-titulo38.jpg 1920w, https:\/\/pinosos.es\/wp-content\/uploads\/2024\/02\/Diseno-sin-titulo38-650x234.jpg 650w, https:\/\/pinosos.es\/wp-content\/uploads\/2024\/02\/Diseno-sin-titulo38-300x108.jpg 300w, https:\/\/pinosos.es\/wp-content\/uploads\/2024\/02\/Diseno-sin-titulo38-1024x368.jpg 1024w, https:\/\/pinosos.es\/wp-content\/uploads\/2024\/02\/Diseno-sin-titulo38-768x276.jpg 768w, https:\/\/pinosos.es\/wp-content\/uploads\/2024\/02\/Diseno-sin-titulo38-1536x552.jpg 1536w, https:\/\/pinosos.es\/wp-content\/uploads\/2024\/02\/Diseno-sin-titulo38-700x252.jpg 700w, https:\/\/pinosos.es\/wp-content\/uploads\/2024\/02\/Diseno-sin-titulo38-1100x395.jpg 1100w\" sizes=\"(max-width: 1920px) 100vw, 1920px\" \/>\t\t\t\t\t\t\t\t\t\t\t\t\t\t\t<\/div>\n\t\t\t\t<\/div>\n\t\t<div class=\"elementor-element elementor-element-7cc2e02 e-flex e-con-boxed e-con e-parent\" data-id=\"7cc2e02\" data-element_type=\"container\" data-e-type=\"container\">\n\t\t\t\t\t<div class=\"e-con-inner\">\n\t\t\t\t<div class=\"elementor-element elementor-element-5d3dc2e elementor-widget elementor-widget-heading\" data-id=\"5d3dc2e\" data-element_type=\"widget\" data-e-type=\"widget\" data-widget_type=\"heading.default\">\n\t\t\t\t\t<h1 class=\"elementor-heading-title elementor-size-default\">Retours &amp; \u00e9changes<\/h1>\t\t\t\t<\/div>\n\t\t\t\t\t<\/div>\n\t\t\t\t<\/div>\n\t\t<div class=\"elementor-element elementor-element-28292353 e-con-full e-flex e-con e-parent\" data-id=\"28292353\" data-element_type=\"container\" data-e-type=\"container\">\n\t\t\t\t<div class=\"elementor-element elementor-element-12f77fe5 elementor-widget elementor-widget-text-editor\" data-id=\"12f77fe5\" data-element_type=\"widget\" data-e-type=\"widget\" data-widget_type=\"text-editor.default\">\n\t\t\t\t\t\t\t\t\t<p><strong>Livraison gratuite<\/strong><\/p>\n<p>Votre achat sera livr\u00e9 gratuitement \u00e0 l&rsquo;adresse de votre choix (p\u00e9ninsule et \u00eeles Bal\u00e9ares uniquement).<\/p>\n<ul>\n<li>D\u00e9lai de livraison Espagne 24-48 heures (jours ouvrables)<\/li>\n<li>\u00a0D\u00e9lai de livraison dans le reste du monde 4 \u00e0 7 jours ouvrables.<\/li>\n<\/ul>\n<p><strong>Retours et \u00e9changes<\/strong><\/p>\n<ul>\n<li>Vous disposez d&rsquo;un d\u00e9lai de <strong>15 jours<\/strong> \u00e0 compter de la r\u00e9ception de la marchandise pour <strong>\u00e9changer ou retourner<\/strong> un article.<\/li>\n<li>Les articles doivent \u00eatre retourn\u00e9s dans leur \u00e9tat d&rsquo;origine, sans avoir \u00e9t\u00e9 port\u00e9s (en parfait \u00e9tat) et dans le d\u00e9lai imparti, \u00e0 notre entrep\u00f4t. Veuillez emballer le paquet de mani\u00e8re \u00e0 ce que la bo\u00eete d&rsquo;origine ne re\u00e7oive pas d&rsquo;\u00e9tiquettes ou de scell\u00e9s de transport.<\/li>\n<li>Le retour se fera \u00e0 vos frais, c&rsquo;est-\u00e0-dire toujours \u00e0 la charge du client (emballage, exp\u00e9dition, agence de transport, etc.).<\/li>\n<li>Pour ce retour ou \u00e9change (taille, couleur et\/ou mod\u00e8le), veuillez contacter le d\u00e9partement <strong>SERVICE CLIENT<\/strong>.<\/li>\n<li>Envoyer \u00e0 l&rsquo;<strong>ADRESSE<\/strong>:<br \/>\nCalle 8 de Agosto N\u00ba 14 03650 &#8211; PINOSO (Alicante) Espagne<\/li>\n<li>Une fois que nous aurons re\u00e7u le colis, nous proc\u00e9derons \u00e0 son <strong>REMBOURSEMENT<\/strong>. Si la marchandise est en parfait \u00e9tat, vous recevrez sous quelques jours le montant de votre commande dans le m\u00eame mode de paiement que celui utilis\u00e9 lors de l&rsquo;achat.<\/li>\n<li>Les d\u00e9fauts caus\u00e9s par une mauvaise utilisation ne sont pas couverts par la garantie.<\/li>\n<\/ul>\n<p><strong>\u00c9changes<\/strong><\/p>\n<ul>\n<li>Une fois que nous aurons re\u00e7u le colis, nous proc\u00e9derons \u00e0 la <strong>DEUXI\u00c8ME LIVRAISON<\/strong>, dans laquelle vous nous aurez pr\u00e9alablement indiqu\u00e9 quel est le changement que vous souhaitez effectuer (taille, couleur et\/ou mod\u00e8le), cette livraison sera <strong>GRATUITE<\/strong>.<br \/>\nSi vous souhaitez effectuer d&rsquo;autres modifications, les frais d&rsquo;exp\u00e9dition seront toujours \u00e0 votre charge.<\/li>\n<\/ul>\n<p><strong>Service apr\u00e8s-vente<\/strong><br \/>Contactez-nous si vous avez des doutes sur la mani\u00e8re de passer une commande ou si vous avez des questions. Par t\u00e9l\u00e9phone, whatsapp ou email.<\/p>\n<p>T\u00e9l\u00e9phone : <strong>+34 966 970 274<\/strong><br \/>WhatsApp : <strong>+34 670 387 812<\/strong><br \/>Courriel : <strong>info@pinosos.es<\/strong><\/p>\n<p>&nbsp;<\/p>\n<p><strong>Paiement s\u00e9curis\u00e9<\/strong><\/p>\n<p>Tous les achats sont s\u00e9curis\u00e9s \u00e0 100 %.<\/p>\n<p><strong>M\u00e9thodes de paiement :<\/strong><\/p>\n<ul>\n<li>Paypal<\/li>\n<li>Carte de cr\u00e9dit<\/li>\n<li>Virement bancaire<\/li>\n<\/ul>\n<p><strong>Garanties<\/strong><br \/>Pinoso&rsquo;s utilise des\u00a0mat\u00e9riaux de premi\u00e8re qualit\u00e9 pour la fabrication de nos chaussures.<\/p>\n<h3><\/h3>\n<p><\/p>\n<h3>Litiges<\/h3>\n<p><\/p>\n<p class=\"ParrafoJustificado\">Conform\u00e9ment \u00e0 la r\u00e9solution en ligne des litiges de consommation de l&rsquo;UE et \u00e0 l&rsquo;article 14.1 du r\u00e8glement (UE) 524\/2013, nous vous informons que la Commission europ\u00e9enne met \u00e0 la disposition de tous les consommateurs une plateforme de r\u00e9solution des litiges en ligne qui est disponible sur le lien suivant : <a href=\"http:\/\/ec.europa.eu\/consumers\/odr\/\" target=\"_blank\" rel=\"noopener\">http:\/\/ec.europa.eu\/consumers\/odr\/.<\/a><\/p>\n<p>&nbsp;<\/p>\n\t\t\t\t\t\t\t\t<\/div>\n\t\t\t\t<\/div>\n\t\t\t\t<\/div>\n\t\t","protected":false},"excerpt":{"rendered":"<p>Retours &#038; \u00e9changes Livraison gratuite Votre achat sera livr\u00e9 gratuitement \u00e0 l&rsquo;adresse de votre choix (p\u00e9ninsule et \u00eeles Bal\u00e9ares uniquement). D\u00e9lai de livraison Espagne 24-48 heures (jours ouvrables) \u00a0D\u00e9lai de livraison dans le reste du monde 4 \u00e0 7 jours ouvrables. Retours et \u00e9changes Vous&#8230;<\/p>\n","protected":false},"author":1,"featured_media":0,"parent":0,"menu_order":0,"comment_status":"closed","ping_status":"closed","template":"elementor_theme","meta":{"footnotes":""},"class_list":["post-24495","page","type-page","status-publish","hentry"],"_links":{"self":[{"href":"https:\/\/pinosos.es\/fr\/wp-json\/wp\/v2\/pages\/24495","targetHints":{"allow":["GET"]}}],"collection":[{"href":"https:\/\/pinosos.es\/fr\/wp-json\/wp\/v2\/pages"}],"about":[{"href":"https:\/\/pinosos.es\/fr\/wp-json\/wp\/v2\/types\/page"}],"author":[{"embeddable":true,"href":"https:\/\/pinosos.es\/fr\/wp-json\/wp\/v2\/users\/1"}],"replies":[{"embeddable":true,"href":"https:\/\/pinosos.es\/fr\/wp-json\/wp\/v2\/comments?post=24495"}],"version-history":[{"count":0,"href":"https:\/\/pinosos.es\/fr\/wp-json\/wp\/v2\/pages\/24495\/revisions"}],"wp:attachment":[{"href":"https:\/\/pinosos.es\/fr\/wp-json\/wp\/v2\/media?parent=24495"}],"curies":[{"name":"wp","href":"https:\/\/api.w.org\/{rel}","templated":true}]}}