{"id":24513,"date":"2024-09-18T12:48:17","date_gmt":"2024-09-18T10:48:17","guid":{"rendered":"https:\/\/pinosos.es\/guide-des-tailles\/"},"modified":"2025-06-25T12:52:46","modified_gmt":"2025-06-25T10:52:46","slug":"guide-des-tailles","status":"publish","type":"page","link":"https:\/\/pinosos.es\/fr\/guide-des-tailles\/","title":{"rendered":"Guide des tailles"},"content":{"rendered":"\t\t<div data-elementor-type=\"wp-page\" data-elementor-id=\"24513\" class=\"elementor elementor-24513 elementor-67\" data-elementor-post-type=\"page\">\n\t\t\t\t<div class=\"elementor-element elementor-element-b8d9664 e-flex e-con-boxed e-con e-parent\" data-id=\"b8d9664\" data-element_type=\"container\" data-e-type=\"container\">\n\t\t\t\t\t<div class=\"e-con-inner\">\n\t\t\t\t<div class=\"elementor-element elementor-element-477b4b83 elementor-widget elementor-widget-text-editor\" data-id=\"477b4b83\" data-element_type=\"widget\" data-e-type=\"widget\" data-widget_type=\"text-editor.default\">\n\t\t\t\t\t\t\t\t\t<h2>Comment calculer votre pointure<\/h2><h4>COMMENT MESURER LA LONGUEUR DU PIED<\/h4><h4><a href=\"https:\/\/pinosos.es\/wp-content\/uploads\/2021\/04\/Como-medir-largo-del-pie.png\"><br \/><img decoding=\"async\" class=\"wp-image-29570 alignnone\" src=\"https:\/\/pinosos.es\/wp-content\/uploads\/2021\/04\/Como-medir-largo-del-pie-300x300.png\" alt=\"\" width=\"169\" height=\"169\" srcset=\"https:\/\/pinosos.es\/wp-content\/uploads\/2021\/04\/Como-medir-largo-del-pie-300x300.png 300w, https:\/\/pinosos.es\/wp-content\/uploads\/2021\/04\/Como-medir-largo-del-pie-150x150.png 150w, https:\/\/pinosos.es\/wp-content\/uploads\/2021\/04\/Como-medir-largo-del-pie-768x768.png 768w, https:\/\/pinosos.es\/wp-content\/uploads\/2021\/04\/Como-medir-largo-del-pie-550x550.png 550w, https:\/\/pinosos.es\/wp-content\/uploads\/2021\/04\/Como-medir-largo-del-pie.png 1024w\" sizes=\"(max-width: 169px) 100vw, 169px\" \/><br \/><\/a><\/h4><p><span style=\"font-size: 11.5pt; font-family: 'Arial',sans-serif;\"><br \/>Pour choisir la bonne pointure, vous devez <strong>mesurer vos pieds<\/strong>. Pour cela, vous aurez besoin <strong>d\u2019une feuille de papier, d\u2019un stylo ou crayon, d\u2019une r\u00e8gle<\/strong> et, si possible, <strong>des chaussettes que vous porterez avec ces chaussures<\/strong>. Ensuite, suivez ces \u00e9tapes :<br \/><\/span><\/p><p><span style=\"font-size: 11.5pt; font-family: 'Arial',sans-serif;\">\u00a0<\/span><\/p><p>1. Placez <strong>la feuille de papier sur le sol<\/strong> avec un bord cal\u00e9 contre le mur et assurez-vous qu\u2019elle ne bouge pas. Pour une mesure pr\u00e9cise, tenez-vous <strong>debout, le poids r\u00e9parti sur les deux pieds et appuyez fermement le talon contre le mur<\/strong> sur la feuille.<\/p><p><img decoding=\"async\" class=\"wp-image-29774 alignleft\" src=\"https:\/\/pinosos.es\/wp-content\/uploads\/2025\/05\/Como-saber-mi-talla-de-zapatos-paso-1-300x300.png\" alt=\"\" width=\"169\" height=\"169\" srcset=\"https:\/\/pinosos.es\/wp-content\/uploads\/2025\/05\/Como-saber-mi-talla-de-zapatos-paso-1-300x300.png 300w, https:\/\/pinosos.es\/wp-content\/uploads\/2025\/05\/Como-saber-mi-talla-de-zapatos-paso-1-150x150.png 150w, https:\/\/pinosos.es\/wp-content\/uploads\/2025\/05\/Como-saber-mi-talla-de-zapatos-paso-1-768x768.png 768w, https:\/\/pinosos.es\/wp-content\/uploads\/2025\/05\/Como-saber-mi-talla-de-zapatos-paso-1-550x550.png 550w, https:\/\/pinosos.es\/wp-content\/uploads\/2025\/05\/Como-saber-mi-talla-de-zapatos-paso-1-500x500.png 500w, https:\/\/pinosos.es\/wp-content\/uploads\/2025\/05\/Como-saber-mi-talla-de-zapatos-paso-1-700x700.png 700w, https:\/\/pinosos.es\/wp-content\/uploads\/2025\/05\/Como-saber-mi-talla-de-zapatos-paso-1-450x450.png 450w, https:\/\/pinosos.es\/wp-content\/uploads\/2025\/05\/Como-saber-mi-talla-de-zapatos-paso-1-650x650.png 650w, https:\/\/pinosos.es\/wp-content\/uploads\/2025\/05\/Como-saber-mi-talla-de-zapatos-paso-1-100x100.png 100w, https:\/\/pinosos.es\/wp-content\/uploads\/2025\/05\/Como-saber-mi-talla-de-zapatos-paso-1-50x50.png 50w, https:\/\/pinosos.es\/wp-content\/uploads\/2025\/05\/Como-saber-mi-talla-de-zapatos-paso-1.png 1000w\" sizes=\"(max-width: 169px) 100vw, 169px\" \/><\/p><p>\u00a0<\/p><p>\u00a0<\/p><p>\u00a0<\/p><p>\u00a0<\/p><p>\u00a0<\/p><p>\u00a0<\/p><p>\u00a0<\/p><p>\u00a0<\/p><p>2.<strong> Marquez avec le stylo<\/strong> l\u2019extr\u00e9mit\u00e9 de <strong>l\u2019orteil le plus long<\/strong> (ce n\u2019est pas toujours le gros orteil).<\/p><p><a href=\"https:\/\/pinosos.es\/wp-content\/uploads\/2025\/05\/Como-saber-mi-talla-de-zapatos-paso-2-300x300.png\"><br \/><img decoding=\"async\" class=\"wp-image-29777 alignleft\" src=\"https:\/\/pinosos.es\/wp-content\/uploads\/2025\/05\/Como-saber-mi-talla-de-zapatos-paso-2-300x300.png\" alt=\"\" width=\"169\" height=\"169\" srcset=\"https:\/\/pinosos.es\/wp-content\/uploads\/2025\/05\/Como-saber-mi-talla-de-zapatos-paso-2-300x300.png 300w, https:\/\/pinosos.es\/wp-content\/uploads\/2025\/05\/Como-saber-mi-talla-de-zapatos-paso-2-150x150.png 150w, https:\/\/pinosos.es\/wp-content\/uploads\/2025\/05\/Como-saber-mi-talla-de-zapatos-paso-2-768x768.png 768w, https:\/\/pinosos.es\/wp-content\/uploads\/2025\/05\/Como-saber-mi-talla-de-zapatos-paso-2-550x550.png 550w, https:\/\/pinosos.es\/wp-content\/uploads\/2025\/05\/Como-saber-mi-talla-de-zapatos-paso-2-500x500.png 500w, https:\/\/pinosos.es\/wp-content\/uploads\/2025\/05\/Como-saber-mi-talla-de-zapatos-paso-2-700x700.png 700w, https:\/\/pinosos.es\/wp-content\/uploads\/2025\/05\/Como-saber-mi-talla-de-zapatos-paso-2-450x450.png 450w, https:\/\/pinosos.es\/wp-content\/uploads\/2025\/05\/Como-saber-mi-talla-de-zapatos-paso-2-650x650.png 650w, https:\/\/pinosos.es\/wp-content\/uploads\/2025\/05\/Como-saber-mi-talla-de-zapatos-paso-2-100x100.png 100w, https:\/\/pinosos.es\/wp-content\/uploads\/2025\/05\/Como-saber-mi-talla-de-zapatos-paso-2-50x50.png 50w, https:\/\/pinosos.es\/wp-content\/uploads\/2025\/05\/Como-saber-mi-talla-de-zapatos-paso-2.png 1000w\" sizes=\"(max-width: 169px) 100vw, 169px\" \/><\/a><a href=\"https:\/\/pinosos.es\/wp-content\/uploads\/2025\/05\/Como-saber-mi-talla-de-zapatos-paso-3-300x300.png\"><img loading=\"lazy\" decoding=\"async\" class=\"alignnone wp-image-29780\" src=\"https:\/\/pinosos.es\/wp-content\/uploads\/2025\/05\/Como-saber-mi-talla-de-zapatos-paso-3-300x300.png\" alt=\"\" width=\"169\" height=\"169\" srcset=\"https:\/\/pinosos.es\/wp-content\/uploads\/2025\/05\/Como-saber-mi-talla-de-zapatos-paso-3-300x300.png 300w, https:\/\/pinosos.es\/wp-content\/uploads\/2025\/05\/Como-saber-mi-talla-de-zapatos-paso-3-150x150.png 150w, https:\/\/pinosos.es\/wp-content\/uploads\/2025\/05\/Como-saber-mi-talla-de-zapatos-paso-3-768x768.png 768w, https:\/\/pinosos.es\/wp-content\/uploads\/2025\/05\/Como-saber-mi-talla-de-zapatos-paso-3-550x550.png 550w, https:\/\/pinosos.es\/wp-content\/uploads\/2025\/05\/Como-saber-mi-talla-de-zapatos-paso-3-500x500.png 500w, https:\/\/pinosos.es\/wp-content\/uploads\/2025\/05\/Como-saber-mi-talla-de-zapatos-paso-3-700x700.png 700w, https:\/\/pinosos.es\/wp-content\/uploads\/2025\/05\/Como-saber-mi-talla-de-zapatos-paso-3-450x450.png 450w, https:\/\/pinosos.es\/wp-content\/uploads\/2025\/05\/Como-saber-mi-talla-de-zapatos-paso-3-650x650.png 650w, https:\/\/pinosos.es\/wp-content\/uploads\/2025\/05\/Como-saber-mi-talla-de-zapatos-paso-3-100x100.png 100w, https:\/\/pinosos.es\/wp-content\/uploads\/2025\/05\/Como-saber-mi-talla-de-zapatos-paso-3-50x50.png 50w, https:\/\/pinosos.es\/wp-content\/uploads\/2025\/05\/Como-saber-mi-talla-de-zapatos-paso-3.png 1000w\" sizes=\"(max-width: 169px) 100vw, 169px\" \/><br \/><\/a><\/p><p>\u00a0<\/p><p>3.<strong> Mesurez les deux pieds et choisissez la plus grande mesure<\/strong> (tr\u00e8s peu de personnes ont des pieds parfaitement identiques). Ensuite, mesurez la distance entre le bord de la feuille et la marque en millim\u00e8tres ou centim\u00e8tres, puis multipliez par 10 pour convertir en millim\u00e8tres.<\/p><p><a href=\"https:\/\/pinosos.es\/wp-content\/uploads\/2025\/05\/Como-saber-mi-talla-de-zapatos-paso-4.png\"><br \/><img loading=\"lazy\" decoding=\"async\" class=\"alignnone wp-image-29783 alignleft\" src=\"https:\/\/pinosos.es\/wp-content\/uploads\/2025\/05\/Como-saber-mi-talla-de-zapatos-paso-4-300x300.png\" alt=\"\" width=\"169\" height=\"169\" srcset=\"https:\/\/pinosos.es\/wp-content\/uploads\/2025\/05\/Como-saber-mi-talla-de-zapatos-paso-4-300x300.png 300w, https:\/\/pinosos.es\/wp-content\/uploads\/2025\/05\/Como-saber-mi-talla-de-zapatos-paso-4-150x150.png 150w, https:\/\/pinosos.es\/wp-content\/uploads\/2025\/05\/Como-saber-mi-talla-de-zapatos-paso-4-768x768.png 768w, https:\/\/pinosos.es\/wp-content\/uploads\/2025\/05\/Como-saber-mi-talla-de-zapatos-paso-4-550x550.png 550w, https:\/\/pinosos.es\/wp-content\/uploads\/2025\/05\/Como-saber-mi-talla-de-zapatos-paso-4.png 1000w\" sizes=\"(max-width: 169px) 100vw, 169px\" \/><br \/><\/a><\/p><p style=\"text-align: left;\">\u00a0<\/p><p style=\"text-align: left;\">\u00a0<\/p><p style=\"text-align: left;\">\u00a0<\/p><p style=\"text-align: left;\">\u00a0<\/p><p style=\"text-align: left;\">\u00a0<\/p><p style=\"text-align: left;\">\u00a0<\/p><p style=\"text-align: left;\">\u00a0<\/p><p style=\"text-align: left;\">4.<strong> Ajoutez 7 mm<\/strong> pour obtenir la longueur active du pied et <strong>consultez le tableau des pointures<\/strong>. La pointure \u00e0 choisir est la taille sup\u00e9rieure imm\u00e9diate. Par exemple, si le pied actif mesure 258 mm, choisissez la pointure 39.<\/p><p><a href=\"https:\/\/pinosos.es\/wp-content\/uploads\/2025\/05\/Como-saber-mi-talla-de-zapatos-paso-5-300x300.png\"><br \/><img loading=\"lazy\" decoding=\"async\" class=\"alignnone wp-image-29788\" src=\"https:\/\/pinosos.es\/wp-content\/uploads\/2025\/05\/Como-saber-mi-talla-de-zapatos-paso-5-300x300.png\" alt=\"\" width=\"169\" height=\"169\" srcset=\"https:\/\/pinosos.es\/wp-content\/uploads\/2025\/05\/Como-saber-mi-talla-de-zapatos-paso-5-300x300.png 300w, https:\/\/pinosos.es\/wp-content\/uploads\/2025\/05\/Como-saber-mi-talla-de-zapatos-paso-5-150x150.png 150w, https:\/\/pinosos.es\/wp-content\/uploads\/2025\/05\/Como-saber-mi-talla-de-zapatos-paso-5-768x768.png 768w, https:\/\/pinosos.es\/wp-content\/uploads\/2025\/05\/Como-saber-mi-talla-de-zapatos-paso-5-550x550.png 550w, https:\/\/pinosos.es\/wp-content\/uploads\/2025\/05\/Como-saber-mi-talla-de-zapatos-paso-5.png 1000w\" sizes=\"(max-width: 169px) 100vw, 169px\" \/><br \/><\/a><\/p><p>Cette m\u00e9thode mesure la <strong>longueur<\/strong>, mais pas la <strong>largeur<\/strong>. La plupart des chaussures se r\u00e9tr\u00e9cissent \u00e0 l\u2019avant ; le cas le plus extr\u00eame est celui des mod\u00e8les f\u00e9minins \u00e0 bout pointu. Si vous avez les <strong>pieds larges<\/strong>, il se peut que vous deviez prendre une pointure au-dessus, car le r\u00e9tr\u00e9cissement de la chaussure limitera l\u2019utilisation de toute la longueur.<\/p><table><thead><tr><th><h4>Mesure longitudinale du pied (mm)<\/h4><\/th><th><h4>Pointure<\/h4><\/th><\/tr><\/thead><tbody><tr><td>233,33<\/td><td>35<\/td><\/tr><tr><td>240<\/td><td>36<\/td><\/tr><tr><td>246,66<\/td><td>37<\/td><\/tr><tr><td>253,33<\/td><td>38<\/td><\/tr><tr><td>260<\/td><td>39<\/td><\/tr><tr><td>266,66<\/td><td>40<\/td><\/tr><tr><td>273,33<\/td><td>41<\/td><\/tr><tr><td>280<\/td><td>42<\/td><\/tr><tr><td>286,66<\/td><td>43<\/td><\/tr><tr><td>293,33<\/td><td>44<\/td><\/tr><tr><td>300<\/td><td>45<\/td><\/tr><tr><td>306,66<\/td><td>46<\/td><\/tr><\/tbody><\/table><h4>\u00a0<\/h4><h4>COMMENT MESURER LA LARGEUR DU PIED<\/h4><p>Pour mesurer la largeur (tour) de votre pied, vous aurez besoin d\u2019un m\u00e8tre ruban flexible (tissu ou plastique) ou, si vous n\u2019en avez pas, d\u2019un fil et d\u2019une r\u00e8gle. Ensuite, suivez ces \u00e9tapes :<\/p><p><strong>1. Identifiez la partie la plus large<\/strong> de votre pied, g\u00e9n\u00e9ralement \u00e0 l\u2019avant, l\u00e0 o\u00f9 commencent les orteils (les m\u00e9tatarses).<\/p><p><strong>2. Entourez cette zone avec le m\u00e8tre ruban<\/strong> sans serrer trop fort (si vous utilisez un fil, marquez le point de rencontre puis mesurez le fil avec la r\u00e8gle).<\/p><p><strong>3. Notez la mesure<\/strong> en centim\u00e8tres et, pour plus de pr\u00e9cision, multipliez par 10 pour convertir en millim\u00e8tres.<\/p><p><strong>4. R\u00e9p\u00e9tez sur l\u2019autre pied<\/strong> et retenez la valeur la plus \u00e9lev\u00e9e, car les deux pieds peuvent diff\u00e9rer l\u00e9g\u00e8rement.<\/p><p><a href=\"https:\/\/pinosos.es\/wp-content\/uploads\/2021\/04\/Como-medir-ancho-del-pie-contorno.png\"><br \/><img loading=\"lazy\" decoding=\"async\" class=\"alignnone wp-image-29567\" src=\"https:\/\/pinosos.es\/wp-content\/uploads\/2021\/04\/Como-medir-ancho-del-pie-contorno-300x300.png\" alt=\"\" width=\"169\" height=\"169\" srcset=\"https:\/\/pinosos.es\/wp-content\/uploads\/2021\/04\/Como-medir-ancho-del-pie-contorno-300x300.png 300w, https:\/\/pinosos.es\/wp-content\/uploads\/2021\/04\/Como-medir-ancho-del-pie-contorno-150x150.png 150w, https:\/\/pinosos.es\/wp-content\/uploads\/2021\/04\/Como-medir-ancho-del-pie-contorno-768x768.png 768w, https:\/\/pinosos.es\/wp-content\/uploads\/2021\/04\/Como-medir-ancho-del-pie-contorno-550x550.png 550w, https:\/\/pinosos.es\/wp-content\/uploads\/2021\/04\/Como-medir-ancho-del-pie-contorno.png 1024w\" sizes=\"(max-width: 169px) 100vw, 169px\" \/><br \/><\/a><\/p><p>La <strong>largeur de la chaussure<\/strong> d\u00e9pend de la forme de la chaussure et du mod\u00e8le. Il est conseill\u00e9 de <strong>v\u00e9rifier la mesure de largeur dans la description de chaque mod\u00e8le<\/strong> ou de contacter le <strong>service client<\/strong> ; nous vous fournirons les mesures exactes pour que vous choisissiez la pointure la mieux adapt\u00e9e.<\/p><p>Trouvez les <strong><a href=\"https:\/\/pinosos.es\/fr\/boutique\/\">chaussures parfaites pour vos pieds ici<\/a><\/strong>.<\/p>\t\t\t\t\t\t\t\t<\/div>\n\t\t\t\t\t<\/div>\n\t\t\t\t<\/div>\n\t\t\t\t<\/div>\n\t\t","protected":false},"excerpt":{"rendered":"<p>Comment calculer votre pointure COMMENT MESURER LA LONGUEUR DU PIED Pour choisir la bonne pointure, vous devez mesurer vos pieds. Pour cela, vous aurez besoin d\u2019une feuille de papier, d\u2019un stylo ou crayon, d\u2019une r\u00e8gle et, si possible, des chaussettes que vous porterez avec ces&#8230;<\/p>\n","protected":false},"author":1,"featured_media":0,"parent":0,"menu_order":0,"comment_status":"closed","ping_status":"closed","template":"","meta":{"footnotes":""},"class_list":["post-24513","page","type-page","status-publish","hentry"],"_links":{"self":[{"href":"https:\/\/pinosos.es\/fr\/wp-json\/wp\/v2\/pages\/24513","targetHints":{"allow":["GET"]}}],"collection":[{"href":"https:\/\/pinosos.es\/fr\/wp-json\/wp\/v2\/pages"}],"about":[{"href":"https:\/\/pinosos.es\/fr\/wp-json\/wp\/v2\/types\/page"}],"author":[{"embeddable":true,"href":"https:\/\/pinosos.es\/fr\/wp-json\/wp\/v2\/users\/1"}],"replies":[{"embeddable":true,"href":"https:\/\/pinosos.es\/fr\/wp-json\/wp\/v2\/comments?post=24513"}],"version-history":[{"count":0,"href":"https:\/\/pinosos.es\/fr\/wp-json\/wp\/v2\/pages\/24513\/revisions"}],"wp:attachment":[{"href":"https:\/\/pinosos.es\/fr\/wp-json\/wp\/v2\/media?parent=24513"}],"curies":[{"name":"wp","href":"https:\/\/api.w.org\/{rel}","templated":true}]}}