{"id":24637,"date":"2024-10-15T11:27:19","date_gmt":"2024-10-15T09:27:19","guid":{"rendered":"https:\/\/pinosos.es\/a-propos-de-pinosos\/"},"modified":"2024-10-26T09:43:15","modified_gmt":"2024-10-26T07:43:15","slug":"a-propos-de-pinosos","status":"publish","type":"page","link":"https:\/\/pinosos.es\/fr\/a-propos-de-pinosos\/","title":{"rendered":"\u00c0 propos de Pinoso&rsquo;s"},"content":{"rendered":"\t\t<div data-elementor-type=\"wp-page\" data-elementor-id=\"24637\" class=\"elementor elementor-24637 elementor-156\" data-elementor-post-type=\"page\">\n\t\t\t\t\t\t<section class=\"elementor-section elementor-top-section elementor-element elementor-element-e73a3bd elementor-section-full_width qode_elementor_container_inner elementor-section-height-default elementor-section-height-default parallax_section_no qode-content-aligment-left\" data-id=\"e73a3bd\" data-element_type=\"section\" data-e-type=\"section\">\n\t\t\t\t\t\t<div class=\"elementor-container elementor-column-gap-default\">\n\t\t\t\t\t<div class=\"elementor-column elementor-col-50 elementor-top-column elementor-element elementor-element-fbbc77b\" data-id=\"fbbc77b\" data-element_type=\"column\" data-e-type=\"column\">\n\t\t\t<div class=\"elementor-widget-wrap elementor-element-populated\">\n\t\t\t\t\t\t<div class=\"elementor-element elementor-element-057164e elementor-widget elementor-widget-text-editor\" data-id=\"057164e\" data-element_type=\"widget\" data-e-type=\"widget\" data-widget_type=\"text-editor.default\">\n\t\t\t\t\t\t\t\t\t<h3>Artisans cordonniers<\/h3>\n\t\t\t\t\t\t\t\t<\/div>\n\t\t\t\t<div class=\"elementor-element elementor-element-2d5c70b elementor-blockquote--skin-quotation elementor-widget elementor-widget-blockquote\" data-id=\"2d5c70b\" data-element_type=\"widget\" data-e-type=\"widget\" data-widget_type=\"blockquote.default\">\n\t\t\t\t\t\t\t<blockquote class=\"elementor-blockquote\">\n\t\t\t<p class=\"elementor-blockquote__content\">\n\t\t\t\tCe n'est pas seulement une chaussure, c'est quelque chose de plus. C'est un instrument qui permet d'aller de l'avant, d'avancer dans son destin, de laisser sa marque partout o\u00f9 l'on va.\t\t\t<\/p>\n\t\t\t\t\t\t\t<div class=\"e-q-footer\">\n\t\t\t\t\t\t\t\t\t\t\t<cite class=\"elementor-blockquote__author\">Juan P\u00e9rez<\/cite>\n\t\t\t\t\t\t\t\t\t\t\t\t\t\t<\/div>\n\t\t\t\t\t<\/blockquote>\n\t\t\t\t\t\t<\/div>\n\t\t\t\t<div class=\"elementor-element elementor-element-b0594cd elementor-absolute elementor-widget elementor-widget-image\" data-id=\"b0594cd\" data-element_type=\"widget\" data-e-type=\"widget\" data-settings=\"{&quot;_position&quot;:&quot;absolute&quot;}\" data-widget_type=\"image.default\">\n\t\t\t\t\t\t\t\t\t\t\t\t\t\t\t<img fetchpriority=\"high\" decoding=\"async\" width=\"1000\" height=\"1000\" src=\"https:\/\/pinosos.es\/wp-content\/uploads\/2021\/04\/5487-NEGRO-4.jpg\" class=\"attachment-full size-full wp-image-23392 wvs-archive-product-image\" alt=\"\" srcset=\"https:\/\/pinosos.es\/wp-content\/uploads\/2021\/04\/5487-NEGRO-4.jpg 1000w, https:\/\/pinosos.es\/wp-content\/uploads\/2021\/04\/5487-NEGRO-4-450x450.jpg 450w, https:\/\/pinosos.es\/wp-content\/uploads\/2021\/04\/5487-NEGRO-4-100x100.jpg 100w, https:\/\/pinosos.es\/wp-content\/uploads\/2021\/04\/5487-NEGRO-4-650x650.jpg 650w, https:\/\/pinosos.es\/wp-content\/uploads\/2021\/04\/5487-NEGRO-4-300x300.jpg 300w, https:\/\/pinosos.es\/wp-content\/uploads\/2021\/04\/5487-NEGRO-4-150x150.jpg 150w, https:\/\/pinosos.es\/wp-content\/uploads\/2021\/04\/5487-NEGRO-4-768x768.jpg 768w, https:\/\/pinosos.es\/wp-content\/uploads\/2021\/04\/5487-NEGRO-4-900x900.jpg 900w\" sizes=\"(max-width: 1000px) 100vw, 1000px\" \/>\t\t\t\t\t\t\t\t\t\t\t\t\t\t\t<\/div>\n\t\t\t\t\t<\/div>\n\t\t<\/div>\n\t\t\t\t<div class=\"elementor-column elementor-col-50 elementor-top-column elementor-element elementor-element-27d6ccf\" data-id=\"27d6ccf\" data-element_type=\"column\" data-e-type=\"column\">\n\t\t\t<div class=\"elementor-widget-wrap elementor-element-populated\">\n\t\t\t\t\t\t<div class=\"elementor-element elementor-element-be42244 elementor-widget__width-initial elementor-widget elementor-widget-image\" data-id=\"be42244\" data-element_type=\"widget\" data-e-type=\"widget\" data-widget_type=\"image.default\">\n\t\t\t\t\t\t\t\t\t\t\t\t\t\t\t<img decoding=\"async\" width=\"831\" height=\"813\" src=\"https:\/\/pinosos.es\/wp-content\/uploads\/2024\/02\/Diseno-sin-titulo35.jpg\" class=\"attachment-full size-full wp-image-24638 wvs-archive-product-image\" alt=\"\" srcset=\"https:\/\/pinosos.es\/wp-content\/uploads\/2024\/02\/Diseno-sin-titulo35.jpg 831w, https:\/\/pinosos.es\/wp-content\/uploads\/2024\/02\/Diseno-sin-titulo35-650x636.jpg 650w, https:\/\/pinosos.es\/wp-content\/uploads\/2024\/02\/Diseno-sin-titulo35-300x294.jpg 300w, https:\/\/pinosos.es\/wp-content\/uploads\/2024\/02\/Diseno-sin-titulo35-768x751.jpg 768w, https:\/\/pinosos.es\/wp-content\/uploads\/2024\/02\/Diseno-sin-titulo35-700x685.jpg 700w, https:\/\/pinosos.es\/wp-content\/uploads\/2024\/02\/Diseno-sin-titulo35-50x50.jpg 50w\" sizes=\"(max-width: 831px) 100vw, 831px\" \/>\t\t\t\t\t\t\t\t\t\t\t\t\t\t\t<\/div>\n\t\t\t\t\t<\/div>\n\t\t<\/div>\n\t\t\t\t\t<\/div>\n\t\t<\/section>\n\t\t\t\t<section class=\"elementor-section elementor-top-section elementor-element elementor-element-2acd89e elementor-section-full_width elementor-section-height-default elementor-section-height-default parallax_section_no qode_elementor_container_no qode-content-aligment-left\" data-id=\"2acd89e\" data-element_type=\"section\" data-e-type=\"section\">\n\t\t\t\t\t\t<div class=\"elementor-container elementor-column-gap-no\">\n\t\t\t\t\t<div class=\"elementor-column elementor-col-50 elementor-top-column elementor-element elementor-element-c8a1879\" data-id=\"c8a1879\" data-element_type=\"column\" data-e-type=\"column\">\n\t\t\t<div class=\"elementor-widget-wrap elementor-element-populated\">\n\t\t\t\t\t\t<div class=\"elementor-element elementor-element-f712834 elementor-widget elementor-widget-video\" data-id=\"f712834\" data-element_type=\"widget\" data-e-type=\"widget\" data-settings=\"{&quot;youtube_url&quot;:&quot;https:\\\/\\\/www.youtube.com\\\/watch?v=sfh1d3dixgQ&amp;t&quot;,&quot;show_image_overlay&quot;:&quot;yes&quot;,&quot;image_overlay&quot;:{&quot;url&quot;:&quot;https:\\\/\\\/pinosos.es\\\/wp-content\\\/uploads\\\/2021\\\/04\\\/artesano-zapatos.jpg&quot;,&quot;id&quot;:6889,&quot;size&quot;:&quot;&quot;,&quot;alt&quot;:&quot;Artesano zapatero&quot;,&quot;source&quot;:&quot;library&quot;},&quot;video_type&quot;:&quot;youtube&quot;}\" data-widget_type=\"video.default\">\n\t\t\t\t\t\t\t<div class=\"elementor-wrapper elementor-open-inline\">\n\t\t\t<div class=\"elementor-video\"><\/div>\t\t\t\t<div class=\"elementor-custom-embed-image-overlay\" style=\"background-image: url(https:\/\/pinosos.es\/wp-content\/uploads\/2021\/04\/artesano-zapatos.jpg);\">\n\t\t\t\t\t\t\t\t\t\t\t\t\t\t\t\t<div class=\"elementor-custom-embed-play\" role=\"button\" aria-label=\"Lire la vid\u00e9o sur Artesano zapatero\" tabindex=\"0\">\n\t\t\t\t\t\t\t<svg aria-hidden=\"true\" class=\"e-font-icon-svg e-eicon-play\" viewBox=\"0 0 1000 1000\" xmlns=\"http:\/\/www.w3.org\/2000\/svg\"><path d=\"M838 162C746 71 633 25 500 25 371 25 258 71 163 162 71 254 25 367 25 500 25 633 71 746 163 837 254 929 367 979 500 979 633 979 746 933 838 837 929 746 975 633 975 500 975 367 929 254 838 162M808 192C892 279 933 379 933 500 933 621 892 725 808 808 725 892 621 938 500 938 379 938 279 896 196 808 113 725 67 621 67 500 67 379 108 279 196 192 279 108 383 62 500 62 621 62 721 108 808 192M438 392V642L642 517 438 392Z\"><\/path><\/svg>\t\t\t\t\t\t<\/div>\n\t\t\t\t\t\t\t\t\t<\/div>\n\t\t\t\t\t<\/div>\n\t\t\t\t\t\t<\/div>\n\t\t\t\t\t<\/div>\n\t\t<\/div>\n\t\t\t\t<div class=\"elementor-column elementor-col-50 elementor-top-column elementor-element elementor-element-b66d5d9\" data-id=\"b66d5d9\" data-element_type=\"column\" data-e-type=\"column\" data-settings=\"{&quot;background_background&quot;:&quot;classic&quot;}\">\n\t\t\t<div class=\"elementor-widget-wrap elementor-element-populated\">\n\t\t\t\t\t\t<div class=\"elementor-element elementor-element-9cfbd37 elementor-widget elementor-widget-text-editor\" data-id=\"9cfbd37\" data-element_type=\"widget\" data-e-type=\"widget\" data-widget_type=\"text-editor.default\">\n\t\t\t\t\t\t\t\t\t<h3><span style=\"color: #a72924;\">Depuis 1979<\/span> &#8211;  Fabricants de chaussures en Espagne<\/h3>\n\t\t\t\t\t\t\t\t<\/div>\n\t\t\t\t<div class=\"elementor-element elementor-element-e688e34 elementor-widget elementor-widget-text-editor\" data-id=\"e688e34\" data-element_type=\"widget\" data-e-type=\"widget\" data-widget_type=\"text-editor.default\">\n\t\t\t\t\t\t\t\t\t<p>Fond\u00e9e en 1979, Pinoso Sportshoes est devenue l&rsquo;une des entreprises les plus importantes et les plus consolid\u00e9es du secteur de la chaussure en Espagne.<\/p>\n<p>Depuis plus de quatre d\u00e9cennies, nous nous consacrons \u00e0 la fabrication de kiowas pour hommes, femmes et enfants. Au fil des ans, nous avons introduit d&rsquo;autres vari\u00e9t\u00e9s telles que la fabrication de chaussures confortables et adaptables \u00e0 tous les types de pieds, en utilisant le meilleur cuir d&rsquo;agneau pour obtenir les chaussures les plus confortables du march\u00e9, cr\u00e9\u00e9es pour le bien-\u00eatre et la sant\u00e9 de vos pieds.<\/p>\n\t\t\t\t\t\t\t\t<\/div>\n\t\t\t\t\t<\/div>\n\t\t<\/div>\n\t\t\t\t\t<\/div>\n\t\t<\/section>\n\t\t\t\t<section class=\"elementor-section elementor-top-section elementor-element elementor-element-e5dc295 elementor-section-full_width elementor-section-height-default elementor-section-height-default parallax_section_no qode_elementor_container_no qode-content-aligment-left\" data-id=\"e5dc295\" data-element_type=\"section\" data-e-type=\"section\">\n\t\t\t\t\t\t<div class=\"elementor-container elementor-column-gap-no\">\n\t\t\t\t\t<div class=\"elementor-column elementor-col-100 elementor-top-column elementor-element elementor-element-c1b61da\" data-id=\"c1b61da\" data-element_type=\"column\" data-e-type=\"column\">\n\t\t\t<div class=\"elementor-widget-wrap elementor-element-populated\">\n\t\t\t\t\t\t<div class=\"elementor-element elementor-element-9a803cc elementor-widget__width-initial elementor-widget elementor-widget-text-editor\" data-id=\"9a803cc\" data-element_type=\"widget\" data-e-type=\"widget\" data-widget_type=\"text-editor.default\">\n\t\t\t\t\t\t\t\t\t<h2 style=\"text-align: center;\">Nos marques<\/h2>\n\t\t\t\t\t\t\t\t<\/div>\n\t\t\t\t\t<\/div>\n\t\t<\/div>\n\t\t\t\t\t<\/div>\n\t\t<\/section>\n\t\t<div class=\"elementor-element elementor-element-3d97b49 e-con-full e-flex e-con e-parent\" data-id=\"3d97b49\" data-element_type=\"container\" data-e-type=\"container\">\n\t\t<div class=\"elementor-element elementor-element-fe38eeb e-con-full e-flex e-con e-child\" data-id=\"fe38eeb\" data-element_type=\"container\" data-e-type=\"container\">\n\t\t\t\t<div class=\"elementor-element elementor-element-5b54e4f elementor-widget__width-initial elementor-position-top elementor-widget elementor-widget-image-box\" data-id=\"5b54e4f\" data-element_type=\"widget\" data-e-type=\"widget\" data-widget_type=\"image-box.default\">\n\t\t\t\t\t<div class=\"elementor-image-box-wrapper\"><figure class=\"elementor-image-box-img\"><a href=\"\/fr\/boutique\/\" tabindex=\"-1\"><img decoding=\"async\" width=\"300\" height=\"149\" src=\"https:\/\/pinosos.es\/wp-content\/uploads\/2021\/04\/logo-pinosos1.png\" class=\"attachment-full size-full wp-image-7099 wvs-archive-product-image\" alt=\"Pinoso&#039;s\" srcset=\"https:\/\/pinosos.es\/wp-content\/uploads\/2021\/04\/logo-pinosos1.png 300w, https:\/\/pinosos.es\/wp-content\/uploads\/2021\/04\/logo-pinosos1-150x75.png 150w\" sizes=\"(max-width: 300px) 100vw, 300px\" \/><\/a><\/figure><div class=\"elementor-image-box-content\"><p class=\"elementor-image-box-description\">Notre ligne de <b>chaussures Pinoso's<\/b>, est une ligne artisanale avec des dessins faits \u00e0 la main et une large gamme de mod\u00e8les. Elle a \u00e9t\u00e9 cr\u00e9\u00e9e pour que vos pieds puissent supporter de longues journ\u00e9es de marche et \u00e9viter la fatigue apr\u00e8s avoir parcouru plusieurs kilom\u00e8tres.  <br><br><i><b>Commencez \u00e0 profiter des avantages de la marche comme si vos pieds et vos chaussures ne faisaient qu'un.<\/i><\/b><\/p><\/div><\/div>\t\t\t\t<\/div>\n\t\t\t\t<\/div>\n\t\t<div class=\"elementor-element elementor-element-6891f6a e-con-full e-flex e-con e-child\" data-id=\"6891f6a\" data-element_type=\"container\" data-e-type=\"container\">\n\t\t\t\t<div class=\"elementor-element elementor-element-0684e10 elementor-widget__width-initial elementor-position-top elementor-widget elementor-widget-image-box\" data-id=\"0684e10\" data-element_type=\"widget\" data-e-type=\"widget\" data-widget_type=\"image-box.default\">\n\t\t\t\t\t<div class=\"elementor-image-box-wrapper\"><figure class=\"elementor-image-box-img\"><a href=\"\/fr\/boutique\/\" tabindex=\"-1\"><img loading=\"lazy\" decoding=\"async\" width=\"300\" height=\"149\" src=\"https:\/\/pinosos.es\/wp-content\/uploads\/2021\/04\/logo-pinosos-diabetico.png\" class=\"attachment-full size-full wp-image-7102 wvs-archive-product-image\" alt=\"Pinoso\u2019s Diab\u00e9tico\" srcset=\"https:\/\/pinosos.es\/wp-content\/uploads\/2021\/04\/logo-pinosos-diabetico.png 300w, https:\/\/pinosos.es\/wp-content\/uploads\/2021\/04\/logo-pinosos-diabetico-150x75.png 150w\" sizes=\"(max-width: 300px) 100vw, 300px\" \/><\/a><\/figure><div class=\"elementor-image-box-content\"><p class=\"elementor-image-box-description\">Chez <b>Pinoso's Diabetic line <\/b>nous nous engageons tout particuli\u00e8rement \u00e0 prendre soin de l'une des parties les plus sensibles de votre corps, vos pieds. C'est pourquoi nous travaillons sur la pr\u00e9vention afin d'\u00e9viter les complications et les g\u00eanes inutiles. Ce type de chaussures est soigneusement con\u00e7u pour le repos dont vos pieds ont besoin et nous fabriquons \u00e9galement diff\u00e9rentes largeurs adapt\u00e9es \u00e0 vos besoins.<\/p><\/div><\/div>\t\t\t\t<\/div>\n\t\t\t\t<\/div>\n\t\t<div class=\"elementor-element elementor-element-040f658 e-con-full e-flex e-con e-child\" data-id=\"040f658\" data-element_type=\"container\" data-e-type=\"container\">\n\t\t\t\t<div class=\"elementor-element elementor-element-fccf833 elementor-widget__width-initial elementor-position-top elementor-widget elementor-widget-image-box\" data-id=\"fccf833\" data-element_type=\"widget\" data-e-type=\"widget\" data-widget_type=\"image-box.default\">\n\t\t\t\t\t<div class=\"elementor-image-box-wrapper\"><figure class=\"elementor-image-box-img\"><a href=\"\/fr\/boutique\/\" tabindex=\"-1\"><img loading=\"lazy\" decoding=\"async\" width=\"300\" height=\"149\" src=\"https:\/\/pinosos.es\/wp-content\/uploads\/2021\/04\/logo-footcare.png\" class=\"attachment-full size-full wp-image-7105 wvs-archive-product-image\" alt=\"Footcare\" srcset=\"https:\/\/pinosos.es\/wp-content\/uploads\/2021\/04\/logo-footcare.png 300w, https:\/\/pinosos.es\/wp-content\/uploads\/2021\/04\/logo-footcare-150x75.png 150w\" sizes=\"(max-width: 300px) 100vw, 300px\" \/><\/a><\/figure><div class=\"elementor-image-box-content\"><p class=\"elementor-image-box-description\"><i>Fermez les yeux et imaginez vos pieds marchant sur le sable...<\/i><br><br>Puis commencez \u00e0 croire que c'est possible et faites-vous plaisir en marchant. D\u00e9couvrez notre ligne Footcare et commencez \u00e0 profiter de notre large gamme de mod\u00e8les, de largeurs et de couleurs, tous con\u00e7us pour apporter un confort particulier \u00e0 vos pieds.<\/p><\/div><\/div>\t\t\t\t<\/div>\n\t\t\t\t<\/div>\n\t\t<div class=\"elementor-element elementor-element-f332dcb e-con-full e-flex e-con e-child\" data-id=\"f332dcb\" data-element_type=\"container\" data-e-type=\"container\">\n\t\t\t\t<div class=\"elementor-element elementor-element-dd0dc8e elementor-widget__width-initial elementor-position-top elementor-widget elementor-widget-image-box\" data-id=\"dd0dc8e\" data-element_type=\"widget\" data-e-type=\"widget\" data-widget_type=\"image-box.default\">\n\t\t\t\t\t<div class=\"elementor-image-box-wrapper\"><figure class=\"elementor-image-box-img\"><a href=\"\/fr\/boutique\/\" tabindex=\"-1\"><img loading=\"lazy\" decoding=\"async\" width=\"300\" height=\"149\" src=\"https:\/\/pinosos.es\/wp-content\/uploads\/2021\/04\/logo-comode.png\" class=\"attachment-full size-full wp-image-7108 wvs-archive-product-image\" alt=\"Comode by Pinoso&#039;s\" srcset=\"https:\/\/pinosos.es\/wp-content\/uploads\/2021\/04\/logo-comode.png 300w, https:\/\/pinosos.es\/wp-content\/uploads\/2021\/04\/logo-comode-150x75.png 150w\" sizes=\"(max-width: 300px) 100vw, 300px\" \/><\/a><\/figure><div class=\"elementor-image-box-content\"><p class=\"elementor-image-box-description\">La ligne de chaussures  <b>Comode By Pinoso\u2019s<\/b> est con\u00e7ue sp\u00e9cialement pour ceux qui ont des difficult\u00e9s \u00e0 trouver des chaussures qui ont l'espace parfait pour incorporer leurs semelles int\u00e9rieures tout en ayant des chaussures de marque.<br><br><i><b>Comode By Pinoso\u2019s allie design, fra\u00eecheur et confort \u00e0 100 %.<\/i><\/b><\/p><\/div><\/div>\t\t\t\t<\/div>\n\t\t\t\t<\/div>\n\t\t\t\t<\/div>\n\t\t\t\t<\/div>\n\t\t","protected":false},"excerpt":{"rendered":"<p>Artisans cordonniers Ce n&rsquo;est pas seulement une chaussure, c&rsquo;est quelque chose de plus. C&rsquo;est un instrument qui permet d&rsquo;aller de l&rsquo;avant, d&rsquo;avancer dans son destin, de laisser sa marque partout o\u00f9 l&rsquo;on va. Juan P\u00e9rez https:\/\/www.youtube.com\/watch?v=sfh1d3dixgQ&#038;t Depuis 1979 &#8211; Fabricants de chaussures en Espagne Fond\u00e9e&#8230;<\/p>\n","protected":false},"author":2,"featured_media":0,"parent":0,"menu_order":0,"comment_status":"closed","ping_status":"closed","template":"full_width.php","meta":{"footnotes":""},"class_list":["post-24637","page","type-page","status-publish","hentry"],"_links":{"self":[{"href":"https:\/\/pinosos.es\/fr\/wp-json\/wp\/v2\/pages\/24637","targetHints":{"allow":["GET"]}}],"collection":[{"href":"https:\/\/pinosos.es\/fr\/wp-json\/wp\/v2\/pages"}],"about":[{"href":"https:\/\/pinosos.es\/fr\/wp-json\/wp\/v2\/types\/page"}],"author":[{"embeddable":true,"href":"https:\/\/pinosos.es\/fr\/wp-json\/wp\/v2\/users\/2"}],"replies":[{"embeddable":true,"href":"https:\/\/pinosos.es\/fr\/wp-json\/wp\/v2\/comments?post=24637"}],"version-history":[{"count":0,"href":"https:\/\/pinosos.es\/fr\/wp-json\/wp\/v2\/pages\/24637\/revisions"}],"wp:attachment":[{"href":"https:\/\/pinosos.es\/fr\/wp-json\/wp\/v2\/media?parent=24637"}],"curies":[{"name":"wp","href":"https:\/\/api.w.org\/{rel}","templated":true}]}}