{"id":24653,"date":"2024-10-15T11:56:04","date_gmt":"2024-10-15T09:56:04","guid":{"rendered":"https:\/\/pinosos.es\/politique-en-matiere-de-cookies\/"},"modified":"2025-02-18T15:50:00","modified_gmt":"2025-02-18T14:50:00","slug":"politique-en-matiere-de-cookies","status":"publish","type":"page","link":"https:\/\/pinosos.es\/fr\/politique-en-matiere-de-cookies\/","title":{"rendered":"Politique en mati\u00e8re de cookies"},"content":{"rendered":"\t\t<div data-elementor-type=\"wp-page\" data-elementor-id=\"24653\" class=\"elementor elementor-24653 elementor-7164\" data-elementor-post-type=\"page\">\n\t\t\t\t<div class=\"elementor-element elementor-element-30689b89 e-flex e-con-boxed e-con e-parent\" data-id=\"30689b89\" data-element_type=\"container\" data-e-type=\"container\">\n\t\t\t\t\t<div class=\"e-con-inner\">\n\t\t\t\t<div class=\"elementor-element elementor-element-63accbc0 elementor-widget elementor-widget-text-editor\" data-id=\"63accbc0\" data-element_type=\"widget\" data-e-type=\"widget\" data-widget_type=\"text-editor.default\">\n\t\t\t\t\t\t\t\t\t<h3>Qu&rsquo;est-ce que les cookies ?<\/h3>\n<p>Ce site web utilise des cookies et\/ou des technologies similaires qui stockent et r\u00e9cup\u00e8rent des informations lorsque vous naviguez. En g\u00e9n\u00e9ral, ces technologies peuvent servir \u00e0 diverses fins, telles que vous reconna\u00eetre en tant qu&rsquo;utilisateur, obtenir des informations sur vos habitudes de navigation ou personnaliser l&rsquo;affichage du contenu. Les utilisations sp\u00e9cifiques que nous faisons de ces technologies sont d\u00e9crites ci-dessous.<\/p>\n<h3>\u00c0 quoi ce site web utilise-t-il des cookies et lesquels ?<\/h3>\n<h4>Ce site web utilise des cookies \u00e0 plusieurs fins, y compris :<\/h4>\n<p><span style=\"text-decoration: underline;\"><strong>-Analyse :<\/strong><\/span> Ce sont des cookies qui, soit trait\u00e9s par nous, soit par des tiers, nous permettent de quantifier le nombre d&rsquo;utilisateurs et ainsi de r\u00e9aliser des mesures et des analyses statistiques sur l&rsquo;utilisation que les utilisateurs font du service. Pour ce faire, nous analysons leur navigation sur notre site web afin d&rsquo;am\u00e9liorer l&rsquo;exp\u00e9rience utilisateur.<\/p>\n<p><span style=\"text-decoration: underline;\"><strong>-Publicit\u00e9 comportementale :<\/strong><\/span> Ce sont des cookies qui, soit trait\u00e9s par nous, soit par des tiers, nous permettent d&rsquo;analyser les habitudes de navigation des utilisateurs sur Internet afin de leur afficher des publicit\u00e9s li\u00e9es \u00e0 leur profil de navigation.<\/p>\n<p>L&rsquo;identification de qui utilise les cookies de ce site web, ainsi que leurs d\u00e9tails, sont indiqu\u00e9es ci-dessous :<\/p>\n<p><strong>Entit\u00e9<\/strong> : Google Analytics &#8211; Type : Tiers &#8211; <strong>But<\/strong> : Collecter des informations sur la navigation des utilisateurs sur le site web afin de conna\u00eetre l&rsquo;origine des visites et d&rsquo;autres donn\u00e9es statistiques similaires, ainsi que, le cas \u00e9ch\u00e9ant, afficher des publicit\u00e9s li\u00e9es \u00e0 leurs pr\u00e9f\u00e9rences en fonction d&rsquo;un profil \u00e9labor\u00e9 \u00e0 partir de leurs habitudes de navigation (par exemple, les pages visit\u00e9es). <strong>&#8211; Plus d&rsquo;informations<\/strong> : <a href=\"https:\/\/developers.google.com\/analytics\/devguides\/collection\/analyticsjs\/cookie-usage\"><strong>1. Google Analytics<\/strong><\/a>, <a href=\"https:\/\/policies.google.com\/technologies\/types?hl=fr\"><strong>2. Centre de confidentialit\u00e9 Google<\/strong><\/a><\/p>\n<p>Remarque : Les cookies \u00ab propres \u00bb sont utilis\u00e9s uniquement par le propri\u00e9taire de ce site web, tandis que les cookies \u00ab tiers \u00bb sont utilis\u00e9s par le prestataire de service d\u00e9taill\u00e9 dans le tableau ci-dessus.<\/p>\n<p>Vous pouvez vous informer sur les transferts vers des pays tiers effectu\u00e9s par les tiers identifi\u00e9s dans cette politique de cookies dans leurs politiques respectives (voir les liens fournis dans la section \u00ab Plus d&rsquo;informations \u00bb du tableau ci-dessus).<\/p>\n<h3>Comment puis-je d\u00e9sactiver ou supprimer ces cookies ?<\/h3>\n<p>Vous pouvez autoriser ou bloquer les cookies, ainsi que supprimer vos donn\u00e9es de navigation (y compris les cookies), depuis le navigateur que vous utilisez. Consultez les options et les instructions fournies par votre navigateur \u00e0 cet effet. Gardez \u00e0 l&rsquo;esprit que si vous acceptez les cookies de tiers, vous devrez les supprimer depuis les options du navigateur ou depuis le syst\u00e8me fourni par le tiers lui-m\u00eame.<\/p>\n<p>Ci-dessous, vous trouverez des liens vers des informations sur la gestion des cookies dans les navigateurs les plus utilis\u00e9s :<\/p>\n<h4>Firefox<\/h4>\n<p><a href=\"http:\/\/support.mozilla.org\/fr\/kb\/activer-et-desactiver-les-cookies-preferences-sites-web\">http:\/\/support.mozilla.org\/fr\/kb\/activer-et-desactiver-les-cookies-preferences-sites-web<\/a><\/p>\n<h4>Chrome<\/h4>\n<p><a href=\"http:\/\/support.google.com\/chrome\/bin\/answer.py?hl=fr&amp;answer=95647\">http:\/\/support.google.com\/chrome\/bin\/answer.py?hl=fr&amp;answer=95647<\/a><\/p>\n<h4>Internet Explorer<\/h4>\n<p><a href=\"https:\/\/support.microsoft.com\/fr-fr\/help\/278835\/how-to-delete-cookie-files-in-internet-explorer\">https:\/\/support.microsoft.com\/fr-fr\/help\/278835\/how-to-delete-cookie-files-in-internet-explorer<\/a><\/p>\n<h4>Microsoft Edge<\/h4>\n<p><a href=\"https:\/\/support.microsoft.com\/fr-fr\/help\/4027947\/microsoft-edge-delete-cookies\">https:\/\/support.microsoft.com\/fr-fr\/help\/4027947\/microsoft-edge-delete-cookies<\/a><\/p>\n<h4>Safari<\/h4>\n<p><a href=\"http:\/\/support.apple.com\/kb\/ph5042\">http:\/\/support.apple.com\/kb\/ph5042<\/a><\/p>\n<h4>Opera<\/h4>\n<p><a href=\"http:\/\/help.opera.com\/Windows\/11.50\/fr\/cookies.html\">http:\/\/help.opera.com\/Windows\/11.50\/fr\/cookies.html<\/a><\/p>\n<h4>Autres navigateurs<\/h4>\n<p>Consultez la documentation du navigateur que vous avez install\u00e9.<\/p>\n<p>Compl\u00e9ment de d\u00e9sactivation pour navigateurs Google Analytics<\/p>\n<p>Si vous souhaitez refuser les cookies analytiques de Google Analytics dans tous les navigateurs, de mani\u00e8re \u00e0 ce qu&rsquo;aucune information ne soit envoy\u00e9e \u00e0 Google Analytics, vous pouvez t\u00e9l\u00e9charger un compl\u00e9ment qui effectue cette fonction \u00e0 partir de ce lien : <a href=\"https:\/\/tools.google.com\/dlpage\/gaoptout\">https:\/\/tools.google.com\/dlpage\/gaoptout<\/a>.<\/p>\n<h3>Exercice des droits<\/h3>\n<p>Vous pouvez prendre connaissance de vos droits et les exercer en mati\u00e8re de protection des donn\u00e9es personnelles en acc\u00e9dant \u00e0 la Politique de confidentialit\u00e9 de ce site web.<\/p>\n\t\t\t\t\t\t\t\t<\/div>\n\t\t\t\t\t<\/div>\n\t\t\t\t<\/div>\n\t\t\t\t<\/div>\n\t\t","protected":false},"excerpt":{"rendered":"<p>Qu&rsquo;est-ce que les cookies ? Ce site web utilise des cookies et\/ou des technologies similaires qui stockent et r\u00e9cup\u00e8rent des informations lorsque vous naviguez. En g\u00e9n\u00e9ral, ces technologies peuvent servir \u00e0 diverses fins, telles que vous reconna\u00eetre en tant qu&rsquo;utilisateur, obtenir des informations sur vos&#8230;<\/p>\n","protected":false},"author":1,"featured_media":0,"parent":0,"menu_order":0,"comment_status":"closed","ping_status":"closed","template":"","meta":{"footnotes":""},"class_list":["post-24653","page","type-page","status-publish","hentry"],"_links":{"self":[{"href":"https:\/\/pinosos.es\/fr\/wp-json\/wp\/v2\/pages\/24653","targetHints":{"allow":["GET"]}}],"collection":[{"href":"https:\/\/pinosos.es\/fr\/wp-json\/wp\/v2\/pages"}],"about":[{"href":"https:\/\/pinosos.es\/fr\/wp-json\/wp\/v2\/types\/page"}],"author":[{"embeddable":true,"href":"https:\/\/pinosos.es\/fr\/wp-json\/wp\/v2\/users\/1"}],"replies":[{"embeddable":true,"href":"https:\/\/pinosos.es\/fr\/wp-json\/wp\/v2\/comments?post=24653"}],"version-history":[{"count":0,"href":"https:\/\/pinosos.es\/fr\/wp-json\/wp\/v2\/pages\/24653\/revisions"}],"wp:attachment":[{"href":"https:\/\/pinosos.es\/fr\/wp-json\/wp\/v2\/media?parent=24653"}],"curies":[{"name":"wp","href":"https:\/\/api.w.org\/{rel}","templated":true}]}}