{"id":27826,"date":"2025-02-26T12:40:20","date_gmt":"2025-02-26T11:40:20","guid":{"rendered":"https:\/\/pinosos.es\/avis-legal\/"},"modified":"2025-02-26T12:40:31","modified_gmt":"2025-02-26T11:40:31","slug":"avis-legal","status":"publish","type":"page","link":"https:\/\/pinosos.es\/fr\/avis-legal\/","title":{"rendered":"Avis L\u00e9gal"},"content":{"rendered":"\t\t<div data-elementor-type=\"wp-page\" data-elementor-id=\"27826\" class=\"elementor elementor-27826 elementor-27815\" data-elementor-post-type=\"page\">\n\t\t\t\t<div class=\"elementor-element elementor-element-a8d36eb e-flex e-con-boxed e-con e-parent\" data-id=\"a8d36eb\" data-element_type=\"container\" data-e-type=\"container\">\n\t\t\t\t\t<div class=\"e-con-inner\">\n\t\t\t\t<div class=\"elementor-element elementor-element-64b71ef2 elementor-widget elementor-widget-text-editor\" data-id=\"64b71ef2\" data-element_type=\"widget\" data-e-type=\"widget\" data-widget_type=\"text-editor.default\">\n\t\t\t\t\t\t\t\t\t<p>1. OBJET<br>Cet avis juridique r\u00e9git l&rsquo;utilisation et l&rsquo;exploitation du site Web www.pinosos.es, propri\u00e9t\u00e9 de PINOSO SPORTSHOES, S.L. (ci-apr\u00e8s, LE PROPRI\u00c9TAIRE DU SITE WEB).<br>La navigation sur le site Web du PROPRI\u00c9TAIRE DU SITE WEB vous attribue la condition d&rsquo;UTILISATEUR de celui-ci et implique votre acceptation pleine et sans r\u00e9serve de chacune des conditions publi\u00e9es dans le pr\u00e9sent avis l\u00e9gal, avertissant que lesdites conditions peuvent \u00eatre modifi\u00e9es sans pr\u00e9avis par LE PROPRI\u00c9TAIRE DU SITE WEB, auquel cas elles seront publi\u00e9es et notifi\u00e9es le plus t\u00f4t possible.<br>Il est donc conseill\u00e9 de lire attentivement son contenu si vous souhaitez acc\u00e9der et utiliser les informations et services propos\u00e9s sur ce site.<br>L&rsquo;utilisateur s&rsquo;engage \u00e9galement \u00e0 faire un usage correct du site Web conform\u00e9ment \u00e0 la loi, \u00e0 la bonne foi, \u00e0 l&rsquo;ordre public, aux pratiques de circulation et au pr\u00e9sent avis juridique, et sera responsable envers LE PROPRI\u00c9TAIRE DU SITE WEB ou envers des tiers de tout dommage qui pourrait \u00eatre caus\u00e9 en raison du non-respect de cette obligation.<br>Toute utilisation autre que celle autoris\u00e9e est express\u00e9ment interdite, et LE PROPRI\u00c9TAIRE DU SITE WEB peut refuser ou retirer l&rsquo;acc\u00e8s et l&rsquo;utilisation \u00e0 tout moment.<br>2. IDENTIFICATION<br>LE PROPRI\u00c9TAIRE DU SITE WEB, conform\u00e9ment \u00e0 la loi 34\/2002, du 11 juillet, sur les services de la soci\u00e9t\u00e9 de l&rsquo;information et du commerce \u00e9lectronique, vous informe que :<br>\u2022 Sa d\u00e9nomination sociale est : PINOSO SPORTSHOES, S.L.<br>\u2022 Votre CIF est : B03242344<br>\u2022 Son si\u00e8ge social est situ\u00e9 \u00e0 : CALLE OCHO DE AGOSTO, 14 -Apdo. Bureau de poste, 28 -03650 -PINOSO -ALICANTE<br>3. COMMUNICATIONS<br>Pour communiquer avec nous, nous vous proposons diff\u00e9rents moyens de contact que nous d\u00e9taillons ci-dessous :<br>\u2022 Courriel: info@pinosos.es<br>Toutes les notifications et communications entre les utilisateurs et le PROPRI\u00c9TAIRE DU SITE WEB seront consid\u00e9r\u00e9es comme efficaces, \u00e0 toutes fins, lorsqu&rsquo;elles seront effectu\u00e9es par l&rsquo;un des moyens d\u00e9taill\u00e9s ci-dessus.<br>4. CONDITIONS D&rsquo;ACC\u00c8S ET D&rsquo;UTILISATION<br>Le site et ses services sont gratuits et ouverts au public. Toutefois, le PROPRI\u00c9TAIRE DU SITE WEB peut conditionner l&rsquo;utilisation de certains des services propos\u00e9s sur son site Web au remplissage pr\u00e9alable du formulaire correspondant.<br>L&rsquo;utilisateur garantit l&rsquo;authenticit\u00e9 et l&rsquo;actualit\u00e9 de toutes les donn\u00e9es communiqu\u00e9es au PROPRI\u00c9TAIRE DU SITE WEB et sera seul responsable de toute d\u00e9claration fausse ou inexacte effectu\u00e9e.<br>L&rsquo;utilisateur s&rsquo;engage express\u00e9ment \u00e0 faire un usage appropri\u00e9 des contenus et services du PROPRI\u00c9TAIRE DU SITE WEB et \u00e0 ne pas les utiliser pour, entre autres :<br>a) Diffuser des contenus criminels, violents, pornographiques, racistes, x\u00e9nophobes, offensants, faisant l\u2019apologie du terrorisme ou, en g\u00e9n\u00e9ral, contraires \u00e0 la loi ou \u00e0 l\u2019ordre public.<br>b) Introduire des virus informatiques dans le r\u00e9seau ou effectuer des actions susceptibles d&rsquo;alt\u00e9rer, d&rsquo;endommager, d&rsquo;interrompre ou de g\u00e9n\u00e9rer des erreurs ou des dommages aux documents \u00e9lectroniques, aux donn\u00e9es ou aux syst\u00e8mes physiques et logiques du PROPRI\u00c9TAIRE DU SITE WEB ou de tiers ; ainsi que d&rsquo;entraver l&rsquo;acc\u00e8s des autres utilisateurs au site Web et \u00e0 ses services par la consommation massive des ressources informatiques \u00e0 travers lesquelles le PROPRI\u00c9TAIRE DU SITE WEB fournit ses services.<br>c) Tenter d&rsquo;acc\u00e9der aux comptes de messagerie d&rsquo;autres utilisateurs ou aux zones restreintes des syst\u00e8mes informatiques du PROPRI\u00c9TAIRE DU SITE WEB ou de tiers et, le cas \u00e9ch\u00e9ant, extraire des informations.<br>d) Violer les droits de propri\u00e9t\u00e9 intellectuelle ou industrielle, ainsi que violer la confidentialit\u00e9 des informations du PROPRI\u00c9TAIRE DU SITE WEB ou de tiers.<br>e) Se faire passer pour un autre utilisateur.<br>f) Reproduire, copier, distribuer, mettre \u00e0 disposition ou communiquer publiquement, transformer ou modifier de toute autre mani\u00e8re le contenu, sauf si vous disposez de l&rsquo;autorisation du titulaire des droits correspondants ou si cela est l\u00e9galement autoris\u00e9.<br>g) Collecter des donn\u00e9es \u00e0 des fins publicitaires et envoyer de la publicit\u00e9 de toute nature et des communications \u00e0 des fins de vente ou \u00e0 d&rsquo;autres fins commerciales sans votre demande ou consentement pr\u00e9alable.<br>Tout le contenu du site Web, tel que les textes, photographies, graphiques, images, ic\u00f4nes, technologie, logiciels, ainsi que sa conception graphique et ses codes sources, constituent une \u0153uvre dont la propri\u00e9t\u00e9 appartient au PROPRI\u00c9TAIRE DU SITE WEB, sans qu&rsquo;aucun des droits d&rsquo;exploitation sur eux ne soit cens\u00e9 \u00eatre transf\u00e9r\u00e9 \u00e0 l&rsquo;utilisateur au-del\u00e0 de ce qui est strictement n\u00e9cessaire \u00e0 l&rsquo;utilisation correcte du site Web.<br>En bref, les utilisateurs qui acc\u00e8dent \u00e0 ce site Web peuvent visualiser le contenu et, le cas \u00e9ch\u00e9ant, r\u00e9aliser des copies priv\u00e9es autoris\u00e9es \u00e0 condition que les \u00e9l\u00e9ments reproduits ne soient pas ult\u00e9rieurement c\u00e9d\u00e9s \u00e0 des tiers, ni install\u00e9s sur des serveurs connect\u00e9s \u00e0 des r\u00e9seaux, ni soumis \u00e0 aucun type d&rsquo;exploitation.<br>De m\u00eame, toutes les marques, noms commerciaux ou signes distinctifs de toute nature qui apparaissent sur le site Web sont la propri\u00e9t\u00e9 du PROPRI\u00c9TAIRE DU SITE WEB, et il ne peut \u00eatre entendu que l&rsquo;utilisation ou l&rsquo;acc\u00e8s \u00e0 ceux-ci conf\u00e8re \u00e0 l&rsquo;utilisateur un quelconque droit sur eux.<br>La distribution, la modification, la cession ou la communication publique des contenus et tout autre acte qui n&rsquo;a pas \u00e9t\u00e9 express\u00e9ment autoris\u00e9 par le titulaire des droits d&rsquo;exploitation sont interdits.<br>L&rsquo;\u00e9tablissement d&rsquo;un hyperlien n&rsquo;implique en aucun cas l&rsquo;existence de relations entre le PROPRI\u00c9TAIRE DU SITE WEB et le propri\u00e9taire du site Web sur lequel il est \u00e9tabli, ni l&rsquo;acceptation et l&rsquo;approbation par le PROPRI\u00c9TAIRE DU SITE WEB de ses contenus ou services.<br>LE PROPRI\u00c9TAIRE DU SITE WEB n&rsquo;est pas responsable de l&rsquo;utilisation que chaque utilisateur fait des mat\u00e9riaux mis \u00e0 disposition sur ce site Web ou des actions effectu\u00e9es sur la base de ceux-ci.<br>4.1. EXCLUSION DE GARANTIES ET DE RESPONSABILIT\u00c9 EN MATI\u00c8RE D&rsquo;ACC\u00c8S ET D&rsquo;UTILISATION<br>Le contenu de ce site Web est de nature g\u00e9n\u00e9rale et a un but purement informatif, sans garantir pleinement l&rsquo;acc\u00e8s \u00e0 tout le contenu, ni son exhaustivit\u00e9, son exactitude, sa validit\u00e9 ou son actualit\u00e9, ni son ad\u00e9quation ou son utilit\u00e9 \u00e0 un but sp\u00e9cifique.<br>LE PROPRI\u00c9TAIRE DU SITE WEB exclut, dans la mesure permise par la loi, toute responsabilit\u00e9 pour les dommages de toute nature d\u00e9coulant :<br>a) L&rsquo;impossibilit\u00e9 d&rsquo;acc\u00e9der au site Web ou le manque de v\u00e9racit\u00e9, d&rsquo;exactitude, d&rsquo;exhaustivit\u00e9 et\/ou d&rsquo;actualit\u00e9 du contenu, ainsi que l&rsquo;existence de d\u00e9fauts et de vices de toute nature dans le contenu transmis, distribu\u00e9, stock\u00e9, mis \u00e0 disposition, accessible via le site Web ou les services offerts.<br>b) La pr\u00e9sence de virus ou d\u2019autres \u00e9l\u00e9ments dans le contenu qui peuvent provoquer des alt\u00e9rations dans les syst\u00e8mes informatiques, les documents \u00e9lectroniques ou les donn\u00e9es de l\u2019utilisateur.<br>c) Le non-respect des lois, de la bonne foi, de l&rsquo;ordre public, des pratiques de circulation et du pr\u00e9sent avis l\u00e9gal en raison d&rsquo;une utilisation incorrecte du site Web. En particulier, et \u00e0 titre d&rsquo;exemple, le PROPRI\u00c9TAIRE DU SITE WEB n&rsquo;est pas responsable des actions de tiers qui violent les droits de propri\u00e9t\u00e9 intellectuelle et industrielle, les secrets commerciaux, les droits \u00e0 l&rsquo;honneur, \u00e0 la vie priv\u00e9e et familiale et \u00e0 sa propre image, ainsi que les r\u00e9glementations concernant la concurrence d\u00e9loyale et la publicit\u00e9 ill\u00e9gale.<br>De m\u00eame, le PROPRI\u00c9TAIRE DU SITE WEB d\u00e9cline toute responsabilit\u00e9 pour les informations trouv\u00e9es en dehors de ce site Web et non g\u00e9r\u00e9es directement par notre webmaster. Le but des liens figurant sur ce site Web est exclusivement d&rsquo;informer l&rsquo;utilisateur de l&rsquo;existence d&rsquo;autres sources susceptibles d&rsquo;\u00e9largir le contenu propos\u00e9 par ce site Web. LE PROPRI\u00c9TAIRE DU SITE WEB ne garantit ni n&rsquo;assume la responsabilit\u00e9 du fonctionnement ou de l&rsquo;accessibilit\u00e9 des sites li\u00e9s ; il ne sugg\u00e8re, n&rsquo;invite ni ne recommande de les visiter, et ne sera donc pas responsable des r\u00e9sultats obtenus. LE PROPRI\u00c9TAIRE DU SITE WEB n&rsquo;est pas responsable de l&rsquo;\u00e9tablissement d&rsquo;hyperliens par des tiers.<br>4.2. PROC\u00c9DURE EN CAS D&rsquo;ACTIVIT\u00c9S ILL\u00c9GALES<br>Dans le cas o\u00f9 un utilisateur ou un tiers consid\u00e8re qu&rsquo;il existe des faits ou des circonstances qui r\u00e9v\u00e8lent le caract\u00e8re illicite de l&rsquo;utilisation de tout contenu et\/ou de la r\u00e9alisation de toute activit\u00e9 sur les pages Web incluses ou accessibles via le site Web, il doit envoyer une notification au PROPRI\u00c9TAIRE DU SITE WEB, en s&rsquo;identifiant d\u00fbment et en sp\u00e9cifiant les infractions pr\u00e9sum\u00e9es.<br>4.3. PUBLICATIONS<br>Les informations administratives fournies \u00e0 travers le site web ne remplacent pas la publication l\u00e9gale des lois, r\u00e8glements, plans, dispositions g\u00e9n\u00e9rales et actes qui doivent \u00eatre formellement publi\u00e9s dans les journaux officiels des administrations publiques, qui constituent le seul instrument attestant de leur authenticit\u00e9 et de leur contenu. Les informations disponibles sur ce site doivent \u00eatre comprises comme un guide sans aucune validit\u00e9 juridique.<br>5. L\u00c9GISLATION APPLICABLE<br>Les pr\u00e9sentes conditions seront r\u00e9gies par la l\u00e9gislation espagnole en vigueur.<br>La langue utilis\u00e9e sera l&rsquo;espagnol.<\/p>\t\t\t\t\t\t\t\t<\/div>\n\t\t\t\t\t<\/div>\n\t\t\t\t<\/div>\n\t\t\t\t<\/div>\n\t\t","protected":false},"excerpt":{"rendered":"<p>1. OBJETCet avis juridique r\u00e9git l&rsquo;utilisation et l&rsquo;exploitation du site Web www.pinosos.es, propri\u00e9t\u00e9 de PINOSO SPORTSHOES, S.L. (ci-apr\u00e8s, LE PROPRI\u00c9TAIRE DU SITE WEB).La navigation sur le site Web du PROPRI\u00c9TAIRE DU SITE WEB vous attribue la condition d&rsquo;UTILISATEUR de celui-ci et implique votre acceptation pleine&#8230;<\/p>\n","protected":false},"author":1,"featured_media":0,"parent":0,"menu_order":0,"comment_status":"closed","ping_status":"closed","template":"","meta":{"footnotes":""},"class_list":["post-27826","page","type-page","status-publish","hentry"],"_links":{"self":[{"href":"https:\/\/pinosos.es\/fr\/wp-json\/wp\/v2\/pages\/27826","targetHints":{"allow":["GET"]}}],"collection":[{"href":"https:\/\/pinosos.es\/fr\/wp-json\/wp\/v2\/pages"}],"about":[{"href":"https:\/\/pinosos.es\/fr\/wp-json\/wp\/v2\/types\/page"}],"author":[{"embeddable":true,"href":"https:\/\/pinosos.es\/fr\/wp-json\/wp\/v2\/users\/1"}],"replies":[{"embeddable":true,"href":"https:\/\/pinosos.es\/fr\/wp-json\/wp\/v2\/comments?post=27826"}],"version-history":[{"count":0,"href":"https:\/\/pinosos.es\/fr\/wp-json\/wp\/v2\/pages\/27826\/revisions"}],"wp:attachment":[{"href":"https:\/\/pinosos.es\/fr\/wp-json\/wp\/v2\/media?parent=27826"}],"curies":[{"name":"wp","href":"https:\/\/api.w.org\/{rel}","templated":true}]}}