{"id":20152,"date":"2021-04-22T13:31:32","date_gmt":"2021-04-22T11:31:32","guid":{"rendered":"https:\/\/pinosos.es\/tienda\/sin%20categor\u00eda\/chaussures-a-lacets-5726\/"},"modified":"2025-06-16T07:37:26","modified_gmt":"2025-06-16T05:37:26","slug":"chaussures-a-lacets-5726","status":"publish","type":"product","link":"https:\/\/pinosos.es\/fr\/boutique\/chaussures-a-lacets-5726\/","title":{"rendered":"Chaussures \u00e0 lacets 5726"},"content":{"rendered":"<p>&#8211; Chaussure \u00e0 lacets pour homme en cuir de vachette souple et durable, qui allie l&rsquo;\u00e9l\u00e9gance \u00e0 un maximum de confort et d&rsquo;adaptabilit\u00e9.<\/p>\n<p>&#8211; La doublure en microfibre de derni\u00e8re g\u00e9n\u00e9ration permet de garder les pieds a\u00e9r\u00e9s, secs et sans odeurs.<\/p>\n<p>&#8211; Semelle int\u00e9rieure amovible en carbone actif, qui procure un r\u00e9el bien-\u00eatre lors de la marche.<\/p>\n<p>&#8211; Semelle en caoutchouc thermoplastique antid\u00e9rapante et tr\u00e8s r\u00e9sistante \u00e0 l&rsquo;abrasion.<\/p>\n<p>&#8211; Forme italienne, qui conf\u00e8re une grande \u00e9l\u00e9gance \u00e0 la tenue vestimentaire.<\/p>\n<p>&nbsp;<\/p>\n<p><strong>MESURES DE LARGEUR ET DE LONGUEUR PAR POINTURE<\/strong><\/p>\n<table>\n<thead>\n<tr>\n<th align=\"center\">Pointure<\/th>\n<th align=\"center\">Largeur (mm)<\/th>\n<th align=\"center\">Longueur (mm)<\/th>\n<\/tr>\n<\/thead>\n<tbody>\n<tr>\n<td align=\"center\">37<\/td>\n<td align=\"center\">242,5<\/td>\n<td align=\"center\">241,0<\/td>\n<\/tr>\n<tr>\n<td align=\"center\">38<\/td>\n<td align=\"center\">245,8<\/td>\n<td align=\"center\">247,6<\/td>\n<\/tr>\n<tr>\n<td align=\"center\">39<\/td>\n<td align=\"center\">249,1<\/td>\n<td align=\"center\">254,2<\/td>\n<\/tr>\n<tr>\n<td align=\"center\">40<\/td>\n<td align=\"center\">252,4<\/td>\n<td align=\"center\">260,8<\/td>\n<\/tr>\n<tr>\n<td align=\"center\">41<\/td>\n<td align=\"center\">255,7<\/td>\n<td align=\"center\">267,4<\/td>\n<\/tr>\n<tr>\n<td align=\"center\">42<\/td>\n<td align=\"center\">259,0<\/td>\n<td align=\"center\">274,0<\/td>\n<\/tr>\n<tr>\n<td align=\"center\">43<\/td>\n<td align=\"center\">262,3<\/td>\n<td align=\"center\">280,6<\/td>\n<\/tr>\n<tr>\n<td align=\"center\">44<\/td>\n<td align=\"center\">265,6<\/td>\n<td align=\"center\">287,2<\/td>\n<\/tr>\n<tr>\n<td align=\"center\">45<\/td>\n<td align=\"center\">268,9<\/td>\n<td align=\"center\">293,8<\/td>\n<\/tr>\n<tr>\n<td align=\"center\">46<\/td>\n<td align=\"center\">272,2<\/td>\n<td align=\"center\">300,4<\/td>\n<\/tr>\n<tr>\n<td align=\"center\">47<\/td>\n<td align=\"center\">275,5<\/td>\n<td align=\"center\">307,0<\/td>\n<\/tr>\n<tr>\n<td align=\"center\">48<\/td>\n<td align=\"center\">278,8<\/td>\n<td align=\"center\">313,6<\/td>\n<\/tr>\n<tr>\n<td align=\"center\">49<\/td>\n<td align=\"center\">282,1<\/td>\n<td align=\"center\">320,2<\/td>\n<\/tr>\n<\/tbody>\n<\/table>\n","protected":false},"excerpt":{"rendered":"<p>&#8211; Chaussure \u00e0 lacets pour homme en cuir de vachette souple et durable, qui allie l&rsquo;\u00e9l\u00e9gance \u00e0 un maximum de confort et d&rsquo;adaptabilit\u00e9. &#8211; La doublure en microfibre de derni\u00e8re g\u00e9n\u00e9ration permet de garder les pieds a\u00e9r\u00e9s, secs et sans odeurs. &#8211; Semelle int\u00e9rieure amovible&#8230;<\/p>\n","protected":false},"featured_media":20153,"comment_status":"closed","ping_status":"closed","template":"","meta":{"wds_primary_product_brand":0,"wds_primary_product_cat":488},"product_brand":[571],"product_cat":[488,487],"product_tag":[497,494,491,496,489,493,495,490,492],"class_list":{"0":"post-20152","1":"product","2":"type-product","3":"status-publish","4":"has-post-thumbnail","6":"product_brand-pinosos","7":"product_cat-chaussures-confortables-pour-hommes","8":"product_cat-des-chaussure-pour-lui","9":"product_tag-chaussure-habillee","10":"product_tag-chaussures-a-lacets","11":"product_tag-lacets","12":"product_tag-large","13":"product_tag-leger","14":"product_tag-respirante","15":"product_tag-semelle-exterieure-antiderapante","16":"product_tag-semelle-interieure-amovible","17":"product_tag-souple","18":"pa_cierre-elastique","19":"pa_color-noir","20":"pa_talla-hombre-37-fr","21":"pa_talla-hombre-38-fr","22":"pa_talla-hombre-39-fr","23":"pa_talla-hombre-40-fr","24":"pa_talla-hombre-41-fr","25":"pa_talla-hombre-42-fr","26":"pa_talla-hombre-43-fr","27":"pa_talla-hombre-44-fr","28":"pa_talla-hombre-45-fr","29":"pa_talla-hombre-46-fr","30":"pa_talla-hombre-47-fr","31":"pa_talla-hombre-48-fr","32":"pa_talla-hombre-49-fr","34":"first","35":"instock","36":"shipping-taxable","37":"purchasable","38":"product-type-variable","39":"wvs-archive-product-wrapper"},"_links":{"self":[{"href":"https:\/\/pinosos.es\/fr\/wp-json\/wp\/v2\/product\/20152","targetHints":{"allow":["GET"]}}],"collection":[{"href":"https:\/\/pinosos.es\/fr\/wp-json\/wp\/v2\/product"}],"about":[{"href":"https:\/\/pinosos.es\/fr\/wp-json\/wp\/v2\/types\/product"}],"replies":[{"embeddable":true,"href":"https:\/\/pinosos.es\/fr\/wp-json\/wp\/v2\/comments?post=20152"}],"wp:featuredmedia":[{"embeddable":true,"href":"https:\/\/pinosos.es\/fr\/wp-json\/wp\/v2\/media\/20153"}],"wp:attachment":[{"href":"https:\/\/pinosos.es\/fr\/wp-json\/wp\/v2\/media?parent=20152"}],"wp:term":[{"taxonomy":"product_brand","embeddable":true,"href":"https:\/\/pinosos.es\/fr\/wp-json\/wp\/v2\/product_brand?post=20152"},{"taxonomy":"product_cat","embeddable":true,"href":"https:\/\/pinosos.es\/fr\/wp-json\/wp\/v2\/product_cat?post=20152"},{"taxonomy":"product_tag","embeddable":true,"href":"https:\/\/pinosos.es\/fr\/wp-json\/wp\/v2\/product_tag?post=20152"}],"curies":[{"name":"wp","href":"https:\/\/api.w.org\/{rel}","templated":true}]}}