{"id":20575,"date":"2021-04-22T13:32:42","date_gmt":"2021-04-22T11:32:42","guid":{"rendered":"https:\/\/pinosos.es\/tienda\/sin%20categor\u00eda\/bottine-6211-h\/"},"modified":"2025-06-23T07:07:30","modified_gmt":"2025-06-23T05:07:30","slug":"bottine-6211-h","status":"publish","type":"product","link":"https:\/\/pinosos.es\/fr\/boutique\/bottine-6211-h\/","title":{"rendered":"Bottine 6211-H"},"content":{"rendered":"<p>&#8211; Bottines pour hommes avec fermeture velcro, faciles \u00e0 enfiler, id\u00e9ales pour affronter l&rsquo;hiver avec un maximum de confort. Fabriqu\u00e9es en cuir d&rsquo;agneau 100% naturel, tr\u00e8s souple et respirant, elles s&rsquo;adaptent parfaitement au pied sans l&rsquo;oppresser. Id\u00e9ale pour les diab\u00e9tiques ou les personnes aux pieds d\u00e9licats.<\/p>\n<p>&#8211; Doublure en mousse Coolmax, con\u00e7ue pour garder le pied au frais et au sec, afin de l&rsquo;aider \u00e0 donner le meilleur de lui-m\u00eame. Int\u00e9rieur sans couture pour \u00e9viter les frottements ou l&rsquo;\u00e9rosion sur les pieds sensibles.<\/p>\n<p>&#8211; Semelle int\u00e9rieure amovible en viscolatex de 8 mm, qui absorbe une grande partie de l&rsquo;\u00e9nergie que vous recevez \u00e0 chaque pas, amortissant l&rsquo;impact et \u00e9liminant la fatigue articulaire.<\/p>\n<p>&#8211; Semelle l\u00e9g\u00e8re, antid\u00e9rapante et isolante pour les temp\u00e9ratures chaudes et froides.<\/p>\n<p>&#8211; Forme extra-large id\u00e9ale pour les pieds sensibles pr\u00e9sentant des oignons, des d\u00e9formations, une mauvaise circulation&#8230;<\/p>\n<p>&nbsp;<\/p>\n<p><strong>MESURES DE LARGEUR ET DE LONGUEUR PAR POINTURE<\/strong><\/p>\n<table>\n<thead>\n<tr>\n<th align=\"center\">Pointure<\/th>\n<th align=\"center\">Largeur (mm)<\/th>\n<th align=\"center\">Longueur (mm)<\/th>\n<\/tr>\n<\/thead>\n<tbody>\n<tr>\n<td align=\"center\">39<\/td>\n<td align=\"center\">239,1<\/td>\n<td align=\"center\">253,2<\/td>\n<\/tr>\n<tr>\n<td align=\"center\">40<\/td>\n<td align=\"center\">242,4<\/td>\n<td align=\"center\">259,8<\/td>\n<\/tr>\n<tr>\n<td align=\"center\">41<\/td>\n<td align=\"center\">245,7<\/td>\n<td align=\"center\">266,4<\/td>\n<\/tr>\n<tr>\n<td align=\"center\">42<\/td>\n<td align=\"center\">249,0<\/td>\n<td align=\"center\">273,0<\/td>\n<\/tr>\n<tr>\n<td align=\"center\">43<\/td>\n<td align=\"center\">252,3<\/td>\n<td align=\"center\">279,6<\/td>\n<\/tr>\n<tr>\n<td align=\"center\">44<\/td>\n<td align=\"center\">255,6<\/td>\n<td align=\"center\">286,2<\/td>\n<\/tr>\n<tr>\n<td align=\"center\">45<\/td>\n<td align=\"center\">258,9<\/td>\n<td align=\"center\">292,8<\/td>\n<\/tr>\n<tr>\n<td align=\"center\">46<\/td>\n<td align=\"center\">262,2<\/td>\n<td align=\"center\">299,4<\/td>\n<\/tr>\n<\/tbody>\n<\/table>\n<p>&nbsp;<\/p>\n","protected":false},"excerpt":{"rendered":"<p>&#8211; Bottines pour hommes avec fermeture velcro, faciles \u00e0 enfiler, id\u00e9ales pour affronter l&rsquo;hiver avec un maximum de confort. Fabriqu\u00e9es en cuir d&rsquo;agneau 100% naturel, tr\u00e8s souple et respirant, elles s&rsquo;adaptent parfaitement au pied sans l&rsquo;oppresser. Id\u00e9ale pour les diab\u00e9tiques ou les personnes aux pieds&#8230;<\/p>\n","protected":false},"featured_media":20584,"comment_status":"open","ping_status":"closed","template":"","meta":{"wds_primary_product_brand":0,"wds_primary_product_cat":487},"product_brand":[577],"product_cat":[487,512],"product_tag":[513,514,515,489,516,506,493,507,495,490,492],"class_list":{"0":"post-20575","1":"product","2":"type-product","3":"status-publish","4":"has-post-thumbnail","6":"product_brand-pie-diabetico-pinosos","7":"product_cat-des-chaussure-pour-lui","8":"product_cat-largeur-speciale-pied-sensible-homme","9":"product_tag-bottine","10":"product_tag-extra-large","11":"product_tag-fermeture-velcro","12":"product_tag-leger","13":"product_tag-pied-diabetique","14":"product_tag-pieds-sensibles","15":"product_tag-respirante","16":"product_tag-sans-coutures-interieures","17":"product_tag-semelle-exterieure-antiderapante","18":"product_tag-semelle-interieure-amovible","19":"product_tag-souple","20":"pa_ancho-h-fr","21":"pa_cierre-velcro-fr","22":"pa_color-noir","23":"pa_talla-hombre-39-fr","24":"pa_talla-hombre-40-fr","25":"pa_talla-hombre-41-fr","26":"pa_talla-hombre-42-fr","27":"pa_talla-hombre-43-fr","28":"pa_talla-hombre-44-fr","29":"pa_talla-hombre-45-fr","30":"pa_talla-hombre-46-fr","32":"first","33":"instock","34":"shipping-taxable","35":"purchasable","36":"product-type-variable","37":"wvs-archive-product-wrapper"},"_links":{"self":[{"href":"https:\/\/pinosos.es\/fr\/wp-json\/wp\/v2\/product\/20575","targetHints":{"allow":["GET"]}}],"collection":[{"href":"https:\/\/pinosos.es\/fr\/wp-json\/wp\/v2\/product"}],"about":[{"href":"https:\/\/pinosos.es\/fr\/wp-json\/wp\/v2\/types\/product"}],"replies":[{"embeddable":true,"href":"https:\/\/pinosos.es\/fr\/wp-json\/wp\/v2\/comments?post=20575"}],"wp:featuredmedia":[{"embeddable":true,"href":"https:\/\/pinosos.es\/fr\/wp-json\/wp\/v2\/media\/20584"}],"wp:attachment":[{"href":"https:\/\/pinosos.es\/fr\/wp-json\/wp\/v2\/media?parent=20575"}],"wp:term":[{"taxonomy":"product_brand","embeddable":true,"href":"https:\/\/pinosos.es\/fr\/wp-json\/wp\/v2\/product_brand?post=20575"},{"taxonomy":"product_cat","embeddable":true,"href":"https:\/\/pinosos.es\/fr\/wp-json\/wp\/v2\/product_cat?post=20575"},{"taxonomy":"product_tag","embeddable":true,"href":"https:\/\/pinosos.es\/fr\/wp-json\/wp\/v2\/product_tag?post=20575"}],"curies":[{"name":"wp","href":"https:\/\/api.w.org\/{rel}","templated":true}]}}