{"id":20594,"date":"2021-04-22T13:32:43","date_gmt":"2021-04-22T11:32:43","guid":{"rendered":"https:\/\/pinosos.es\/tienda\/sin%20categor\u00eda\/bottine-5212\/"},"modified":"2025-06-10T09:56:18","modified_gmt":"2025-06-10T07:56:18","slug":"bottine-5212","status":"publish","type":"product","link":"https:\/\/pinosos.es\/fr\/boutique\/bottine-5212\/","title":{"rendered":"Bottine 5212"},"content":{"rendered":"<p>&#8211; Bottines \u00e0 lacets pour hommes, fabriqu\u00e9es en cuir d&rsquo;agneau v\u00e9ritable souple et l\u00e9ger, pour un confort et une polyvalence tout au long de la journ\u00e9e.<\/p>\n<p>&#8211; Doublure 100% respirante en microfibre avec une capacit\u00e9 d&rsquo;absorption sup\u00e9rieure \u00e0 d&rsquo;autres mat\u00e9riaux pour garder le pied au sec et offrir un plus grand confort.<\/p>\n<p>&#8211; Semelle interchangeable avec possibilit\u00e9 d&rsquo;ins\u00e9rer votre propre semelle.<\/p>\n<p>&#8211; Semelle EVA l\u00e9g\u00e8re, flexible et antid\u00e9rapante. Hauteur de la semelle 4 cm.<\/p>\n<p>&#8211; Forme large pour que le pied ne soit pas serr\u00e9 et qu&rsquo;il soit plus confortable.<\/p>\n<p>&nbsp;<\/p>\n<p><strong>MESURES DE LARGEUR ET DE LONGUEUR PAR POINTURE<\/strong><\/p>\n<table>\n<thead>\n<tr>\n<th align=\"center\">Pointure<\/th>\n<th align=\"center\">Largeur (mm)<\/th>\n<th align=\"center\">Longueur (mm)<\/th>\n<\/tr>\n<\/thead>\n<tbody>\n<tr>\n<td align=\"center\">39<\/td>\n<td align=\"center\">249,1<\/td>\n<td align=\"center\">259,2<\/td>\n<\/tr>\n<tr>\n<td align=\"center\">40<\/td>\n<td align=\"center\">252,4<\/td>\n<td align=\"center\">265,8<\/td>\n<\/tr>\n<tr>\n<td align=\"center\">41<\/td>\n<td align=\"center\">255,7<\/td>\n<td align=\"center\">272,4<\/td>\n<\/tr>\n<tr>\n<td align=\"center\">42<\/td>\n<td align=\"center\">259,0<\/td>\n<td align=\"center\">279,0<\/td>\n<\/tr>\n<tr>\n<td align=\"center\">43<\/td>\n<td align=\"center\">262,3<\/td>\n<td align=\"center\">285,6<\/td>\n<\/tr>\n<tr>\n<td align=\"center\">44<\/td>\n<td align=\"center\">265,6<\/td>\n<td align=\"center\">292,2<\/td>\n<\/tr>\n<tr>\n<td align=\"center\">45<\/td>\n<td align=\"center\">268,9<\/td>\n<td align=\"center\">298,8<\/td>\n<\/tr>\n<tr>\n<td align=\"center\">46<\/td>\n<td align=\"center\">272,2<\/td>\n<td align=\"center\">305,4<\/td>\n<\/tr>\n<tr>\n<td align=\"center\">47<\/td>\n<td align=\"center\">275,5<\/td>\n<td align=\"center\">312,0<\/td>\n<\/tr>\n<\/tbody>\n<\/table>\n","protected":false},"excerpt":{"rendered":"<p>&#8211; Bottines \u00e0 lacets pour hommes, fabriqu\u00e9es en cuir d&rsquo;agneau v\u00e9ritable souple et l\u00e9ger, pour un confort et une polyvalence tout au long de la journ\u00e9e. &#8211; Doublure 100% respirante en microfibre avec une capacit\u00e9 d&rsquo;absorption sup\u00e9rieure \u00e0 d&rsquo;autres mat\u00e9riaux pour garder le pied au&#8230;<\/p>\n","protected":false},"featured_media":23727,"comment_status":"open","ping_status":"closed","template":"","meta":{"wds_primary_product_brand":0,"wds_primary_product_cat":488},"product_brand":[571],"product_cat":[488,487],"product_tag":[513,491,496,489,493,495,492],"class_list":{"0":"post-20594","1":"product","2":"type-product","3":"status-publish","4":"has-post-thumbnail","6":"product_brand-pinosos","7":"product_cat-chaussures-confortables-pour-hommes","8":"product_cat-des-chaussure-pour-lui","9":"product_tag-bottine","10":"product_tag-lacets","11":"product_tag-large","12":"product_tag-leger","13":"product_tag-respirante","14":"product_tag-semelle-exterieure-antiderapante","15":"product_tag-souple","16":"pa_cierre-lacet","17":"pa_color-noir","18":"pa_talla-hombre-39-fr","19":"pa_talla-hombre-40-fr","20":"pa_talla-hombre-41-fr","21":"pa_talla-hombre-42-fr","22":"pa_talla-hombre-43-fr","23":"pa_talla-hombre-44-fr","24":"pa_talla-hombre-45-fr","25":"pa_talla-hombre-46-fr","27":"first","28":"instock","29":"shipping-taxable","30":"purchasable","31":"product-type-variable","32":"wvs-archive-product-wrapper"},"_links":{"self":[{"href":"https:\/\/pinosos.es\/fr\/wp-json\/wp\/v2\/product\/20594","targetHints":{"allow":["GET"]}}],"collection":[{"href":"https:\/\/pinosos.es\/fr\/wp-json\/wp\/v2\/product"}],"about":[{"href":"https:\/\/pinosos.es\/fr\/wp-json\/wp\/v2\/types\/product"}],"replies":[{"embeddable":true,"href":"https:\/\/pinosos.es\/fr\/wp-json\/wp\/v2\/comments?post=20594"}],"wp:featuredmedia":[{"embeddable":true,"href":"https:\/\/pinosos.es\/fr\/wp-json\/wp\/v2\/media\/23727"}],"wp:attachment":[{"href":"https:\/\/pinosos.es\/fr\/wp-json\/wp\/v2\/media?parent=20594"}],"wp:term":[{"taxonomy":"product_brand","embeddable":true,"href":"https:\/\/pinosos.es\/fr\/wp-json\/wp\/v2\/product_brand?post=20594"},{"taxonomy":"product_cat","embeddable":true,"href":"https:\/\/pinosos.es\/fr\/wp-json\/wp\/v2\/product_cat?post=20594"},{"taxonomy":"product_tag","embeddable":true,"href":"https:\/\/pinosos.es\/fr\/wp-json\/wp\/v2\/product_tag?post=20594"}],"curies":[{"name":"wp","href":"https:\/\/api.w.org\/{rel}","templated":true}]}}