{"id":20610,"date":"2021-04-22T13:33:03","date_gmt":"2021-04-22T11:33:03","guid":{"rendered":"https:\/\/pinosos.es\/tienda\/sin%20categor\u00eda\/mocassin-5224-noe\/"},"modified":"2025-11-10T08:45:29","modified_gmt":"2025-11-10T07:45:29","slug":"mocassin-5224-noe","status":"publish","type":"product","link":"https:\/\/pinosos.es\/fr\/boutique\/mocassin-5224-noe\/","title":{"rendered":"Mocassin 5224 Noe"},"content":{"rendered":"<p>&#8211; Chaussure pour femme en kiowa artisanale extra confort, fabriqu\u00e9e en peau d&rsquo;agneau. Tr\u00e8s souple et l\u00e9g\u00e8re, elle s&rsquo;adapte parfaitement au pied.<\/p>\n<p>&#8211; Doublure en microfibre antibact\u00e9rienne et absorbant la transpiration pour garder le pied au sec.<\/p>\n<p>&#8211; Semelle int\u00e9rieure en cuir rembourr\u00e9e avec traitement antibact\u00e9rien.<\/p>\n<p>&#8211; Semelle l\u00e9g\u00e8re et flexible.<\/p>\n<p>&#8211; Forme confortable, elle s&rsquo;adapte parfaitement au pied.<\/p>\n","protected":false},"excerpt":{"rendered":"<p>&#8211; Chaussure pour femme en kiowa artisanale extra confort, fabriqu\u00e9e en peau d&rsquo;agneau. Tr\u00e8s souple et l\u00e9g\u00e8re, elle s&rsquo;adapte parfaitement au pied. &#8211; Doublure en microfibre antibact\u00e9rienne et absorbant la transpiration pour garder le pied au sec. &#8211; Semelle int\u00e9rieure en cuir rembourr\u00e9e avec traitement&#8230;<\/p>\n","protected":false},"featured_media":20611,"comment_status":"open","ping_status":"closed","template":"","meta":{"wds_primary_product_brand":0,"wds_primary_product_cat":517},"product_brand":[571],"product_cat":[517,313],"product_tag":[500,518,566,489,501,493,495,490,509,492],"class_list":{"0":"post-20610","1":"product","2":"type-product","3":"status-publish","4":"has-post-thumbnail","6":"product_brand-pinosos","7":"product_cat-chaussures-confortables-femme","8":"product_cat-chaussures-confortables-femmes","9":"product_tag-cousu-main","10":"product_tag-elastique","11":"product_tag-largeur-standard","12":"product_tag-leger","13":"product_tag-mocassin","14":"product_tag-respirante","15":"product_tag-semelle-exterieure-antiderapante","16":"product_tag-semelle-interieure-amovible","17":"product_tag-semelle-interieure-matelassee","18":"product_tag-souple","19":"pa_cierre-bande","20":"pa_color-beige","21":"pa_color-blanche","22":"pa_color-noir","23":"pa_talla-mujer-35-fr","24":"pa_talla-mujer-36-fr","25":"pa_talla-mujer-37-fr","26":"pa_talla-mujer-38-fr","27":"pa_talla-mujer-39-fr","28":"pa_talla-mujer-40-fr","29":"pa_talla-mujer-41-fr","30":"pa_talla-mujer-42-fr","32":"first","33":"instock","34":"shipping-taxable","35":"purchasable","36":"product-type-variable","37":"has-default-attributes","38":"wvs-archive-product-wrapper"},"_links":{"self":[{"href":"https:\/\/pinosos.es\/fr\/wp-json\/wp\/v2\/product\/20610","targetHints":{"allow":["GET"]}}],"collection":[{"href":"https:\/\/pinosos.es\/fr\/wp-json\/wp\/v2\/product"}],"about":[{"href":"https:\/\/pinosos.es\/fr\/wp-json\/wp\/v2\/types\/product"}],"replies":[{"embeddable":true,"href":"https:\/\/pinosos.es\/fr\/wp-json\/wp\/v2\/comments?post=20610"}],"wp:featuredmedia":[{"embeddable":true,"href":"https:\/\/pinosos.es\/fr\/wp-json\/wp\/v2\/media\/20611"}],"wp:attachment":[{"href":"https:\/\/pinosos.es\/fr\/wp-json\/wp\/v2\/media?parent=20610"}],"wp:term":[{"taxonomy":"product_brand","embeddable":true,"href":"https:\/\/pinosos.es\/fr\/wp-json\/wp\/v2\/product_brand?post=20610"},{"taxonomy":"product_cat","embeddable":true,"href":"https:\/\/pinosos.es\/fr\/wp-json\/wp\/v2\/product_cat?post=20610"},{"taxonomy":"product_tag","embeddable":true,"href":"https:\/\/pinosos.es\/fr\/wp-json\/wp\/v2\/product_tag?post=20610"}],"curies":[{"name":"wp","href":"https:\/\/api.w.org\/{rel}","templated":true}]}}