{"id":20654,"date":"2021-04-22T13:33:04","date_gmt":"2021-04-22T11:33:04","guid":{"rendered":"https:\/\/pinosos.es\/tienda\/sin%20categor\u00eda\/mocassin-5985-clink\/"},"modified":"2025-06-10T08:52:22","modified_gmt":"2025-06-10T06:52:22","slug":"mocassin-5985-clink","status":"publish","type":"product","link":"https:\/\/pinosos.es\/fr\/boutique\/mocassin-5985-clink\/","title":{"rendered":"Mocassin 5985 Clink"},"content":{"rendered":"<p>&#8211; Chaussure pour homme avec deux \u00e9lastiques de r\u00e9glage sur le cou-de-pied pour plus de confort, fabriqu\u00e9e avec des mat\u00e9riaux de premi\u00e8re qualit\u00e9 en peau de mouton douce et l\u00e9g\u00e8re.<\/p>\n<p>&#8211; La doublure int\u00e9rieure de pointe garde les pieds a\u00e9r\u00e9s, secs et exempts d&rsquo;odeurs.<\/p>\n<p>&#8211; Semelle int\u00e9rieure amovible en microfibre antibact\u00e9rienne pour garder les pieds au sec.<\/p>\n<p>&#8211; Semelle antid\u00e9rapante en eva souple \u00e0 tr\u00e8s faible densit\u00e9 pour un maximum de confort, de l\u00e9g\u00e8ret\u00e9 et d&rsquo;amorti. Hauteur de la semelle 3 cm.<\/p>\n<p>&#8211; Forme anatomique de largeur standard avec une courbure naturelle du pied pour un plus grand confort.<\/p>\n<p>&nbsp;<\/p>\n<p><strong>MESURES DE LARGEUR ET DE LONGUEUR PAR POINTURE<\/strong><\/p>\n<table>\n<thead>\n<tr>\n<th align=\"center\">Pointure<\/th>\n<th align=\"center\">Largeur (mm)<\/th>\n<th align=\"center\">Longueur (mm)<\/th>\n<\/tr>\n<\/thead>\n<tbody>\n<tr>\n<td align=\"center\">39<\/td>\n<td align=\"center\">244,1<\/td>\n<td align=\"center\">257,2<\/td>\n<\/tr>\n<tr>\n<td align=\"center\">40<\/td>\n<td align=\"center\">247,4<\/td>\n<td align=\"center\">263,8<\/td>\n<\/tr>\n<tr>\n<td align=\"center\">41<\/td>\n<td align=\"center\">250,7<\/td>\n<td align=\"center\">270,4<\/td>\n<\/tr>\n<tr>\n<td align=\"center\">42<\/td>\n<td align=\"center\">254,0<\/td>\n<td align=\"center\">277,0<\/td>\n<\/tr>\n<tr>\n<td align=\"center\">43<\/td>\n<td align=\"center\">257,3<\/td>\n<td align=\"center\">283,6<\/td>\n<\/tr>\n<tr>\n<td align=\"center\">44<\/td>\n<td align=\"center\">260,6<\/td>\n<td align=\"center\">290,2<\/td>\n<\/tr>\n<tr>\n<td align=\"center\">45<\/td>\n<td align=\"center\">263,9<\/td>\n<td align=\"center\">296,8<\/td>\n<\/tr>\n<tr>\n<td align=\"center\">46<\/td>\n<td align=\"center\">267,2<\/td>\n<td align=\"center\">303,4<\/td>\n<\/tr>\n<\/tbody>\n<\/table>\n","protected":false},"excerpt":{"rendered":"<p>&#8211; Chaussure pour homme avec deux \u00e9lastiques de r\u00e9glage sur le cou-de-pied pour plus de confort, fabriqu\u00e9e avec des mat\u00e9riaux de premi\u00e8re qualit\u00e9 en peau de mouton douce et l\u00e9g\u00e8re. &#8211; La doublure int\u00e9rieure de pointe garde les pieds a\u00e9r\u00e9s, secs et exempts d&rsquo;odeurs. &#8211;&#8230;<\/p>\n","protected":false},"featured_media":20661,"comment_status":"open","ping_status":"closed","template":"","meta":{"wds_primary_product_brand":0,"wds_primary_product_cat":488},"product_brand":[571],"product_cat":[488,487],"product_tag":[499,566,489,501,493,495,490,492],"class_list":{"0":"post-20654","1":"product","2":"type-product","3":"status-publish","4":"has-post-thumbnail","6":"product_brand-pinosos","7":"product_cat-chaussures-confortables-pour-hommes","8":"product_cat-des-chaussure-pour-lui","9":"product_tag-elastique-fermeture","10":"product_tag-largeur-standard","11":"product_tag-leger","12":"product_tag-mocassin","13":"product_tag-respirante","14":"product_tag-semelle-exterieure-antiderapante","15":"product_tag-semelle-interieure-amovible","16":"product_tag-souple","17":"pa_cierre-elastique","18":"pa_color-noir","19":"pa_talla-hombre-39-fr","20":"pa_talla-hombre-40-fr","21":"pa_talla-hombre-41-fr","22":"pa_talla-hombre-42-fr","23":"pa_talla-hombre-43-fr","24":"pa_talla-hombre-44-fr","25":"pa_talla-hombre-45-fr","26":"pa_talla-hombre-46-fr","28":"first","29":"instock","30":"shipping-taxable","31":"purchasable","32":"product-type-variable","33":"wvs-archive-product-wrapper"},"_links":{"self":[{"href":"https:\/\/pinosos.es\/fr\/wp-json\/wp\/v2\/product\/20654","targetHints":{"allow":["GET"]}}],"collection":[{"href":"https:\/\/pinosos.es\/fr\/wp-json\/wp\/v2\/product"}],"about":[{"href":"https:\/\/pinosos.es\/fr\/wp-json\/wp\/v2\/types\/product"}],"replies":[{"embeddable":true,"href":"https:\/\/pinosos.es\/fr\/wp-json\/wp\/v2\/comments?post=20654"}],"wp:featuredmedia":[{"embeddable":true,"href":"https:\/\/pinosos.es\/fr\/wp-json\/wp\/v2\/media\/20661"}],"wp:attachment":[{"href":"https:\/\/pinosos.es\/fr\/wp-json\/wp\/v2\/media?parent=20654"}],"wp:term":[{"taxonomy":"product_brand","embeddable":true,"href":"https:\/\/pinosos.es\/fr\/wp-json\/wp\/v2\/product_brand?post=20654"},{"taxonomy":"product_cat","embeddable":true,"href":"https:\/\/pinosos.es\/fr\/wp-json\/wp\/v2\/product_cat?post=20654"},{"taxonomy":"product_tag","embeddable":true,"href":"https:\/\/pinosos.es\/fr\/wp-json\/wp\/v2\/product_tag?post=20654"}],"curies":[{"name":"wp","href":"https:\/\/api.w.org\/{rel}","templated":true}]}}