{"id":20672,"date":"2021-04-22T13:33:05","date_gmt":"2021-04-22T11:33:05","guid":{"rendered":"https:\/\/pinosos.es\/tienda\/sin%20categor\u00eda\/chaussures-velcro-5483\/"},"modified":"2025-01-07T11:10:27","modified_gmt":"2025-01-07T10:10:27","slug":"chaussures-a-velcro-5483","status":"publish","type":"product","link":"https:\/\/pinosos.es\/fr\/boutique\/chaussures-a-velcro-5483\/","title":{"rendered":"Chaussures \u00e0 velcro 5483"},"content":{"rendered":"<p>&#8211; Chaussure pour femme avec fermeture velcro r\u00e9glable, en peau de mouton douce et respirante.<\/p>\n<p>&#8211; Doublure int\u00e9rieure en microfibre avec un syst\u00e8me d&rsquo;absorption sup\u00e9rieur \u00e0 la peau, \u00e9liminant l&rsquo;humidit\u00e9 et gardant les pieds au sec.<\/p>\n<p>&#8211; Semelle int\u00e9rieure anatomique amovible, doubl\u00e9e de microfibre tr\u00e8s r\u00e9sistante et dot\u00e9e d&rsquo;une grande capacit\u00e9 d&rsquo;absorption des chocs.<\/p>\n<p>&#8211; Semelle l\u00e9g\u00e8re et r\u00e9sistante en caoutchouc antid\u00e9rapant, qui \u00e9vite de glisser sur les surfaces glissantes. Hauteur du talon 3,5 cm.<\/p>\n<p>&#8211; Forme de largeur standard qui permet l&rsquo;adaptation de semelles personnalis\u00e9es.<\/p>\n","protected":false},"excerpt":{"rendered":"<p>&#8211; Chaussure pour femme avec fermeture velcro r\u00e9glable, en peau de mouton douce et respirante. &#8211; Doublure int\u00e9rieure en microfibre avec un syst\u00e8me d&rsquo;absorption sup\u00e9rieur \u00e0 la peau, \u00e9liminant l&rsquo;humidit\u00e9 et gardant les pieds au sec. &#8211; Semelle int\u00e9rieure anatomique amovible, doubl\u00e9e de microfibre tr\u00e8s&#8230;<\/p>\n","protected":false},"featured_media":20673,"comment_status":"open","ping_status":"closed","template":"","meta":{"wds_primary_product_brand":0,"wds_primary_product_cat":517},"product_brand":[],"product_cat":[517,313],"product_tag":[494,515,566,489,493,495,490,492],"class_list":{"0":"post-20672","1":"product","2":"type-product","3":"status-publish","4":"has-post-thumbnail","6":"product_cat-chaussures-confortables-femme","7":"product_cat-chaussures-confortables-femmes","8":"product_tag-chaussures-a-lacets","9":"product_tag-fermeture-velcro","10":"product_tag-largeur-standard","11":"product_tag-leger","12":"product_tag-respirante","13":"product_tag-semelle-exterieure-antiderapante","14":"product_tag-semelle-interieure-amovible","15":"product_tag-souple","16":"pa_cierre-velcro-fr","17":"pa_color-blanche","18":"pa_color-noir","19":"pa_talla-mujer-35-fr","20":"pa_talla-mujer-36-fr","21":"pa_talla-mujer-37-fr","22":"pa_talla-mujer-38-fr","23":"pa_talla-mujer-39-fr","24":"pa_talla-mujer-40-fr","25":"pa_talla-mujer-41-fr","26":"pa_talla-mujer-42-fr","28":"first","29":"instock","30":"shipping-taxable","31":"purchasable","32":"product-type-variable","33":"wvs-archive-product-wrapper"},"_links":{"self":[{"href":"https:\/\/pinosos.es\/fr\/wp-json\/wp\/v2\/product\/20672","targetHints":{"allow":["GET"]}}],"collection":[{"href":"https:\/\/pinosos.es\/fr\/wp-json\/wp\/v2\/product"}],"about":[{"href":"https:\/\/pinosos.es\/fr\/wp-json\/wp\/v2\/types\/product"}],"replies":[{"embeddable":true,"href":"https:\/\/pinosos.es\/fr\/wp-json\/wp\/v2\/comments?post=20672"}],"wp:featuredmedia":[{"embeddable":true,"href":"https:\/\/pinosos.es\/fr\/wp-json\/wp\/v2\/media\/20673"}],"wp:attachment":[{"href":"https:\/\/pinosos.es\/fr\/wp-json\/wp\/v2\/media?parent=20672"}],"wp:term":[{"taxonomy":"product_brand","embeddable":true,"href":"https:\/\/pinosos.es\/fr\/wp-json\/wp\/v2\/product_brand?post=20672"},{"taxonomy":"product_cat","embeddable":true,"href":"https:\/\/pinosos.es\/fr\/wp-json\/wp\/v2\/product_cat?post=20672"},{"taxonomy":"product_tag","embeddable":true,"href":"https:\/\/pinosos.es\/fr\/wp-json\/wp\/v2\/product_tag?post=20672"}],"curies":[{"name":"wp","href":"https:\/\/api.w.org\/{rel}","templated":true}]}}