{"id":20694,"date":"2021-04-22T13:33:30","date_gmt":"2021-04-22T11:33:30","guid":{"rendered":"https:\/\/pinosos.es\/tienda\/sin%20categor\u00eda\/chaussures-velcro-5627\/"},"modified":"2025-06-25T06:57:50","modified_gmt":"2025-06-25T04:57:50","slug":"chaussures-a-velcro-5627","status":"publish","type":"product","link":"https:\/\/pinosos.es\/fr\/boutique\/chaussures-a-velcro-5627\/","title":{"rendered":"Chaussures \u00e0 velcro 5627"},"content":{"rendered":"<p>&#8211; Chaussures pour femmes avec fermeture velcro, fabriqu\u00e9es \u00e0 la main par Kiowa, tr\u00e8s confortables, en cuir naturel de la plus haute qualit\u00e9. Grande flexibilit\u00e9 et l\u00e9g\u00e8ret\u00e9 pour une meilleure adaptation au pied.<\/p>\n<p>&#8211; Doublure interne en microfibre avec un syst\u00e8me d&rsquo;absorption sup\u00e9rieur \u00e0 la peau, \u00e9liminant l&rsquo;humidit\u00e9 et gardant les pieds au sec.<\/p>\n<p>&#8211; Semelle int\u00e9rieure amovible doubl\u00e9e de microfibre, qui garde le pied au sec en \u00e9liminant l&rsquo;humidit\u00e9 gr\u00e2ce \u00e0 un syst\u00e8me d&rsquo;absorption sup\u00e9rieur au niveau de la peau.<\/p>\n<p>&#8211; Semelle Microtech \u00e0 haute durabilit\u00e9 et haute r\u00e9sistance \u00e0 l&rsquo;usure. Hauteur de la semelle 4 cm<\/p>\n<p>&#8211; Forme de largeur standard.<\/p>\n<p>&nbsp;<\/p>\n<p><strong>MESURES DE LARGEUR ET DE LONGUEUR PAR POINTURE<\/strong><\/p>\n<table>\n<thead>\n<tr>\n<th align=\"center\">Pointure<\/th>\n<th align=\"center\">Largeur (mm)<\/th>\n<th align=\"center\">Longueur (mm)<\/th>\n<\/tr>\n<\/thead>\n<tbody>\n<tr>\n<td align=\"center\">35<\/td>\n<td align=\"center\">227,4<\/td>\n<td align=\"center\">225,8<\/td>\n<\/tr>\n<tr>\n<td align=\"center\">36<\/td>\n<td align=\"center\">230,7<\/td>\n<td align=\"center\">232,4<\/td>\n<\/tr>\n<tr>\n<td align=\"center\">37<\/td>\n<td align=\"center\">234,0<\/td>\n<td align=\"center\">239,0<\/td>\n<\/tr>\n<tr>\n<td align=\"center\">38<\/td>\n<td align=\"center\">237,3<\/td>\n<td align=\"center\">245,6<\/td>\n<\/tr>\n<tr>\n<td align=\"center\">39<\/td>\n<td align=\"center\">240,6<\/td>\n<td align=\"center\">252,2<\/td>\n<\/tr>\n<tr>\n<td align=\"center\">40<\/td>\n<td align=\"center\">243,9<\/td>\n<td align=\"center\">258,8<\/td>\n<\/tr>\n<tr>\n<td align=\"center\">41<\/td>\n<td align=\"center\">247,2<\/td>\n<td align=\"center\">265,4<\/td>\n<\/tr>\n<tr>\n<td align=\"center\">42<\/td>\n<td align=\"center\">250,5<\/td>\n<td align=\"center\">272,0<\/td>\n<\/tr>\n<\/tbody>\n<\/table>\n<p>&nbsp;<\/p>\n<h3><strong>***Pour acheter une largeur sp\u00e9ciale, <a href=\"https:\/\/pinosos.es\/fr\/tienda\/chaussures-confortables-femmes\/chaussures-a-velcro-5627-h\/\">cliquez ici<\/a>.<\/strong><\/h3>\n","protected":false},"excerpt":{"rendered":"<p>&#8211; Chaussures pour femmes avec fermeture velcro, fabriqu\u00e9es \u00e0 la main par Kiowa, tr\u00e8s confortables, en cuir naturel de la plus haute qualit\u00e9. Grande flexibilit\u00e9 et l\u00e9g\u00e8ret\u00e9 pour une meilleure adaptation au pied. &#8211; Doublure interne en microfibre avec un syst\u00e8me d&rsquo;absorption sup\u00e9rieur \u00e0 la&#8230;<\/p>\n","protected":false},"featured_media":20711,"comment_status":"open","ping_status":"closed","template":"","meta":{"wds_primary_product_brand":0,"wds_primary_product_cat":517},"product_brand":[571],"product_cat":[517,313],"product_tag":[494,500,515,568,489,493,490,492],"class_list":{"0":"post-20694","1":"product","2":"type-product","3":"status-publish","4":"has-post-thumbnail","6":"product_brand-pinosos","7":"product_cat-chaussures-confortables-femme","8":"product_cat-chaussures-confortables-femmes","9":"product_tag-chaussures-a-lacets","10":"product_tag-cousu-main","11":"product_tag-fermeture-velcro","12":"product_tag-forme-de-largeur-standard","13":"product_tag-leger","14":"product_tag-respirante","15":"product_tag-semelle-interieure-amovible","16":"product_tag-souple","17":"pa_cierre-velcro-fr","18":"pa_color-beige","19":"pa_color-blanche","20":"pa_color-marron-fr","21":"pa_color-noir","22":"pa_talla-mujer-35-fr","23":"pa_talla-mujer-36-fr","24":"pa_talla-mujer-37-fr","25":"pa_talla-mujer-38-fr","26":"pa_talla-mujer-39-fr","27":"pa_talla-mujer-40-fr","28":"pa_talla-mujer-41-fr","29":"pa_talla-mujer-42-fr","31":"first","32":"instock","33":"shipping-taxable","34":"purchasable","35":"product-type-variable","36":"wvs-archive-product-wrapper"},"_links":{"self":[{"href":"https:\/\/pinosos.es\/fr\/wp-json\/wp\/v2\/product\/20694","targetHints":{"allow":["GET"]}}],"collection":[{"href":"https:\/\/pinosos.es\/fr\/wp-json\/wp\/v2\/product"}],"about":[{"href":"https:\/\/pinosos.es\/fr\/wp-json\/wp\/v2\/types\/product"}],"replies":[{"embeddable":true,"href":"https:\/\/pinosos.es\/fr\/wp-json\/wp\/v2\/comments?post=20694"}],"wp:featuredmedia":[{"embeddable":true,"href":"https:\/\/pinosos.es\/fr\/wp-json\/wp\/v2\/media\/20711"}],"wp:attachment":[{"href":"https:\/\/pinosos.es\/fr\/wp-json\/wp\/v2\/media?parent=20694"}],"wp:term":[{"taxonomy":"product_brand","embeddable":true,"href":"https:\/\/pinosos.es\/fr\/wp-json\/wp\/v2\/product_brand?post=20694"},{"taxonomy":"product_cat","embeddable":true,"href":"https:\/\/pinosos.es\/fr\/wp-json\/wp\/v2\/product_cat?post=20694"},{"taxonomy":"product_tag","embeddable":true,"href":"https:\/\/pinosos.es\/fr\/wp-json\/wp\/v2\/product_tag?post=20694"}],"curies":[{"name":"wp","href":"https:\/\/api.w.org\/{rel}","templated":true}]}}