{"id":20735,"date":"2021-04-22T13:33:30","date_gmt":"2021-04-22T11:33:30","guid":{"rendered":"https:\/\/pinosos.es\/tienda\/sin%20categor\u00eda\/chaussures-a-lacets-5605\/"},"modified":"2025-06-19T08:33:22","modified_gmt":"2025-06-19T06:33:22","slug":"chaussures-a-lacets-5605","status":"publish","type":"product","link":"https:\/\/pinosos.es\/fr\/boutique\/chaussures-a-lacets-5605\/","title":{"rendered":"Chaussures \u00e0 lacets 5605"},"content":{"rendered":"<p>&#8211; Chaussure \u00e0 lacets kiowa pour homme, avec lacets faits \u00e0 la main, en peau d&rsquo;agneau extra douce pour ne pas appuyer sur le pied.<\/p>\n<p>&#8211; Doublure en microfibre au toucher cuir naturel, 100% respirante et extr\u00eamement absorbante.<\/p>\n<p>&#8211; Semelle int\u00e9rieure en cuir rembourr\u00e9e pour une meilleure absorption des chocs au niveau du talon.<\/p>\n<p>&#8211; Semelle ext\u00e9rieure MICROTECH pour une grande durabilit\u00e9 et r\u00e9sistance \u00e0 l&rsquo;usure. Hauteur de la semelle 2,8 cm.<\/p>\n<p>&#8211; Forme carr\u00e9e large pour que le pied ne soit pas serr\u00e9 et qu&rsquo;il soit plus confortable.<\/p>\n<p>&nbsp;<\/p>\n<p><strong>MESURES DE LARGEUR ET DE LONGUEUR PAR POINTURE<\/strong><\/p>\n<table>\n<thead>\n<tr>\n<th align=\"center\">Pointure<\/th>\n<th align=\"center\">Largeur (mm)<\/th>\n<th align=\"center\">Longueur (mm)<\/th>\n<\/tr>\n<\/thead>\n<tbody>\n<tr>\n<td align=\"center\">39<\/td>\n<td align=\"center\">255,1<\/td>\n<td align=\"center\">259,2<\/td>\n<\/tr>\n<tr>\n<td align=\"center\">40<\/td>\n<td align=\"center\">258,4<\/td>\n<td align=\"center\">265,8<\/td>\n<\/tr>\n<tr>\n<td align=\"center\">41<\/td>\n<td align=\"center\">261,7<\/td>\n<td align=\"center\">272,4<\/td>\n<\/tr>\n<tr>\n<td align=\"center\">42<\/td>\n<td align=\"center\">265,0<\/td>\n<td align=\"center\">279,0<\/td>\n<\/tr>\n<tr>\n<td align=\"center\">43<\/td>\n<td align=\"center\">268,3<\/td>\n<td align=\"center\">285,6<\/td>\n<\/tr>\n<tr>\n<td align=\"center\">44<\/td>\n<td align=\"center\">271,6<\/td>\n<td align=\"center\">292,2<\/td>\n<\/tr>\n<tr>\n<td align=\"center\">45<\/td>\n<td align=\"center\">274,9<\/td>\n<td align=\"center\">298,8<\/td>\n<\/tr>\n<tr>\n<td align=\"center\">46<\/td>\n<td align=\"center\">278,2<\/td>\n<td align=\"center\">305,4<\/td>\n<\/tr>\n<\/tbody>\n<\/table>\n","protected":false},"excerpt":{"rendered":"<p>&#8211; Chaussure \u00e0 lacets kiowa pour homme, avec lacets faits \u00e0 la main, en peau d&rsquo;agneau extra douce pour ne pas appuyer sur le pied. &#8211; Doublure en microfibre au toucher cuir naturel, 100% respirante et extr\u00eamement absorbante. &#8211; Semelle int\u00e9rieure en cuir rembourr\u00e9e pour&#8230;<\/p>\n","protected":false},"featured_media":20736,"comment_status":"open","ping_status":"closed","template":"","meta":{"wds_primary_product_brand":0,"wds_primary_product_cat":488},"product_brand":[571],"product_cat":[488,487],"product_tag":[494,500,491,496,489,493,495,509,492],"class_list":{"0":"post-20735","1":"product","2":"type-product","3":"status-publish","4":"has-post-thumbnail","6":"product_brand-pinosos","7":"product_cat-chaussures-confortables-pour-hommes","8":"product_cat-des-chaussure-pour-lui","9":"product_tag-chaussures-a-lacets","10":"product_tag-cousu-main","11":"product_tag-lacets","12":"product_tag-large","13":"product_tag-leger","14":"product_tag-respirante","15":"product_tag-semelle-exterieure-antiderapante","16":"product_tag-semelle-interieure-matelassee","17":"product_tag-souple","18":"pa_cierre-lacet","19":"pa_color-acajou-fr","20":"pa_color-marron-fr","21":"pa_color-noir","22":"pa_talla-hombre-39-fr","23":"pa_talla-hombre-40-fr","24":"pa_talla-hombre-41-fr","25":"pa_talla-hombre-42-fr","26":"pa_talla-hombre-43-fr","27":"pa_talla-hombre-44-fr","28":"pa_talla-hombre-45-fr","29":"pa_talla-hombre-46-fr","30":"pa_talla-hombre-47-fr","32":"first","33":"instock","34":"shipping-taxable","35":"purchasable","36":"product-type-variable","37":"wvs-archive-product-wrapper"},"_links":{"self":[{"href":"https:\/\/pinosos.es\/fr\/wp-json\/wp\/v2\/product\/20735","targetHints":{"allow":["GET"]}}],"collection":[{"href":"https:\/\/pinosos.es\/fr\/wp-json\/wp\/v2\/product"}],"about":[{"href":"https:\/\/pinosos.es\/fr\/wp-json\/wp\/v2\/types\/product"}],"replies":[{"embeddable":true,"href":"https:\/\/pinosos.es\/fr\/wp-json\/wp\/v2\/comments?post=20735"}],"wp:featuredmedia":[{"embeddable":true,"href":"https:\/\/pinosos.es\/fr\/wp-json\/wp\/v2\/media\/20736"}],"wp:attachment":[{"href":"https:\/\/pinosos.es\/fr\/wp-json\/wp\/v2\/media?parent=20735"}],"wp:term":[{"taxonomy":"product_brand","embeddable":true,"href":"https:\/\/pinosos.es\/fr\/wp-json\/wp\/v2\/product_brand?post=20735"},{"taxonomy":"product_cat","embeddable":true,"href":"https:\/\/pinosos.es\/fr\/wp-json\/wp\/v2\/product_cat?post=20735"},{"taxonomy":"product_tag","embeddable":true,"href":"https:\/\/pinosos.es\/fr\/wp-json\/wp\/v2\/product_tag?post=20735"}],"curies":[{"name":"wp","href":"https:\/\/api.w.org\/{rel}","templated":true}]}}