{"id":20774,"date":"2021-04-22T13:34:21","date_gmt":"2021-04-22T11:34:21","guid":{"rendered":"https:\/\/pinosos.es\/tienda\/sin%20categor\u00eda\/sandale-6008-h\/"},"modified":"2025-06-04T14:25:31","modified_gmt":"2025-06-04T12:25:31","slug":"sandale-6008-h","status":"publish","type":"product","link":"https:\/\/pinosos.es\/fr\/boutique\/sandale-6008-h\/","title":{"rendered":"Sandale 6008-H"},"content":{"rendered":"<p>&#8211; Sandale d&rsquo;\u00e9t\u00e9 pour homme, fabriqu\u00e9e en cuir de vachette de haute qualit\u00e9, avec une finition douce et respirante. Id\u00e9ale pour les diab\u00e9tiques ou les personnes aux pieds d\u00e9licats.<\/p>\n<p>&#8211; Doublure en fibre synth\u00e9tique, mieux connue sous le nom de Coolmax, qui offre une grande r\u00e9sistance \u00e0 l&rsquo;humidit\u00e9, aidant \u00e0 garder le pied frais, sec et confortable.<\/p>\n<p>&#8211; Semelle int\u00e9rieure amovible en viscolatex de 8 mm con\u00e7ue pour les pieds sensibles, facilitant la circulation de l&rsquo;air \u00e0 chaque pas gr\u00e2ce \u00e0 l&rsquo;effet de compression-d\u00e9compression.<\/p>\n<p>&#8211; Semelle en mat\u00e9riau expans\u00e9 de faible densit\u00e9, qui permet d&rsquo;obtenir des semelles tr\u00e8s l\u00e9g\u00e8res, avec une tr\u00e8s bonne r\u00e9sistance \u00e0 l&rsquo;abrasion et au glissement. Hauteur de la semelle 2,5 cm<\/p>\n<p>&#8211; La forme extra-large est anatomique et suit la courbure naturelle du pied pour un ajustement confortable et optimal.<\/p>\n<p>&nbsp;<\/p>\n<p><strong>MESURES DE LARGEUR ET DE LONGUEUR PAR POINTURE<\/strong><\/p>\n<table style=\"height: 417px;\" width=\"270\">\n<thead>\n<tr>\n<th align=\"center\">Pointure<\/th>\n<th align=\"center\">Largeur (mm)<\/th>\n<th align=\"center\">Longueur (mm)<\/th>\n<\/tr>\n<\/thead>\n<tbody>\n<tr>\n<td align=\"center\">39<\/td>\n<td align=\"center\">256,1<\/td>\n<td align=\"center\">257,2<\/td>\n<\/tr>\n<tr>\n<td align=\"center\">40<\/td>\n<td align=\"center\">259,4<\/td>\n<td align=\"center\">263,8<\/td>\n<\/tr>\n<tr>\n<td align=\"center\">41<\/td>\n<td align=\"center\">262,7<\/td>\n<td align=\"center\">270,4<\/td>\n<\/tr>\n<tr>\n<td align=\"center\">42<\/td>\n<td align=\"center\">266,0<\/td>\n<td align=\"center\">277,0<\/td>\n<\/tr>\n<tr>\n<td align=\"center\">43<\/td>\n<td align=\"center\">269,3<\/td>\n<td align=\"center\">283,6<\/td>\n<\/tr>\n<tr>\n<td align=\"center\">44<\/td>\n<td align=\"center\">272,6<\/td>\n<td align=\"center\">290,2<\/td>\n<\/tr>\n<tr>\n<td align=\"center\">45<\/td>\n<td align=\"center\">275,9<\/td>\n<td align=\"center\">296,8<\/td>\n<\/tr>\n<tr>\n<td align=\"center\">46<\/td>\n<td align=\"center\">279,2<\/td>\n<td align=\"center\">303,4<\/td>\n<\/tr>\n<tr>\n<td align=\"center\">47<\/td>\n<td align=\"center\">282,5<\/td>\n<td align=\"center\">310,0<\/td>\n<\/tr>\n<tr>\n<td align=\"center\">48<\/td>\n<td align=\"center\">285,8<\/td>\n<td align=\"center\">316,6<\/td>\n<\/tr>\n<tr>\n<td align=\"center\">49<\/td>\n<td align=\"center\">289,1<\/td>\n<td align=\"center\">323,2<\/td>\n<\/tr>\n<tr>\n<td align=\"center\">50<\/td>\n<td align=\"center\">292,4<\/td>\n<td align=\"center\">329,8<\/td>\n<\/tr>\n<\/tbody>\n<\/table>\n","protected":false},"excerpt":{"rendered":"<p>&#8211; Sandale d&rsquo;\u00e9t\u00e9 pour homme, fabriqu\u00e9e en cuir de vachette de haute qualit\u00e9, avec une finition douce et respirante. Id\u00e9ale pour les diab\u00e9tiques ou les personnes aux pieds d\u00e9licats. &#8211; Doublure en fibre synth\u00e9tique, mieux connue sous le nom de Coolmax, qui offre une grande&#8230;<\/p>\n","protected":false},"featured_media":23730,"comment_status":"open","ping_status":"closed","template":"","meta":{"wds_primary_product_brand":0,"wds_primary_product_cat":487},"product_brand":[],"product_cat":[487,512],"product_tag":[520,514,489,516,506,493,519,490,492],"class_list":{"0":"post-20774","1":"product","2":"type-product","3":"status-publish","4":"has-post-thumbnail","6":"product_cat-des-chaussure-pour-lui","7":"product_cat-largeur-speciale-pied-sensible-homme","8":"product_tag-ete","9":"product_tag-extra-large","10":"product_tag-leger","11":"product_tag-pied-diabetique","12":"product_tag-pieds-sensibles","13":"product_tag-respirante","14":"product_tag-sandale","15":"product_tag-semelle-interieure-amovible","16":"product_tag-souple","17":"pa_ancho-h-fr","18":"pa_cierre-velcro-fr","19":"pa_color-acajou-fr","20":"pa_color-noir","21":"pa_talla-hombre-39-fr","22":"pa_talla-hombre-40-fr","23":"pa_talla-hombre-41-fr","24":"pa_talla-hombre-42-fr","25":"pa_talla-hombre-43-fr","26":"pa_talla-hombre-44-fr","27":"pa_talla-hombre-45-fr","28":"pa_talla-hombre-46-fr","29":"pa_talla-hombre-47-fr","30":"pa_talla-hombre-48-fr","31":"pa_talla-hombre-49-fr","32":"pa_talla-hombre-50-fr","34":"first","35":"instock","36":"shipping-taxable","37":"purchasable","38":"product-type-variable","39":"wvs-archive-product-wrapper"},"_links":{"self":[{"href":"https:\/\/pinosos.es\/fr\/wp-json\/wp\/v2\/product\/20774","targetHints":{"allow":["GET"]}}],"collection":[{"href":"https:\/\/pinosos.es\/fr\/wp-json\/wp\/v2\/product"}],"about":[{"href":"https:\/\/pinosos.es\/fr\/wp-json\/wp\/v2\/types\/product"}],"replies":[{"embeddable":true,"href":"https:\/\/pinosos.es\/fr\/wp-json\/wp\/v2\/comments?post=20774"}],"wp:featuredmedia":[{"embeddable":true,"href":"https:\/\/pinosos.es\/fr\/wp-json\/wp\/v2\/media\/23730"}],"wp:attachment":[{"href":"https:\/\/pinosos.es\/fr\/wp-json\/wp\/v2\/media?parent=20774"}],"wp:term":[{"taxonomy":"product_brand","embeddable":true,"href":"https:\/\/pinosos.es\/fr\/wp-json\/wp\/v2\/product_brand?post=20774"},{"taxonomy":"product_cat","embeddable":true,"href":"https:\/\/pinosos.es\/fr\/wp-json\/wp\/v2\/product_cat?post=20774"},{"taxonomy":"product_tag","embeddable":true,"href":"https:\/\/pinosos.es\/fr\/wp-json\/wp\/v2\/product_tag?post=20774"}],"curies":[{"name":"wp","href":"https:\/\/api.w.org\/{rel}","templated":true}]}}