{"id":20870,"date":"2021-04-22T13:35:30","date_gmt":"2021-04-22T09:35:30","guid":{"rendered":"https:\/\/pinosos.es\/tienda\/sin%20categor\u00eda\/chaussures-velcro-5235-noe\/"},"modified":"2025-05-17T11:49:48","modified_gmt":"2025-05-17T09:49:48","slug":"chaussures-a-velcro-5235-noe-2","status":"publish","type":"product","link":"https:\/\/pinosos.es\/fr\/boutique\/chaussures-a-velcro-5235-noe-2\/","title":{"rendered":"Chaussures \u00e0 velcro 5235 Noe"},"content":{"rendered":"<p>&#8211; Chaussure de type mocassin pour femme, fabriqu\u00e9e \u00e0 la main par Kiowa avec velcro, en peau d&rsquo;agneau, tr\u00e8s souple et l\u00e9g\u00e8re, avec une grande adaptabilit\u00e9 au pied.<\/p>\n<p>&#8211; Doublure en microfibre antibact\u00e9rienne et absorbant la transpiration pour garder le pied au sec.<\/p>\n<p>&#8211; Semelle int\u00e9rieure en microfibre avec traitement antibact\u00e9rien.<\/p>\n<p>&#8211; Semelle l\u00e9g\u00e8re et flexible.<\/p>\n<p>&#8211; Tr\u00e8s confortable, elle s&rsquo;adapte parfaitement au pied.<\/p>\n","protected":false},"excerpt":{"rendered":"<p>&#8211; Chaussure de type mocassin pour femme, fabriqu\u00e9e \u00e0 la main par Kiowa avec velcro, en peau d&rsquo;agneau, tr\u00e8s souple et l\u00e9g\u00e8re, avec une grande adaptabilit\u00e9 au pied. &#8211; Doublure en microfibre antibact\u00e9rienne et absorbant la transpiration pour garder le pied au sec. &#8211; Semelle&#8230;<\/p>\n","protected":false},"featured_media":20871,"comment_status":"open","ping_status":"closed","template":"","meta":{"wds_primary_product_brand":0,"wds_primary_product_cat":517},"product_brand":[],"product_cat":[517,313],"product_tag":[494,500,515,568,489,493,495,509,492],"class_list":{"0":"post-20870","1":"product","2":"type-product","3":"status-publish","4":"has-post-thumbnail","6":"product_cat-chaussures-confortables-femme","7":"product_cat-chaussures-confortables-femmes","8":"product_tag-chaussures-a-lacets","9":"product_tag-cousu-main","10":"product_tag-fermeture-velcro","11":"product_tag-forme-de-largeur-standard","12":"product_tag-leger","13":"product_tag-respirante","14":"product_tag-semelle-exterieure-antiderapante","15":"product_tag-semelle-interieure-matelassee","16":"product_tag-souple","17":"pa_cierre-velcro-fr","18":"pa_color-beige","19":"pa_color-blanche","20":"pa_color-noir","21":"pa_talla-mujer-35-fr","22":"pa_talla-mujer-36-fr","23":"pa_talla-mujer-37-fr","24":"pa_talla-mujer-38-fr","25":"pa_talla-mujer-39-fr","26":"pa_talla-mujer-40-fr","27":"pa_talla-mujer-41-fr","28":"pa_talla-mujer-42-fr","30":"first","31":"instock","32":"shipping-taxable","33":"purchasable","34":"product-type-variable","35":"wvs-archive-product-wrapper"},"_links":{"self":[{"href":"https:\/\/pinosos.es\/fr\/wp-json\/wp\/v2\/product\/20870","targetHints":{"allow":["GET"]}}],"collection":[{"href":"https:\/\/pinosos.es\/fr\/wp-json\/wp\/v2\/product"}],"about":[{"href":"https:\/\/pinosos.es\/fr\/wp-json\/wp\/v2\/types\/product"}],"replies":[{"embeddable":true,"href":"https:\/\/pinosos.es\/fr\/wp-json\/wp\/v2\/comments?post=20870"}],"wp:featuredmedia":[{"embeddable":true,"href":"https:\/\/pinosos.es\/fr\/wp-json\/wp\/v2\/media\/20871"}],"wp:attachment":[{"href":"https:\/\/pinosos.es\/fr\/wp-json\/wp\/v2\/media?parent=20870"}],"wp:term":[{"taxonomy":"product_brand","embeddable":true,"href":"https:\/\/pinosos.es\/fr\/wp-json\/wp\/v2\/product_brand?post=20870"},{"taxonomy":"product_cat","embeddable":true,"href":"https:\/\/pinosos.es\/fr\/wp-json\/wp\/v2\/product_cat?post=20870"},{"taxonomy":"product_tag","embeddable":true,"href":"https:\/\/pinosos.es\/fr\/wp-json\/wp\/v2\/product_tag?post=20870"}],"curies":[{"name":"wp","href":"https:\/\/api.w.org\/{rel}","templated":true}]}}