{"id":20902,"date":"2021-04-22T13:35:35","date_gmt":"2021-04-22T11:35:35","guid":{"rendered":"https:\/\/pinosos.es\/tienda\/sin%20categor\u00eda\/chaussures-velcro-5660-h-p53\/"},"modified":"2025-06-23T08:41:49","modified_gmt":"2025-06-23T06:41:49","slug":"chaussures-a-velcro-5660-h-p53","status":"publish","type":"product","link":"https:\/\/pinosos.es\/fr\/boutique\/chaussures-a-velcro-5660-h-p53\/","title":{"rendered":"Chaussures \u00e0 velcro 5660-H-P53"},"content":{"rendered":"<p>&#8211; Chaussure de type Kiowa pour homme, fabriqu\u00e9e \u00e0 la main, comme cela se faisait traditionnellement, avec velcro sur le cou-de-pied pour que le pied soit aussi bien maintenu que possible. Fabriqu\u00e9e en cuir d&rsquo;agneau de premi\u00e8re qualit\u00e9, tr\u00e8s doux et respirant.<\/p>\n<p>&#8211; Doublure en mousse Coolmax, con\u00e7ue pour garder le pied au frais et au sec, afin de l&rsquo;aider \u00e0 donner le meilleur de lui-m\u00eame.<\/p>\n<p>&#8211; Semelle int\u00e9rieure amovible en viscolatex de 8 mm con\u00e7ue pour les pieds sensibles, facilitant la circulation de l&rsquo;air \u00e0 chaque pas gr\u00e2ce \u00e0 l&rsquo;effet de compression-d\u00e9compression.<\/p>\n<p>&#8211; Semelle ext\u00e9rieure MICROTECH tr\u00e8s durable et tr\u00e8s r\u00e9sistante \u00e0 l&rsquo;usure. Hauteur de la semelle 2,8 cm.<\/p>\n<p>&#8211; Forme extra-large avec possibilit\u00e9 d&rsquo;inclure des semelles anatomiques et\/ou orthop\u00e9diques.<\/p>\n<p>&nbsp;<\/p>\n<p><strong>MESURES DE LARGEUR ET DE LONGUEUR PAR POINTURE<\/strong><\/p>\n<table>\n<thead>\n<tr>\n<th align=\"center\">Pointure<\/th>\n<th align=\"center\">Largeur (mm)<\/th>\n<th align=\"center\">Longueur (mm)<\/th>\n<\/tr>\n<\/thead>\n<tbody>\n<tr>\n<td align=\"center\">39<\/td>\n<td align=\"center\">244,1<\/td>\n<td align=\"center\">259,2<\/td>\n<\/tr>\n<tr>\n<td align=\"center\">40<\/td>\n<td align=\"center\">247,4<\/td>\n<td align=\"center\">265,8<\/td>\n<\/tr>\n<tr>\n<td align=\"center\">41<\/td>\n<td align=\"center\">250,7<\/td>\n<td align=\"center\">272,4<\/td>\n<\/tr>\n<tr>\n<td align=\"center\">42<\/td>\n<td align=\"center\">254,0<\/td>\n<td align=\"center\">279,0<\/td>\n<\/tr>\n<tr>\n<td align=\"center\">43<\/td>\n<td align=\"center\">257,3<\/td>\n<td align=\"center\">285,6<\/td>\n<\/tr>\n<tr>\n<td align=\"center\">44<\/td>\n<td align=\"center\">260,6<\/td>\n<td align=\"center\">292,2<\/td>\n<\/tr>\n<tr>\n<td align=\"center\">45<\/td>\n<td align=\"center\">263,9<\/td>\n<td align=\"center\">298,8<\/td>\n<\/tr>\n<tr>\n<td align=\"center\">46<\/td>\n<td align=\"center\">267,2<\/td>\n<td align=\"center\">305,4<\/td>\n<\/tr>\n<\/tbody>\n<\/table>\n","protected":false},"excerpt":{"rendered":"<p>&#8211; Chaussure de type Kiowa pour homme, fabriqu\u00e9e \u00e0 la main, comme cela se faisait traditionnellement, avec velcro sur le cou-de-pied pour que le pied soit aussi bien maintenu que possible. Fabriqu\u00e9e en cuir d&rsquo;agneau de premi\u00e8re qualit\u00e9, tr\u00e8s doux et respirant. &#8211; Doublure en&#8230;<\/p>\n","protected":false},"featured_media":20903,"comment_status":"open","ping_status":"closed","template":"","meta":{"wds_primary_product_brand":0,"wds_primary_product_cat":487},"product_brand":[577],"product_cat":[487,526,523],"product_tag":[494,500,514,515,516,506,493,490],"class_list":{"0":"post-20902","1":"product","2":"type-product","3":"status-publish","4":"has-post-thumbnail","6":"product_brand-pie-diabetico-pinosos","7":"product_cat-des-chaussure-pour-lui","8":"product_cat-outlet-homme","9":"product_cat-soldes","10":"product_tag-chaussures-a-lacets","11":"product_tag-cousu-main","12":"product_tag-extra-large","13":"product_tag-fermeture-velcro","14":"product_tag-pied-diabetique","15":"product_tag-pieds-sensibles","16":"product_tag-respirante","17":"product_tag-semelle-interieure-amovible","18":"pa_ancho-h-fr","19":"pa_cierre-velcro-fr","20":"pa_color-beige","21":"pa_color-noir","22":"pa_talla-hombre-39-fr","23":"pa_talla-hombre-40-fr","24":"pa_talla-hombre-41-fr","25":"pa_talla-hombre-42-fr","26":"pa_talla-hombre-43-fr","27":"pa_talla-hombre-44-fr","28":"pa_talla-hombre-45-fr","29":"pa_talla-hombre-46-fr","31":"first","32":"instock","33":"sale","34":"shipping-taxable","35":"purchasable","36":"product-type-variable","37":"wvs-archive-product-wrapper"},"_links":{"self":[{"href":"https:\/\/pinosos.es\/fr\/wp-json\/wp\/v2\/product\/20902","targetHints":{"allow":["GET"]}}],"collection":[{"href":"https:\/\/pinosos.es\/fr\/wp-json\/wp\/v2\/product"}],"about":[{"href":"https:\/\/pinosos.es\/fr\/wp-json\/wp\/v2\/types\/product"}],"replies":[{"embeddable":true,"href":"https:\/\/pinosos.es\/fr\/wp-json\/wp\/v2\/comments?post=20902"}],"wp:featuredmedia":[{"embeddable":true,"href":"https:\/\/pinosos.es\/fr\/wp-json\/wp\/v2\/media\/20903"}],"wp:attachment":[{"href":"https:\/\/pinosos.es\/fr\/wp-json\/wp\/v2\/media?parent=20902"}],"wp:term":[{"taxonomy":"product_brand","embeddable":true,"href":"https:\/\/pinosos.es\/fr\/wp-json\/wp\/v2\/product_brand?post=20902"},{"taxonomy":"product_cat","embeddable":true,"href":"https:\/\/pinosos.es\/fr\/wp-json\/wp\/v2\/product_cat?post=20902"},{"taxonomy":"product_tag","embeddable":true,"href":"https:\/\/pinosos.es\/fr\/wp-json\/wp\/v2\/product_tag?post=20902"}],"curies":[{"name":"wp","href":"https:\/\/api.w.org\/{rel}","templated":true}]}}