{"id":20967,"date":"2021-04-22T13:36:21","date_gmt":"2021-04-22T11:36:21","guid":{"rendered":"https:\/\/pinosos.es\/tienda\/sin%20categor\u00eda\/mocassin-5226-mayo\/"},"modified":"2025-01-08T11:54:07","modified_gmt":"2025-01-08T10:54:07","slug":"mocassin-5226-mayo","status":"publish","type":"product","link":"https:\/\/pinosos.es\/fr\/boutique\/mocassin-5226-mayo\/","title":{"rendered":"Mocassin 5226 Mayo"},"content":{"rendered":"<p>&#8211; Chaussure de type kiowa pour dames, fabriqu\u00e9e \u00e0 la main, tr\u00e8s confortable, en peau d&rsquo;agneau. Tr\u00e8s souple et l\u00e9g\u00e8re, elle s&rsquo;adapte parfaitement au pied.<\/p>\n<p>&#8211; Doublure en microfibre antibact\u00e9rienne et absorbant la transpiration pour garder le pied au sec.<\/p>\n<p>&#8211; Semelle int\u00e9rieure matelass\u00e9e en microfibre avec traitement antibact\u00e9rien.<\/p>\n<p>&#8211; Semelle l\u00e9g\u00e8re et flexible.<\/p>\n<p>&#8211; Confortable, elle s&rsquo;adapte parfaitement au pied.<\/p>\n","protected":false},"excerpt":{"rendered":"<p>&#8211; Chaussure de type kiowa pour dames, fabriqu\u00e9e \u00e0 la main, tr\u00e8s confortable, en peau d&rsquo;agneau. Tr\u00e8s souple et l\u00e9g\u00e8re, elle s&rsquo;adapte parfaitement au pied. &#8211; Doublure en microfibre antibact\u00e9rienne et absorbant la transpiration pour garder le pied au sec. &#8211; Semelle int\u00e9rieure matelass\u00e9e en&#8230;<\/p>\n","protected":false},"featured_media":17516,"comment_status":"open","ping_status":"closed","template":"","meta":{"wds_primary_product_brand":0,"wds_primary_product_cat":517},"product_brand":[],"product_cat":[517,313],"product_tag":[500,499,566,489,501,493,495,509,492],"class_list":{"0":"post-20967","1":"product","2":"type-product","3":"status-publish","4":"has-post-thumbnail","6":"product_cat-chaussures-confortables-femme","7":"product_cat-chaussures-confortables-femmes","8":"product_tag-cousu-main","9":"product_tag-elastique-fermeture","10":"product_tag-largeur-standard","11":"product_tag-leger","12":"product_tag-mocassin","13":"product_tag-respirante","14":"product_tag-semelle-exterieure-antiderapante","15":"product_tag-semelle-interieure-matelassee","16":"product_tag-souple","17":"pa_cierre-bande","18":"pa_color-beige","19":"pa_color-blanche","20":"pa_color-marron-fonce-fr","21":"pa_color-noir","22":"pa_talla-mujer-35-fr","23":"pa_talla-mujer-36-fr","24":"pa_talla-mujer-37-fr","25":"pa_talla-mujer-38-fr","26":"pa_talla-mujer-39-fr","27":"pa_talla-mujer-40-fr","28":"pa_talla-mujer-41-fr","29":"pa_talla-mujer-42-fr","31":"first","32":"instock","33":"shipping-taxable","34":"purchasable","35":"product-type-variable","36":"wvs-archive-product-wrapper"},"_links":{"self":[{"href":"https:\/\/pinosos.es\/fr\/wp-json\/wp\/v2\/product\/20967","targetHints":{"allow":["GET"]}}],"collection":[{"href":"https:\/\/pinosos.es\/fr\/wp-json\/wp\/v2\/product"}],"about":[{"href":"https:\/\/pinosos.es\/fr\/wp-json\/wp\/v2\/types\/product"}],"replies":[{"embeddable":true,"href":"https:\/\/pinosos.es\/fr\/wp-json\/wp\/v2\/comments?post=20967"}],"wp:featuredmedia":[{"embeddable":true,"href":"https:\/\/pinosos.es\/fr\/wp-json\/wp\/v2\/media\/17516"}],"wp:attachment":[{"href":"https:\/\/pinosos.es\/fr\/wp-json\/wp\/v2\/media?parent=20967"}],"wp:term":[{"taxonomy":"product_brand","embeddable":true,"href":"https:\/\/pinosos.es\/fr\/wp-json\/wp\/v2\/product_brand?post=20967"},{"taxonomy":"product_cat","embeddable":true,"href":"https:\/\/pinosos.es\/fr\/wp-json\/wp\/v2\/product_cat?post=20967"},{"taxonomy":"product_tag","embeddable":true,"href":"https:\/\/pinosos.es\/fr\/wp-json\/wp\/v2\/product_tag?post=20967"}],"curies":[{"name":"wp","href":"https:\/\/api.w.org\/{rel}","templated":true}]}}