{"id":21005,"date":"2021-04-22T13:36:47","date_gmt":"2021-04-22T11:36:47","guid":{"rendered":"https:\/\/pinosos.es\/tienda\/sin%20categor\u00eda\/chaussures-velcro-7201-h\/"},"modified":"2025-06-06T07:58:42","modified_gmt":"2025-06-06T05:58:42","slug":"chaussures-a-velcro-7201-h","status":"publish","type":"product","link":"https:\/\/pinosos.es\/fr\/boutique\/chaussures-a-velcro-7201-h\/","title":{"rendered":"Chaussures \u00e0 velcro 7201-H"},"content":{"rendered":"<p>&#8211; Chaussure pour homme, tr\u00e8s confortable, avec bande velcro pour un ajustement facile. Fabriqu\u00e9e en mousse d&rsquo;agneau 100% naturelle, tr\u00e8s douce et respirante, tr\u00e8s confortable et s&rsquo;adaptant au maximum au pied sans l&rsquo;oppresser.<\/p>\n<p>&#8211; Doublure Coolmax qui \u00e9vacue la transpiration du pied, le gardant frais, confortable et sec.<\/p>\n<p>&#8211; Semelle int\u00e9rieure en viscolatex de 8 mm, qui compense et r\u00e9partit les charges de pression sur la plante des pieds, en absorbant une grande partie de l&rsquo;\u00e9nergie re\u00e7ue \u00e0 chaque pas, en amortissant l&rsquo;impact et en \u00e9liminant la fatigue articulaire.<\/p>\n<p>&#8211; Semelle en mat\u00e9riau expans\u00e9 de faible densit\u00e9, tr\u00e8s l\u00e9g\u00e8re, avec une tr\u00e8s bonne r\u00e9sistance \u00e0 l&rsquo;abrasion et au glissement. Hauteur de la semelle 2,5 cm.<\/p>\n<p>&#8211; Forme extra-large avec possibilit\u00e9 d&rsquo;inclure des semelles anatomiques et\/ou orthop\u00e9diques.<\/p>\n<p>&nbsp;<\/p>\n<p><strong>MESURES DE LARGEUR ET DE LONGUEUR PAR POINTURE<\/strong><\/p>\n<table style=\"height: 442px;\" width=\"292\">\n<thead>\n<tr>\n<th align=\"center\">Pointure<\/th>\n<th align=\"center\">Largeur (mm)<\/th>\n<th align=\"center\">Longueur (mm)<\/th>\n<\/tr>\n<\/thead>\n<tbody>\n<tr>\n<td align=\"center\">39<\/td>\n<td align=\"center\">256,1<\/td>\n<td align=\"center\">257,2<\/td>\n<\/tr>\n<tr>\n<td align=\"center\">40<\/td>\n<td align=\"center\">259,4<\/td>\n<td align=\"center\">263,8<\/td>\n<\/tr>\n<tr>\n<td align=\"center\">41<\/td>\n<td align=\"center\">262,7<\/td>\n<td align=\"center\">270,4<\/td>\n<\/tr>\n<tr>\n<td align=\"center\">42<\/td>\n<td align=\"center\">266,0<\/td>\n<td align=\"center\">277,0<\/td>\n<\/tr>\n<tr>\n<td align=\"center\">43<\/td>\n<td align=\"center\">269,3<\/td>\n<td align=\"center\">283,6<\/td>\n<\/tr>\n<tr>\n<td align=\"center\">44<\/td>\n<td align=\"center\">272,6<\/td>\n<td align=\"center\">290,2<\/td>\n<\/tr>\n<tr>\n<td align=\"center\">45<\/td>\n<td align=\"center\">275,9<\/td>\n<td align=\"center\">296,8<\/td>\n<\/tr>\n<tr>\n<td align=\"center\">46<\/td>\n<td align=\"center\">279,2<\/td>\n<td align=\"center\">303,4<\/td>\n<\/tr>\n<tr>\n<td align=\"center\">47<\/td>\n<td align=\"center\">282,5<\/td>\n<td align=\"center\">310,0<\/td>\n<\/tr>\n<tr>\n<td align=\"center\">48<\/td>\n<td align=\"center\">285,8<\/td>\n<td align=\"center\">316,6<\/td>\n<\/tr>\n<tr>\n<td align=\"center\">49<\/td>\n<td align=\"center\">289,1<\/td>\n<td align=\"center\">323,2<\/td>\n<\/tr>\n<tr>\n<td align=\"center\">50<\/td>\n<td align=\"center\">292,4<\/td>\n<td align=\"center\">329,8<\/td>\n<\/tr>\n<\/tbody>\n<\/table>\n","protected":false},"excerpt":{"rendered":"<p>&#8211; Chaussure pour homme, tr\u00e8s confortable, avec bande velcro pour un ajustement facile. Fabriqu\u00e9e en mousse d&rsquo;agneau 100% naturelle, tr\u00e8s douce et respirante, tr\u00e8s confortable et s&rsquo;adaptant au maximum au pied sans l&rsquo;oppresser. &#8211; Doublure Coolmax qui \u00e9vacue la transpiration du pied, le gardant frais,&#8230;<\/p>\n","protected":false},"featured_media":23891,"comment_status":"open","ping_status":"closed","template":"","meta":{"wds_primary_product_brand":0,"wds_primary_product_cat":487},"product_brand":[577],"product_cat":[487,512],"product_tag":[494,514,515,489,516,506,493,507,495,490,492],"class_list":{"0":"post-21005","1":"product","2":"type-product","3":"status-publish","4":"has-post-thumbnail","6":"product_brand-pie-diabetico-pinosos","7":"product_cat-des-chaussure-pour-lui","8":"product_cat-largeur-speciale-pied-sensible-homme","9":"product_tag-chaussures-a-lacets","10":"product_tag-extra-large","11":"product_tag-fermeture-velcro","12":"product_tag-leger","13":"product_tag-pied-diabetique","14":"product_tag-pieds-sensibles","15":"product_tag-respirante","16":"product_tag-sans-coutures-interieures","17":"product_tag-semelle-exterieure-antiderapante","18":"product_tag-semelle-interieure-amovible","19":"product_tag-souple","20":"pa_ancho-h-fr","21":"pa_cierre-velcro-fr","22":"pa_color-noir","23":"pa_talla-hombre-39-fr","24":"pa_talla-hombre-40-fr","25":"pa_talla-hombre-41-fr","26":"pa_talla-hombre-42-fr","27":"pa_talla-hombre-43-fr","28":"pa_talla-hombre-44-fr","29":"pa_talla-hombre-45-fr","30":"pa_talla-hombre-46-fr","31":"pa_talla-hombre-47-fr","32":"pa_talla-hombre-48-fr","33":"pa_talla-hombre-49-fr","34":"pa_talla-hombre-50-fr","36":"first","37":"instock","38":"shipping-taxable","39":"purchasable","40":"product-type-variable","41":"wvs-archive-product-wrapper"},"_links":{"self":[{"href":"https:\/\/pinosos.es\/fr\/wp-json\/wp\/v2\/product\/21005","targetHints":{"allow":["GET"]}}],"collection":[{"href":"https:\/\/pinosos.es\/fr\/wp-json\/wp\/v2\/product"}],"about":[{"href":"https:\/\/pinosos.es\/fr\/wp-json\/wp\/v2\/types\/product"}],"replies":[{"embeddable":true,"href":"https:\/\/pinosos.es\/fr\/wp-json\/wp\/v2\/comments?post=21005"}],"wp:featuredmedia":[{"embeddable":true,"href":"https:\/\/pinosos.es\/fr\/wp-json\/wp\/v2\/media\/23891"}],"wp:attachment":[{"href":"https:\/\/pinosos.es\/fr\/wp-json\/wp\/v2\/media?parent=21005"}],"wp:term":[{"taxonomy":"product_brand","embeddable":true,"href":"https:\/\/pinosos.es\/fr\/wp-json\/wp\/v2\/product_brand?post=21005"},{"taxonomy":"product_cat","embeddable":true,"href":"https:\/\/pinosos.es\/fr\/wp-json\/wp\/v2\/product_cat?post=21005"},{"taxonomy":"product_tag","embeddable":true,"href":"https:\/\/pinosos.es\/fr\/wp-json\/wp\/v2\/product_tag?post=21005"}],"curies":[{"name":"wp","href":"https:\/\/api.w.org\/{rel}","templated":true}]}}