{"id":21022,"date":"2021-04-22T13:37:05","date_gmt":"2021-04-22T11:37:05","guid":{"rendered":"https:\/\/pinosos.es\/tienda\/sin%20categor\u00eda\/chaussures-velcro-5479\/"},"modified":"2025-06-10T09:50:18","modified_gmt":"2025-06-10T07:50:18","slug":"chaussures-a-velcro-5479","status":"publish","type":"product","link":"https:\/\/pinosos.es\/fr\/boutique\/chaussures-a-velcro-5479\/","title":{"rendered":"Chaussures \u00e0 velcro 5479"},"content":{"rendered":"<p>&#8211; Chaussures pour hommes avec fermeture velcro, ce qui les rend tr\u00e8s faciles \u00e0 enfiler. Elles sont fabriqu\u00e9es en cuir d&rsquo;agneau de premi\u00e8re qualit\u00e9, mouss\u00e9 pour un plus grand confort et une meilleure adaptation au pied.<\/p>\n<p>&#8211; Doublure int\u00e9rieure de derni\u00e8re g\u00e9n\u00e9ration qui maintient le pied a\u00e9r\u00e9, sec et sans odeur.<\/p>\n<p>&#8211; Semelle int\u00e9rieure amovible doubl\u00e9e d&rsquo;un mat\u00e9riau antibact\u00e9rien pour garder les pieds au sec.<\/p>\n<p>&#8211; Semelle en eva souple et antid\u00e9rapante \u00e0 tr\u00e8s faible densit\u00e9 pour un maximum de confort, de l\u00e9g\u00e8ret\u00e9 et d&rsquo;amorti.<\/p>\n<p>&#8211; Forme anatomique avec une courbure naturelle du pied pour un plus grand confort.<\/p>\n<p>SI VOUS AVEZ BESOIN DE CE MOD\u00c8LE EN LARGEUR SP\u00c9CIALE, <a href=\"https:\/\/pinosos.es\/fr\/tienda\/des-chaussure-pour-lui\/chaussures-a-velcro-5479-h\/\">CLIQUEZ ICI<\/a>.<\/p>\n<p>&nbsp;<\/p>\n<p><strong>MESURES DE LARGEUR ET DE LONGUEUR PAR POINTURE<\/strong><\/p>\n<table>\n<thead>\n<tr>\n<th align=\"center\">Pointure<\/th>\n<th align=\"center\">Largeur (mm)<\/th>\n<th align=\"center\">Longueur (mm)<\/th>\n<\/tr>\n<\/thead>\n<tbody>\n<tr>\n<td align=\"center\">39<\/td>\n<td align=\"center\">249,1<\/td>\n<td align=\"center\">259,2<\/td>\n<\/tr>\n<tr>\n<td align=\"center\">40<\/td>\n<td align=\"center\">252,4<\/td>\n<td align=\"center\">265,8<\/td>\n<\/tr>\n<tr>\n<td align=\"center\">41<\/td>\n<td align=\"center\">255,7<\/td>\n<td align=\"center\">272,4<\/td>\n<\/tr>\n<tr>\n<td align=\"center\">42<\/td>\n<td align=\"center\">259,0<\/td>\n<td align=\"center\">279,0<\/td>\n<\/tr>\n<tr>\n<td align=\"center\">43<\/td>\n<td align=\"center\">262,3<\/td>\n<td align=\"center\">285,6<\/td>\n<\/tr>\n<tr>\n<td align=\"center\">44<\/td>\n<td align=\"center\">265,6<\/td>\n<td align=\"center\">292,2<\/td>\n<\/tr>\n<tr>\n<td align=\"center\">45<\/td>\n<td align=\"center\">268,9<\/td>\n<td align=\"center\">298,8<\/td>\n<\/tr>\n<tr>\n<td align=\"center\">46<\/td>\n<td align=\"center\">272,2<\/td>\n<td align=\"center\">305,4<\/td>\n<\/tr>\n<tr>\n<td align=\"center\">47<\/td>\n<td align=\"center\">275,5<\/td>\n<td align=\"center\">312,0<\/td>\n<\/tr>\n<\/tbody>\n<\/table>\n","protected":false},"excerpt":{"rendered":"<p>&#8211; Chaussures pour hommes avec fermeture velcro, ce qui les rend tr\u00e8s faciles \u00e0 enfiler. Elles sont fabriqu\u00e9es en cuir d&rsquo;agneau de premi\u00e8re qualit\u00e9, mouss\u00e9 pour un plus grand confort et une meilleure adaptation au pied. &#8211; Doublure int\u00e9rieure de derni\u00e8re g\u00e9n\u00e9ration qui maintient le&#8230;<\/p>\n","protected":false},"featured_media":18116,"comment_status":"open","ping_status":"closed","template":"","meta":{"wds_primary_product_brand":0,"wds_primary_product_cat":488},"product_brand":[571],"product_cat":[488,487],"product_tag":[494,518,515,568,489,493,495,490,492],"class_list":{"0":"post-21022","1":"product","2":"type-product","3":"status-publish","4":"has-post-thumbnail","6":"product_brand-pinosos","7":"product_cat-chaussures-confortables-pour-hommes","8":"product_cat-des-chaussure-pour-lui","9":"product_tag-chaussures-a-lacets","10":"product_tag-elastique","11":"product_tag-fermeture-velcro","12":"product_tag-forme-de-largeur-standard","13":"product_tag-leger","14":"product_tag-respirante","15":"product_tag-semelle-exterieure-antiderapante","16":"product_tag-semelle-interieure-amovible","17":"product_tag-souple","18":"pa_cierre-velcro-fr","19":"pa_color-noir","20":"pa_talla-hombre-39-fr","21":"pa_talla-hombre-40-fr","22":"pa_talla-hombre-41-fr","23":"pa_talla-hombre-42-fr","24":"pa_talla-hombre-43-fr","25":"pa_talla-hombre-44-fr","26":"pa_talla-hombre-45-fr","27":"pa_talla-hombre-46-fr","29":"first","30":"instock","31":"shipping-taxable","32":"purchasable","33":"product-type-variable","34":"wvs-archive-product-wrapper"},"_links":{"self":[{"href":"https:\/\/pinosos.es\/fr\/wp-json\/wp\/v2\/product\/21022","targetHints":{"allow":["GET"]}}],"collection":[{"href":"https:\/\/pinosos.es\/fr\/wp-json\/wp\/v2\/product"}],"about":[{"href":"https:\/\/pinosos.es\/fr\/wp-json\/wp\/v2\/types\/product"}],"replies":[{"embeddable":true,"href":"https:\/\/pinosos.es\/fr\/wp-json\/wp\/v2\/comments?post=21022"}],"wp:featuredmedia":[{"embeddable":true,"href":"https:\/\/pinosos.es\/fr\/wp-json\/wp\/v2\/media\/18116"}],"wp:attachment":[{"href":"https:\/\/pinosos.es\/fr\/wp-json\/wp\/v2\/media?parent=21022"}],"wp:term":[{"taxonomy":"product_brand","embeddable":true,"href":"https:\/\/pinosos.es\/fr\/wp-json\/wp\/v2\/product_brand?post=21022"},{"taxonomy":"product_cat","embeddable":true,"href":"https:\/\/pinosos.es\/fr\/wp-json\/wp\/v2\/product_cat?post=21022"},{"taxonomy":"product_tag","embeddable":true,"href":"https:\/\/pinosos.es\/fr\/wp-json\/wp\/v2\/product_tag?post=21022"}],"curies":[{"name":"wp","href":"https:\/\/api.w.org\/{rel}","templated":true}]}}