{"id":21042,"date":"2021-04-22T13:37:06","date_gmt":"2021-04-22T09:37:06","guid":{"rendered":"https:\/\/pinosos.es\/tienda\/sin%20categor\u00eda\/chaussures-a-lacets-5975-clink\/"},"modified":"2025-07-03T08:28:59","modified_gmt":"2025-07-03T06:28:59","slug":"chaussures-a-lacets-5975-clink","status":"publish","type":"product","link":"https:\/\/pinosos.es\/fr\/boutique\/chaussures-a-lacets-5975-clink\/","title":{"rendered":"Chaussures \u00e0 lacets 5975 Clink"},"content":{"rendered":"<p>&#8211; Chaussure \u00e0 lacets pour homme en peau de mouton douce et l\u00e9g\u00e8re de premi\u00e8re qualit\u00e9.<\/p>\n<p>&#8211; La doublure en microfibres de pointe permet aux pieds d&rsquo;\u00eatre a\u00e9r\u00e9s, secs et de ne pas sentir les odeurs.<\/p>\n<p>&#8211; Semelle int\u00e9rieure amovible doubl\u00e9e d&rsquo;un mat\u00e9riau antibact\u00e9rien pour garder les pieds au sec.<\/p>\n<p>&#8211; Semelle souple et antid\u00e9rapante \u00e0 tr\u00e8s faible densit\u00e9 pour un maximum de confort et de l\u00e9g\u00e8ret\u00e9. Hauteur de talon de 3,8 cm.<\/p>\n<p>&#8211; Forme anatomique avec une courbure naturelle du pied pour un plus grand confort.<\/p>\n<p>&nbsp;<\/p>\n<p>*** Si vous avez besoin de ce mod\u00e8le dans une largeur sp\u00e9ciale, <a href=\"https:\/\/pinosos.es\/fr\/tienda\/des-chaussure-pour-lui\/chaussures-a-lacets-5975-h-clink\/\">cliquez ici<\/a>.<\/p>\n<p>&nbsp;<\/p>\n<p><strong>MESURES DE LARGEUR ET DE LONGUEUR PAR POINTURE<\/strong><\/p>\n<table>\n<thead>\n<tr>\n<th align=\"center\">Pointure<\/th>\n<th align=\"center\">Largeur (mm)<\/th>\n<th align=\"center\">Longueur (mm)<\/th>\n<\/tr>\n<\/thead>\n<tbody>\n<tr>\n<td align=\"center\">39<\/td>\n<td align=\"center\">244,1<\/td>\n<td align=\"center\">257,2<\/td>\n<\/tr>\n<tr>\n<td align=\"center\">40<\/td>\n<td align=\"center\">247,4<\/td>\n<td align=\"center\">263,8<\/td>\n<\/tr>\n<tr>\n<td align=\"center\">41<\/td>\n<td align=\"center\">250,7<\/td>\n<td align=\"center\">270,4<\/td>\n<\/tr>\n<tr>\n<td align=\"center\">42<\/td>\n<td align=\"center\">254,0<\/td>\n<td align=\"center\">277,0<\/td>\n<\/tr>\n<tr>\n<td align=\"center\">43<\/td>\n<td align=\"center\">257,3<\/td>\n<td align=\"center\">283,6<\/td>\n<\/tr>\n<tr>\n<td align=\"center\">44<\/td>\n<td align=\"center\">260,6<\/td>\n<td align=\"center\">290,2<\/td>\n<\/tr>\n<tr>\n<td align=\"center\">45<\/td>\n<td align=\"center\">263,9<\/td>\n<td align=\"center\">296,8<\/td>\n<\/tr>\n<tr>\n<td align=\"center\">46<\/td>\n<td align=\"center\">267,2<\/td>\n<td align=\"center\">303,4<\/td>\n<\/tr>\n<\/tbody>\n<\/table>\n","protected":false},"excerpt":{"rendered":"<p>&#8211; Chaussure \u00e0 lacets pour homme en peau de mouton douce et l\u00e9g\u00e8re de premi\u00e8re qualit\u00e9. &#8211; La doublure en microfibres de pointe permet aux pieds d&rsquo;\u00eatre a\u00e9r\u00e9s, secs et de ne pas sentir les odeurs. &#8211; Semelle int\u00e9rieure amovible doubl\u00e9e d&rsquo;un mat\u00e9riau antibact\u00e9rien pour&#8230;<\/p>\n","protected":false},"featured_media":20806,"comment_status":"open","ping_status":"closed","template":"","meta":{"wds_primary_product_brand":0,"wds_primary_product_cat":488},"product_brand":[571],"product_cat":[488,487],"product_tag":[494,491,496,489,493,507,495,490,492],"class_list":{"0":"post-21042","1":"product","2":"type-product","3":"status-publish","4":"has-post-thumbnail","6":"product_brand-pinosos","7":"product_cat-chaussures-confortables-pour-hommes","8":"product_cat-des-chaussure-pour-lui","9":"product_tag-chaussures-a-lacets","10":"product_tag-lacets","11":"product_tag-large","12":"product_tag-leger","13":"product_tag-respirante","14":"product_tag-sans-coutures-interieures","15":"product_tag-semelle-exterieure-antiderapante","16":"product_tag-semelle-interieure-amovible","17":"product_tag-souple","18":"pa_cierre-lacet","19":"pa_color-noir","20":"pa_talla-hombre-39-fr","21":"pa_talla-hombre-40-fr","22":"pa_talla-hombre-41-fr","23":"pa_talla-hombre-42-fr","24":"pa_talla-hombre-43-fr","25":"pa_talla-hombre-44-fr","26":"pa_talla-hombre-45-fr","27":"pa_talla-hombre-46-fr","29":"first","30":"instock","31":"shipping-taxable","32":"purchasable","33":"product-type-variable","34":"wvs-archive-product-wrapper"},"_links":{"self":[{"href":"https:\/\/pinosos.es\/fr\/wp-json\/wp\/v2\/product\/21042","targetHints":{"allow":["GET"]}}],"collection":[{"href":"https:\/\/pinosos.es\/fr\/wp-json\/wp\/v2\/product"}],"about":[{"href":"https:\/\/pinosos.es\/fr\/wp-json\/wp\/v2\/types\/product"}],"replies":[{"embeddable":true,"href":"https:\/\/pinosos.es\/fr\/wp-json\/wp\/v2\/comments?post=21042"}],"wp:featuredmedia":[{"embeddable":true,"href":"https:\/\/pinosos.es\/fr\/wp-json\/wp\/v2\/media\/20806"}],"wp:attachment":[{"href":"https:\/\/pinosos.es\/fr\/wp-json\/wp\/v2\/media?parent=21042"}],"wp:term":[{"taxonomy":"product_brand","embeddable":true,"href":"https:\/\/pinosos.es\/fr\/wp-json\/wp\/v2\/product_brand?post=21042"},{"taxonomy":"product_cat","embeddable":true,"href":"https:\/\/pinosos.es\/fr\/wp-json\/wp\/v2\/product_cat?post=21042"},{"taxonomy":"product_tag","embeddable":true,"href":"https:\/\/pinosos.es\/fr\/wp-json\/wp\/v2\/product_tag?post=21042"}],"curies":[{"name":"wp","href":"https:\/\/api.w.org\/{rel}","templated":true}]}}