{"id":21060,"date":"2021-04-22T13:37:49","date_gmt":"2021-04-22T11:37:49","guid":{"rendered":"https:\/\/pinosos.es\/tienda\/sin%20categor\u00eda\/chaussures-velcro-5203\/"},"modified":"2025-06-19T07:07:22","modified_gmt":"2025-06-19T05:07:22","slug":"chaussures-a-velcro-5203","status":"publish","type":"product","link":"https:\/\/pinosos.es\/fr\/boutique\/chaussures-a-velcro-5203\/","title":{"rendered":"Chaussures \u00e0 velcro 5203"},"content":{"rendered":"<p>&#8211; Chaussure pour homme, fabriqu\u00e9e \u00e0 la main de type kiowa, tr\u00e8s confortable avec une bande velcro pour faciliter l&rsquo;ajustement, en peau d&rsquo;agneau. Tr\u00e8s souple et l\u00e9g\u00e8re, elle s&rsquo;adapte parfaitement au pied.<\/p>\n<p>&#8211; Doublure technologique antibact\u00e9rienne de derni\u00e8re g\u00e9n\u00e9ration et absorbant la transpiration pour garder le pied au sec.<\/p>\n<p>&#8211; Semelle int\u00e9rieure en cuir rembourr\u00e9e pour une meilleure absorption des chocs au niveau du talon. Non amovible.<\/p>\n<p>&#8211; Semelle ext\u00e9rieure : l\u00e9g\u00e8re et flexible. Hauteur du talon : 2,8 cm<\/p>\n<p>&#8211; Forme large pour un ajustement plus confortable sans comprimer le pied.<\/p>\n<p>&nbsp;<\/p>\n<p><strong>MESURES DE LARGEUR ET DE LONGUEUR PAR POINTURE<\/strong><\/p>\n<table>\n<thead>\n<tr>\n<th align=\"center\">Pointure<\/th>\n<th align=\"center\">Largeur (mm)<\/th>\n<th align=\"center\">Longueur (mm)<\/th>\n<\/tr>\n<\/thead>\n<tbody>\n<tr>\n<td align=\"center\">39<\/td>\n<td align=\"center\">250,1<\/td>\n<td align=\"center\">259,2<\/td>\n<\/tr>\n<tr>\n<td align=\"center\">40<\/td>\n<td align=\"center\">253,4<\/td>\n<td align=\"center\">265,8<\/td>\n<\/tr>\n<tr>\n<td align=\"center\">41<\/td>\n<td align=\"center\">256,7<\/td>\n<td align=\"center\">272,4<\/td>\n<\/tr>\n<tr>\n<td align=\"center\">42<\/td>\n<td align=\"center\">260,0<\/td>\n<td align=\"center\">279,0<\/td>\n<\/tr>\n<tr>\n<td align=\"center\">43<\/td>\n<td align=\"center\">263,3<\/td>\n<td align=\"center\">285,6<\/td>\n<\/tr>\n<tr>\n<td align=\"center\">44<\/td>\n<td align=\"center\">266,6<\/td>\n<td align=\"center\">292,2<\/td>\n<\/tr>\n<tr>\n<td align=\"center\">45<\/td>\n<td align=\"center\">269,9<\/td>\n<td align=\"center\">298,8<\/td>\n<\/tr>\n<tr>\n<td align=\"center\">46<\/td>\n<td align=\"center\">273,2<\/td>\n<td align=\"center\">305,4<\/td>\n<\/tr>\n<\/tbody>\n<\/table>\n","protected":false},"excerpt":{"rendered":"<p>&#8211; Chaussure pour homme, fabriqu\u00e9e \u00e0 la main de type kiowa, tr\u00e8s confortable avec une bande velcro pour faciliter l&rsquo;ajustement, en peau d&rsquo;agneau. Tr\u00e8s souple et l\u00e9g\u00e8re, elle s&rsquo;adapte parfaitement au pied. &#8211; Doublure technologique antibact\u00e9rienne de derni\u00e8re g\u00e9n\u00e9ration et absorbant la transpiration pour garder&#8230;<\/p>\n","protected":false},"featured_media":21061,"comment_status":"open","ping_status":"closed","template":"","meta":{"wds_primary_product_brand":0,"wds_primary_product_cat":488},"product_brand":[571],"product_cat":[488,487],"product_tag":[494,500,515,496,489,493,495,509,492],"class_list":{"0":"post-21060","1":"product","2":"type-product","3":"status-publish","4":"has-post-thumbnail","6":"product_brand-pinosos","7":"product_cat-chaussures-confortables-pour-hommes","8":"product_cat-des-chaussure-pour-lui","9":"product_tag-chaussures-a-lacets","10":"product_tag-cousu-main","11":"product_tag-fermeture-velcro","12":"product_tag-large","13":"product_tag-leger","14":"product_tag-respirante","15":"product_tag-semelle-exterieure-antiderapante","16":"product_tag-semelle-interieure-matelassee","17":"product_tag-souple","18":"pa_cierre-velcro-fr","19":"pa_color-beige","20":"pa_color-blanche","21":"pa_color-noir","22":"pa_talla-hombre-39-fr","23":"pa_talla-hombre-40-fr","24":"pa_talla-hombre-41-fr","25":"pa_talla-hombre-42-fr","26":"pa_talla-hombre-43-fr","27":"pa_talla-hombre-44-fr","28":"pa_talla-hombre-45-fr","29":"pa_talla-hombre-46-fr","31":"first","32":"instock","33":"shipping-taxable","34":"purchasable","35":"product-type-variable","36":"wvs-archive-product-wrapper"},"_links":{"self":[{"href":"https:\/\/pinosos.es\/fr\/wp-json\/wp\/v2\/product\/21060","targetHints":{"allow":["GET"]}}],"collection":[{"href":"https:\/\/pinosos.es\/fr\/wp-json\/wp\/v2\/product"}],"about":[{"href":"https:\/\/pinosos.es\/fr\/wp-json\/wp\/v2\/types\/product"}],"replies":[{"embeddable":true,"href":"https:\/\/pinosos.es\/fr\/wp-json\/wp\/v2\/comments?post=21060"}],"wp:featuredmedia":[{"embeddable":true,"href":"https:\/\/pinosos.es\/fr\/wp-json\/wp\/v2\/media\/21061"}],"wp:attachment":[{"href":"https:\/\/pinosos.es\/fr\/wp-json\/wp\/v2\/media?parent=21060"}],"wp:term":[{"taxonomy":"product_brand","embeddable":true,"href":"https:\/\/pinosos.es\/fr\/wp-json\/wp\/v2\/product_brand?post=21060"},{"taxonomy":"product_cat","embeddable":true,"href":"https:\/\/pinosos.es\/fr\/wp-json\/wp\/v2\/product_cat?post=21060"},{"taxonomy":"product_tag","embeddable":true,"href":"https:\/\/pinosos.es\/fr\/wp-json\/wp\/v2\/product_tag?post=21060"}],"curies":[{"name":"wp","href":"https:\/\/api.w.org\/{rel}","templated":true}]}}