{"id":21095,"date":"2021-04-22T13:38:13","date_gmt":"2021-04-22T11:38:13","guid":{"rendered":"https:\/\/pinosos.es\/tienda\/sin%20categor\u00eda\/chaussures-a-lacets-5054-clink\/"},"modified":"2025-06-10T09:38:07","modified_gmt":"2025-06-10T07:38:07","slug":"chaussures-a-lacets-5054-clink","status":"publish","type":"product","link":"https:\/\/pinosos.es\/fr\/boutique\/chaussures-a-lacets-5054-clink\/","title":{"rendered":"Chaussures \u00e0 lacets 5054 Clink"},"content":{"rendered":"<p>&#8211; Chaussure pour homme avec lacets pour une meilleure adaptation au pied et une meilleure adh\u00e9rence, fabriqu\u00e9e avec des mat\u00e9riaux de qualit\u00e9 sup\u00e9rieure en peau de mouton douce et l\u00e9g\u00e8re.<\/p>\n<p>&#8211; La doublure int\u00e9rieure de pointe garde les pieds a\u00e9r\u00e9s, secs et exempts d&rsquo;odeurs.<\/p>\n<p>&#8211; Semelle int\u00e9rieure amovible doubl\u00e9e d&rsquo;un mat\u00e9riau antibact\u00e9rien qui garde les pieds au sec.<\/p>\n<p>&#8211; Semelle l\u00e9g\u00e8re et flexible avec une densit\u00e9 optimale pour vous aider \u00e0 marcher confortablement. Imprim\u00e9 antid\u00e9rapant et isolant pour les temps chauds et froids.<\/p>\n<p>&#8211; Forme anatomique de largeur standard avec une courbure naturelle du pied pour un plus grand confort.<\/p>\n<p>&nbsp;<\/p>\n<p>*** Si vous avez besoin de ce mod\u00e8le dans une largeur sp\u00e9ciale, <a href=\"https:\/\/pinosos.es\/fr\/tienda\/des-chaussure-pour-lui\/chaussures-a-lacets-5054-h\/\">cliquez ici<\/a>.<\/p>\n<p>&nbsp;<\/p>\n<p><strong>MESURES DE LARGEUR ET DE LONGUEUR PAR POINTURE<\/strong><\/p>\n<table>\n<thead>\n<tr>\n<th align=\"center\">Pointure<\/th>\n<th align=\"center\">Largeur (mm)<\/th>\n<th align=\"center\">Longueur (mm)<\/th>\n<\/tr>\n<\/thead>\n<tbody>\n<tr>\n<td align=\"center\">39<\/td>\n<td align=\"center\">249,1<\/td>\n<td align=\"center\">259,2<\/td>\n<\/tr>\n<tr>\n<td align=\"center\">40<\/td>\n<td align=\"center\">252,4<\/td>\n<td align=\"center\">265,8<\/td>\n<\/tr>\n<tr>\n<td align=\"center\">41<\/td>\n<td align=\"center\">255,7<\/td>\n<td align=\"center\">272,4<\/td>\n<\/tr>\n<tr>\n<td align=\"center\">42<\/td>\n<td align=\"center\">259,0<\/td>\n<td align=\"center\">279,0<\/td>\n<\/tr>\n<tr>\n<td align=\"center\">43<\/td>\n<td align=\"center\">262,3<\/td>\n<td align=\"center\">285,6<\/td>\n<\/tr>\n<tr>\n<td align=\"center\">44<\/td>\n<td align=\"center\">265,6<\/td>\n<td align=\"center\">292,2<\/td>\n<\/tr>\n<tr>\n<td align=\"center\">45<\/td>\n<td align=\"center\">268,9<\/td>\n<td align=\"center\">298,8<\/td>\n<\/tr>\n<tr>\n<td align=\"center\">46<\/td>\n<td align=\"center\">272,2<\/td>\n<td align=\"center\">305,4<\/td>\n<\/tr>\n<tr>\n<td align=\"center\">47<\/td>\n<td align=\"center\">275,5<\/td>\n<td align=\"center\">312,0<\/td>\n<\/tr>\n<\/tbody>\n<\/table>\n","protected":false},"excerpt":{"rendered":"<p>&#8211; Chaussure pour homme avec lacets pour une meilleure adaptation au pied et une meilleure adh\u00e9rence, fabriqu\u00e9e avec des mat\u00e9riaux de qualit\u00e9 sup\u00e9rieure en peau de mouton douce et l\u00e9g\u00e8re. &#8211; La doublure int\u00e9rieure de pointe garde les pieds a\u00e9r\u00e9s, secs et exempts d&rsquo;odeurs. &#8211;&#8230;<\/p>\n","protected":false},"featured_media":23679,"comment_status":"open","ping_status":"closed","template":"","meta":{"wds_primary_product_brand":0,"wds_primary_product_cat":488},"product_brand":[571],"product_cat":[488,487],"product_tag":[494,491,566,489,493,495,490,492],"class_list":{"0":"post-21095","1":"product","2":"type-product","3":"status-publish","4":"has-post-thumbnail","6":"product_brand-pinosos","7":"product_cat-chaussures-confortables-pour-hommes","8":"product_cat-des-chaussure-pour-lui","9":"product_tag-chaussures-a-lacets","10":"product_tag-lacets","11":"product_tag-largeur-standard","12":"product_tag-leger","13":"product_tag-respirante","14":"product_tag-semelle-exterieure-antiderapante","15":"product_tag-semelle-interieure-amovible","16":"product_tag-souple","17":"pa_cierre-lacet","18":"pa_color-marron-fr","19":"pa_color-noir","20":"pa_talla-hombre-40-fr","21":"pa_talla-hombre-41-fr","22":"pa_talla-hombre-42-fr","23":"pa_talla-hombre-43-fr","24":"pa_talla-hombre-44-fr","25":"pa_talla-hombre-45-fr","27":"first","28":"instock","29":"shipping-taxable","30":"purchasable","31":"product-type-variable","32":"wvs-archive-product-wrapper"},"_links":{"self":[{"href":"https:\/\/pinosos.es\/fr\/wp-json\/wp\/v2\/product\/21095","targetHints":{"allow":["GET"]}}],"collection":[{"href":"https:\/\/pinosos.es\/fr\/wp-json\/wp\/v2\/product"}],"about":[{"href":"https:\/\/pinosos.es\/fr\/wp-json\/wp\/v2\/types\/product"}],"replies":[{"embeddable":true,"href":"https:\/\/pinosos.es\/fr\/wp-json\/wp\/v2\/comments?post=21095"}],"wp:featuredmedia":[{"embeddable":true,"href":"https:\/\/pinosos.es\/fr\/wp-json\/wp\/v2\/media\/23679"}],"wp:attachment":[{"href":"https:\/\/pinosos.es\/fr\/wp-json\/wp\/v2\/media?parent=21095"}],"wp:term":[{"taxonomy":"product_brand","embeddable":true,"href":"https:\/\/pinosos.es\/fr\/wp-json\/wp\/v2\/product_brand?post=21095"},{"taxonomy":"product_cat","embeddable":true,"href":"https:\/\/pinosos.es\/fr\/wp-json\/wp\/v2\/product_cat?post=21095"},{"taxonomy":"product_tag","embeddable":true,"href":"https:\/\/pinosos.es\/fr\/wp-json\/wp\/v2\/product_tag?post=21095"}],"curies":[{"name":"wp","href":"https:\/\/api.w.org\/{rel}","templated":true}]}}