{"id":21115,"date":"2021-04-22T13:38:14","date_gmt":"2021-04-22T11:38:14","guid":{"rendered":"https:\/\/pinosos.es\/?post_type=product&#038;p=21115"},"modified":"2024-11-26T14:58:01","modified_gmt":"2024-11-26T13:58:01","slug":"chaussures-a-velcro-5627-h","status":"publish","type":"product","link":"https:\/\/pinosos.es\/fr\/boutique\/chaussures-a-velcro-5627-h\/","title":{"rendered":"Chaussures \u00e0 velcro 5627-H"},"content":{"rendered":"<p>&#8211; Chaussure pour femme avec fermeture velcro, de type kiowa artisanal, tr\u00e8s confortable, fabriqu\u00e9e en cuir naturel de la plus haute qualit\u00e9. D&rsquo;une grande souplesse et l\u00e9g\u00e8ret\u00e9 pour une plus grande adaptabilit\u00e9 au pied.<\/p>\n<p>&#8211; Doublure en microfibre avec ventilation totale car elle permet \u00e0 l&rsquo;air de circuler puisqu&rsquo;elle est 100% respirante.<\/p>\n<p>&#8211; Semelle int\u00e9rieure en viscolatex de 8 mm qui compense et r\u00e9partit les charges de pression sur la plante des pieds, en absorbant une grande partie de l&rsquo;\u00e9nergie re\u00e7ue \u00e0 chaque pas, en amortissant l&rsquo;impact et en \u00e9liminant la fatigue articulaire.<\/p>\n<p>&#8211; Semelle Microtech avec talon de 4 cm pour une grande durabilit\u00e9 et r\u00e9sistance \u00e0 l&rsquo;usure.<\/p>\n<p>&#8211; Forme extra-large pour que le pied ne se sente pas \u00e0 l&rsquo;\u00e9troit, ce qui permet d&rsquo;\u00e9viter les probl\u00e8mes de pied les plus courants. Possibilit\u00e9 d&rsquo;inclure des semelles anatomiques et\/ou orthop\u00e9diques.<\/p>\n","protected":false},"excerpt":{"rendered":"<p><br data-mce-bogus=\"1\"><\/p>\n","protected":false},"featured_media":21116,"comment_status":"open","ping_status":"closed","template":"","meta":{"wds_primary_product_brand":0,"wds_primary_product_cat":313},"product_brand":[],"product_cat":[313,527],"product_tag":[494,500,514,515,489,516,506,493,507,495,490,492],"class_list":{"0":"post-21115","1":"product","2":"type-product","3":"status-publish","4":"has-post-thumbnail","6":"product_cat-chaussures-confortables-femmes","7":"product_cat-largeur-speciale-pied-sensible-femme","8":"product_tag-chaussures-a-lacets","9":"product_tag-cousu-main","10":"product_tag-extra-large","11":"product_tag-fermeture-velcro","12":"product_tag-leger","13":"product_tag-pied-diabetique","14":"product_tag-pieds-sensibles","15":"product_tag-respirante","16":"product_tag-sans-coutures-interieures","17":"product_tag-semelle-exterieure-antiderapante","18":"product_tag-semelle-interieure-amovible","19":"product_tag-souple","20":"pa_ancho-h-fr","21":"pa_cierre-velcro-fr","22":"pa_color-noir","23":"pa_talla-mujer-35-fr","24":"pa_talla-mujer-36-fr","25":"pa_talla-mujer-37-fr","26":"pa_talla-mujer-38-fr","27":"pa_talla-mujer-39-fr","28":"pa_talla-mujer-40-fr","29":"pa_talla-mujer-41-fr","30":"pa_talla-mujer-42-fr","32":"first","33":"instock","34":"shipping-taxable","35":"purchasable","36":"product-type-variable","37":"wvs-archive-product-wrapper"},"_links":{"self":[{"href":"https:\/\/pinosos.es\/fr\/wp-json\/wp\/v2\/product\/21115","targetHints":{"allow":["GET"]}}],"collection":[{"href":"https:\/\/pinosos.es\/fr\/wp-json\/wp\/v2\/product"}],"about":[{"href":"https:\/\/pinosos.es\/fr\/wp-json\/wp\/v2\/types\/product"}],"replies":[{"embeddable":true,"href":"https:\/\/pinosos.es\/fr\/wp-json\/wp\/v2\/comments?post=21115"}],"wp:featuredmedia":[{"embeddable":true,"href":"https:\/\/pinosos.es\/fr\/wp-json\/wp\/v2\/media\/21116"}],"wp:attachment":[{"href":"https:\/\/pinosos.es\/fr\/wp-json\/wp\/v2\/media?parent=21115"}],"wp:term":[{"taxonomy":"product_brand","embeddable":true,"href":"https:\/\/pinosos.es\/fr\/wp-json\/wp\/v2\/product_brand?post=21115"},{"taxonomy":"product_cat","embeddable":true,"href":"https:\/\/pinosos.es\/fr\/wp-json\/wp\/v2\/product_cat?post=21115"},{"taxonomy":"product_tag","embeddable":true,"href":"https:\/\/pinosos.es\/fr\/wp-json\/wp\/v2\/product_tag?post=21115"}],"curies":[{"name":"wp","href":"https:\/\/api.w.org\/{rel}","templated":true}]}}