{"id":21134,"date":"2021-04-22T13:38:47","date_gmt":"2021-04-22T11:38:47","guid":{"rendered":"https:\/\/pinosos.es\/tienda\/sin%20categor\u00eda\/chaussures-a-lacets-5054-h\/"},"modified":"2025-06-23T08:35:05","modified_gmt":"2025-06-23T06:35:05","slug":"chaussures-a-lacets-5054-h","status":"publish","type":"product","link":"https:\/\/pinosos.es\/fr\/boutique\/chaussures-a-lacets-5054-h\/","title":{"rendered":"Chaussures \u00e0 lacets 5054-H"},"content":{"rendered":"<p>&#8211; Chaussure pour homme extra confortable avec lacets, fabriqu\u00e9e en cuir d&rsquo;agneau 100% naturel, tr\u00e8s doux et respirant, d&rsquo;un grand confort et d&rsquo;une adaptabilit\u00e9 maximale au pied sans l&rsquo;oppresser.<\/p>\n<p>&#8211; Doublure Coolmax qui \u00e9vacue la transpiration du pied, le gardant frais, confortable et sec.<\/p>\n<p>&#8211; Semelle int\u00e9rieure en viscolatex de 8 mm, qui compense et r\u00e9partit les charges de pression sur la plante des pieds. Elle absorbe une grande partie de l&rsquo;\u00e9nergie re\u00e7ue \u00e0 chaque pas, amortissant l&rsquo;impact et \u00e9liminant la fatigue articulaire.<\/p>\n<p>&#8211; Semelle l\u00e9g\u00e8re et flexible avec une densit\u00e9 optimale pour une marche confortable. Imprim\u00e9 antid\u00e9rapant pour \u00e9viter que la chaussure ne glisse sur les sols mouill\u00e9s. Hauteur de la semelle 3,8 cm.<\/p>\n<p>&#8211; Forme extra-large avec possibilit\u00e9 d&rsquo;inclure des semelles anatomiques et\/ou orthop\u00e9diques.<\/p>\n<p><strong>MESURES DE LARGEUR ET DE LONGUEUR PAR POINTURE<\/strong><\/p>\n<table>\n<thead>\n<tr>\n<th align=\"center\">Pointure<\/th>\n<th align=\"center\">Largeur (mm)<\/th>\n<th align=\"center\">Longueur (mm)<\/th>\n<\/tr>\n<\/thead>\n<tbody>\n<tr>\n<td align=\"center\">39<\/td>\n<td align=\"center\">239,1<\/td>\n<td align=\"center\">253,2<\/td>\n<\/tr>\n<tr>\n<td align=\"center\">40<\/td>\n<td align=\"center\">242,4<\/td>\n<td align=\"center\">259,8<\/td>\n<\/tr>\n<tr>\n<td align=\"center\">41<\/td>\n<td align=\"center\">245,7<\/td>\n<td align=\"center\">266,4<\/td>\n<\/tr>\n<tr>\n<td align=\"center\">42<\/td>\n<td align=\"center\">249,0<\/td>\n<td align=\"center\">273,0<\/td>\n<\/tr>\n<tr>\n<td align=\"center\">43<\/td>\n<td align=\"center\">252,3<\/td>\n<td align=\"center\">279,6<\/td>\n<\/tr>\n<tr>\n<td align=\"center\">44<\/td>\n<td align=\"center\">255,6<\/td>\n<td align=\"center\">286,2<\/td>\n<\/tr>\n<tr>\n<td align=\"center\">45<\/td>\n<td align=\"center\">258,9<\/td>\n<td align=\"center\">292,8<\/td>\n<\/tr>\n<tr>\n<td align=\"center\">46<\/td>\n<td align=\"center\">262,2<\/td>\n<td align=\"center\">299,4<\/td>\n<\/tr>\n<tr>\n<td align=\"center\">47<\/td>\n<td align=\"center\">265,5<\/td>\n<td align=\"center\">306,0<\/td>\n<\/tr>\n<\/tbody>\n<\/table>\n","protected":false},"excerpt":{"rendered":"<p>&#8211; Chaussure pour homme extra confortable avec lacets, fabriqu\u00e9e en cuir d&rsquo;agneau 100% naturel, tr\u00e8s doux et respirant, d&rsquo;un grand confort et d&rsquo;une adaptabilit\u00e9 maximale au pied sans l&rsquo;oppresser. &#8211; Doublure Coolmax qui \u00e9vacue la transpiration du pied, le gardant frais, confortable et sec. &#8211;&#8230;<\/p>\n","protected":false},"featured_media":21135,"comment_status":"open","ping_status":"closed","template":"","meta":{"wds_primary_product_brand":0,"wds_primary_product_cat":487},"product_brand":[577],"product_cat":[487,512],"product_tag":[494,514,491,489,516,506,493,507,495,490,492],"class_list":{"0":"post-21134","1":"product","2":"type-product","3":"status-publish","4":"has-post-thumbnail","6":"product_brand-pie-diabetico-pinosos","7":"product_cat-des-chaussure-pour-lui","8":"product_cat-largeur-speciale-pied-sensible-homme","9":"product_tag-chaussures-a-lacets","10":"product_tag-extra-large","11":"product_tag-lacets","12":"product_tag-leger","13":"product_tag-pied-diabetique","14":"product_tag-pieds-sensibles","15":"product_tag-respirante","16":"product_tag-sans-coutures-interieures","17":"product_tag-semelle-exterieure-antiderapante","18":"product_tag-semelle-interieure-amovible","19":"product_tag-souple","20":"pa_ancho-h-fr","21":"pa_cierre-lacet","22":"pa_color-noir","23":"pa_talla-hombre-39-fr","24":"pa_talla-hombre-40-fr","25":"pa_talla-hombre-41-fr","26":"pa_talla-hombre-42-fr","27":"pa_talla-hombre-43-fr","28":"pa_talla-hombre-44-fr","29":"pa_talla-hombre-45-fr","30":"pa_talla-hombre-46-fr","31":"pa_talla-hombre-47-fr","33":"first","34":"instock","35":"shipping-taxable","36":"purchasable","37":"product-type-variable","38":"wvs-archive-product-wrapper"},"_links":{"self":[{"href":"https:\/\/pinosos.es\/fr\/wp-json\/wp\/v2\/product\/21134","targetHints":{"allow":["GET"]}}],"collection":[{"href":"https:\/\/pinosos.es\/fr\/wp-json\/wp\/v2\/product"}],"about":[{"href":"https:\/\/pinosos.es\/fr\/wp-json\/wp\/v2\/types\/product"}],"replies":[{"embeddable":true,"href":"https:\/\/pinosos.es\/fr\/wp-json\/wp\/v2\/comments?post=21134"}],"wp:featuredmedia":[{"embeddable":true,"href":"https:\/\/pinosos.es\/fr\/wp-json\/wp\/v2\/media\/21135"}],"wp:attachment":[{"href":"https:\/\/pinosos.es\/fr\/wp-json\/wp\/v2\/media?parent=21134"}],"wp:term":[{"taxonomy":"product_brand","embeddable":true,"href":"https:\/\/pinosos.es\/fr\/wp-json\/wp\/v2\/product_brand?post=21134"},{"taxonomy":"product_cat","embeddable":true,"href":"https:\/\/pinosos.es\/fr\/wp-json\/wp\/v2\/product_cat?post=21134"},{"taxonomy":"product_tag","embeddable":true,"href":"https:\/\/pinosos.es\/fr\/wp-json\/wp\/v2\/product_tag?post=21134"}],"curies":[{"name":"wp","href":"https:\/\/api.w.org\/{rel}","templated":true}]}}