{"id":21150,"date":"2021-04-22T13:38:13","date_gmt":"2021-04-22T11:38:13","guid":{"rendered":"https:\/\/pinosos.es\/tienda\/sin%20categor\u00eda\/chaussures-a-lacets-5748\/"},"modified":"2025-06-19T09:05:17","modified_gmt":"2025-06-19T07:05:17","slug":"chaussures-a-lacets-5748","status":"publish","type":"product","link":"https:\/\/pinosos.es\/fr\/boutique\/chaussures-a-lacets-5748\/","title":{"rendered":"Chaussures \u00e0 lacets 5748"},"content":{"rendered":"<p>&#8211; Chaussure \u00e0 lacets pour homme, fabriqu\u00e9e en cuir d&rsquo;agneau v\u00e9ritable, souple et l\u00e9ger, offrant un plus grand confort et une plus grande polyvalence tout au long de la journ\u00e9e.<\/p>\n<p>&#8211; Doublure en technologie microfibre 100% respirante, avec une capacit\u00e9 d&rsquo;absorption sup\u00e9rieure \u00e0 celle d&rsquo;autres mat\u00e9riaux, pour garder le pied au sec et offrir un plus grand confort.<\/p>\n<p>&#8211; Semelle int\u00e9rieure amovible en microfibre antibact\u00e9rienne pour garder le pied au sec.<\/p>\n<p>&#8211; Semelle ext\u00e9rieure MICROTECH \u00e0 haute durabilit\u00e9 et r\u00e9sistance \u00e0 l&rsquo;usure. Hauteur de la semelle 2,8 cm.<\/p>\n<p>&#8211; Forme carr\u00e9e large pour un ajustement plus confortable et moins de constriction du pied.<\/p>\n<p>&nbsp;<\/p>\n<p><strong>MESURES DE LARGEUR ET DE LONGUEUR PAR POINTURE<\/strong><\/p>\n<table>\n<thead>\n<tr>\n<th align=\"center\">Pointure<\/th>\n<th align=\"center\">Largeur (mm)<\/th>\n<th align=\"center\">Longueur (mm)<\/th>\n<\/tr>\n<\/thead>\n<tbody>\n<tr>\n<td align=\"center\">39<\/td>\n<td align=\"center\">255,1<\/td>\n<td align=\"center\">259,2<\/td>\n<\/tr>\n<tr>\n<td align=\"center\">40<\/td>\n<td align=\"center\">258,4<\/td>\n<td align=\"center\">265,8<\/td>\n<\/tr>\n<tr>\n<td align=\"center\">41<\/td>\n<td align=\"center\">261,7<\/td>\n<td align=\"center\">272,4<\/td>\n<\/tr>\n<tr>\n<td align=\"center\">42<\/td>\n<td align=\"center\">265,0<\/td>\n<td align=\"center\">279,0<\/td>\n<\/tr>\n<tr>\n<td align=\"center\">43<\/td>\n<td align=\"center\">268,3<\/td>\n<td align=\"center\">285,6<\/td>\n<\/tr>\n<tr>\n<td align=\"center\">44<\/td>\n<td align=\"center\">271,6<\/td>\n<td align=\"center\">292,2<\/td>\n<\/tr>\n<tr>\n<td align=\"center\">45<\/td>\n<td align=\"center\">274,9<\/td>\n<td align=\"center\">298,8<\/td>\n<\/tr>\n<tr>\n<td align=\"center\">46<\/td>\n<td align=\"center\">278,2<\/td>\n<td align=\"center\">305,4<\/td>\n<\/tr>\n<\/tbody>\n<\/table>\n","protected":false},"excerpt":{"rendered":"<p>&#8211; Chaussure \u00e0 lacets pour homme, fabriqu\u00e9e en cuir d&rsquo;agneau v\u00e9ritable, souple et l\u00e9ger, offrant un plus grand confort et une plus grande polyvalence tout au long de la journ\u00e9e. &#8211; Doublure en technologie microfibre 100% respirante, avec une capacit\u00e9 d&rsquo;absorption sup\u00e9rieure \u00e0 celle d&rsquo;autres&#8230;<\/p>\n","protected":false},"featured_media":23693,"comment_status":"open","ping_status":"closed","template":"","meta":{"wds_primary_product_brand":0,"wds_primary_product_cat":488},"product_brand":[571],"product_cat":[488,487],"product_tag":[494,568,491,489,493,495,490,492],"class_list":{"0":"post-21150","1":"product","2":"type-product","3":"status-publish","4":"has-post-thumbnail","6":"product_brand-pinosos","7":"product_cat-chaussures-confortables-pour-hommes","8":"product_cat-des-chaussure-pour-lui","9":"product_tag-chaussures-a-lacets","10":"product_tag-forme-de-largeur-standard","11":"product_tag-lacets","12":"product_tag-leger","13":"product_tag-respirante","14":"product_tag-semelle-exterieure-antiderapante","15":"product_tag-semelle-interieure-amovible","16":"product_tag-souple","17":"pa_cierre-lacet","18":"pa_color-noir","19":"pa_talla-hombre-39-fr","20":"pa_talla-hombre-40-fr","21":"pa_talla-hombre-41-fr","22":"pa_talla-hombre-42-fr","23":"pa_talla-hombre-43-fr","24":"pa_talla-hombre-44-fr","25":"pa_talla-hombre-45-fr","26":"pa_talla-hombre-46-fr","28":"first","29":"instock","30":"shipping-taxable","31":"purchasable","32":"product-type-variable","33":"wvs-archive-product-wrapper"},"_links":{"self":[{"href":"https:\/\/pinosos.es\/fr\/wp-json\/wp\/v2\/product\/21150","targetHints":{"allow":["GET"]}}],"collection":[{"href":"https:\/\/pinosos.es\/fr\/wp-json\/wp\/v2\/product"}],"about":[{"href":"https:\/\/pinosos.es\/fr\/wp-json\/wp\/v2\/types\/product"}],"replies":[{"embeddable":true,"href":"https:\/\/pinosos.es\/fr\/wp-json\/wp\/v2\/comments?post=21150"}],"wp:featuredmedia":[{"embeddable":true,"href":"https:\/\/pinosos.es\/fr\/wp-json\/wp\/v2\/media\/23693"}],"wp:attachment":[{"href":"https:\/\/pinosos.es\/fr\/wp-json\/wp\/v2\/media?parent=21150"}],"wp:term":[{"taxonomy":"product_brand","embeddable":true,"href":"https:\/\/pinosos.es\/fr\/wp-json\/wp\/v2\/product_brand?post=21150"},{"taxonomy":"product_cat","embeddable":true,"href":"https:\/\/pinosos.es\/fr\/wp-json\/wp\/v2\/product_cat?post=21150"},{"taxonomy":"product_tag","embeddable":true,"href":"https:\/\/pinosos.es\/fr\/wp-json\/wp\/v2\/product_tag?post=21150"}],"curies":[{"name":"wp","href":"https:\/\/api.w.org\/{rel}","templated":true}]}}