{"id":21201,"date":"2021-04-22T13:38:13","date_gmt":"2021-04-22T11:38:13","guid":{"rendered":"https:\/\/pinosos.es\/tienda\/sin%20categor\u00eda\/mocassin-5615-b94\/"},"modified":"2025-06-19T08:09:48","modified_gmt":"2025-06-19T06:09:48","slug":"mocassin-5615-b94","status":"publish","type":"product","link":"https:\/\/pinosos.es\/fr\/boutique\/mocassin-5615-b94\/","title":{"rendered":"Mocassin 5615-B94"},"content":{"rendered":"<p>&#8211; Chaussures pour hommes, fabriqu\u00e9es \u00e0 la main de type kiowa, avec \u00e9lastique \u00e0 l&rsquo;int\u00e9rieur pour une plus grande adaptabilit\u00e9 au pied, fabriqu\u00e9es en peau d&rsquo;agneau extra douce pour ne pas oppresser le pied.<\/p>\n<p>&#8211; Doublure en microfibre au toucher et \u00e0 la sensation de cuir naturel, 100% respirante et extr\u00eamement absorbante.<\/p>\n<p>&#8211; Semelle int\u00e9rieure en cuir rembourr\u00e9e pour une meilleure absorption des chocs au niveau du talon.<\/p>\n<p>&#8211; Semelle ext\u00e9rieure MICROTECH pour une grande durabilit\u00e9 et r\u00e9sistance \u00e0 l&rsquo;usure. Hauteur de la semelle 2,8 cm.<\/p>\n<p>&#8211; Forme carr\u00e9e de largeur standard.<\/p>\n<p>&nbsp;<\/p>\n<p><strong>MESURES DE LARGEUR ET DE LONGUEUR PAR POINTURE<\/strong><\/p>\n<table>\n<thead>\n<tr>\n<th align=\"center\">Pointure<\/th>\n<th align=\"center\">Largeur (mm)<\/th>\n<th align=\"center\">Longueur (mm)<\/th>\n<\/tr>\n<\/thead>\n<tbody>\n<tr>\n<td align=\"center\">39<\/td>\n<td align=\"center\">255,1<\/td>\n<td align=\"center\">259,2<\/td>\n<\/tr>\n<tr>\n<td align=\"center\">40<\/td>\n<td align=\"center\">258,4<\/td>\n<td align=\"center\">265,8<\/td>\n<\/tr>\n<tr>\n<td align=\"center\">41<\/td>\n<td align=\"center\">261,7<\/td>\n<td align=\"center\">272,4<\/td>\n<\/tr>\n<tr>\n<td align=\"center\">42<\/td>\n<td align=\"center\">265,0<\/td>\n<td align=\"center\">279,0<\/td>\n<\/tr>\n<tr>\n<td align=\"center\">43<\/td>\n<td align=\"center\">268,3<\/td>\n<td align=\"center\">285,6<\/td>\n<\/tr>\n<tr>\n<td align=\"center\">44<\/td>\n<td align=\"center\">271,6<\/td>\n<td align=\"center\">292,2<\/td>\n<\/tr>\n<tr>\n<td align=\"center\">45<\/td>\n<td align=\"center\">274,9<\/td>\n<td align=\"center\">298,8<\/td>\n<\/tr>\n<tr>\n<td align=\"center\">46<\/td>\n<td align=\"center\">278,2<\/td>\n<td align=\"center\">305,4<\/td>\n<\/tr>\n<\/tbody>\n<\/table>\n","protected":false},"excerpt":{"rendered":"<p>&#8211; Chaussures pour hommes, fabriqu\u00e9es \u00e0 la main de type kiowa, avec \u00e9lastique \u00e0 l&rsquo;int\u00e9rieur pour une plus grande adaptabilit\u00e9 au pied, fabriqu\u00e9es en peau d&rsquo;agneau extra douce pour ne pas oppresser le pied. &#8211; Doublure en microfibre au toucher et \u00e0 la sensation de&#8230;<\/p>\n","protected":false},"featured_media":21202,"comment_status":"open","ping_status":"closed","template":"","meta":{"wds_primary_product_brand":0,"wds_primary_product_cat":488},"product_brand":[571],"product_cat":[488,487],"product_tag":[500,499,568,489,501,493,492],"class_list":{"0":"post-21201","1":"product","2":"type-product","3":"status-publish","4":"has-post-thumbnail","6":"product_brand-pinosos","7":"product_cat-chaussures-confortables-pour-hommes","8":"product_cat-des-chaussure-pour-lui","9":"product_tag-cousu-main","10":"product_tag-elastique-fermeture","11":"product_tag-forme-de-largeur-standard","12":"product_tag-leger","13":"product_tag-mocassin","14":"product_tag-respirante","15":"product_tag-souple","16":"pa_cierre-bande","17":"pa_color-acajou-fr","18":"pa_color-marron-fr","19":"pa_color-noir","20":"pa_talla-hombre-39-fr","21":"pa_talla-hombre-40-fr","22":"pa_talla-hombre-41-fr","23":"pa_talla-hombre-42-fr","24":"pa_talla-hombre-43-fr","25":"pa_talla-hombre-44-fr","26":"pa_talla-hombre-45-fr","27":"pa_talla-hombre-46-fr","29":"first","30":"instock","31":"shipping-taxable","32":"purchasable","33":"product-type-variable","34":"wvs-archive-product-wrapper"},"_links":{"self":[{"href":"https:\/\/pinosos.es\/fr\/wp-json\/wp\/v2\/product\/21201","targetHints":{"allow":["GET"]}}],"collection":[{"href":"https:\/\/pinosos.es\/fr\/wp-json\/wp\/v2\/product"}],"about":[{"href":"https:\/\/pinosos.es\/fr\/wp-json\/wp\/v2\/types\/product"}],"replies":[{"embeddable":true,"href":"https:\/\/pinosos.es\/fr\/wp-json\/wp\/v2\/comments?post=21201"}],"wp:featuredmedia":[{"embeddable":true,"href":"https:\/\/pinosos.es\/fr\/wp-json\/wp\/v2\/media\/21202"}],"wp:attachment":[{"href":"https:\/\/pinosos.es\/fr\/wp-json\/wp\/v2\/media?parent=21201"}],"wp:term":[{"taxonomy":"product_brand","embeddable":true,"href":"https:\/\/pinosos.es\/fr\/wp-json\/wp\/v2\/product_brand?post=21201"},{"taxonomy":"product_cat","embeddable":true,"href":"https:\/\/pinosos.es\/fr\/wp-json\/wp\/v2\/product_cat?post=21201"},{"taxonomy":"product_tag","embeddable":true,"href":"https:\/\/pinosos.es\/fr\/wp-json\/wp\/v2\/product_tag?post=21201"}],"curies":[{"name":"wp","href":"https:\/\/api.w.org\/{rel}","templated":true}]}}