{"id":21744,"date":"2024-02-22T06:50:57","date_gmt":"2024-02-22T05:50:57","guid":{"rendered":"https:\/\/pinosos.es\/tienda\/sin%20categor\u00eda\/sandale-8192\/"},"modified":"2025-06-26T08:10:00","modified_gmt":"2025-06-26T06:10:00","slug":"sandale-8192","status":"publish","type":"product","link":"https:\/\/pinosos.es\/fr\/boutique\/sandale-8192\/","title":{"rendered":"Sandale 8192"},"content":{"rendered":"<p>&#8211; Sandale d&rsquo;\u00e9t\u00e9 pour femme avec bande velcro. Fabriqu\u00e9e en cuir d&rsquo;agneau, d&rsquo;un grand confort et d&rsquo;une adaptabilit\u00e9 maximale au pied sans l&rsquo;oppresser.<\/p>\n<p>&#8211; Doublure en microfibre technique, mieux connue sous le nom d&rsquo;Arnedry, qui offre une grande r\u00e9sistance \u00e0 l&rsquo;humidit\u00e9, aidant \u00e0 garder le pied frais, sec et confortable. De plus, elle est fabriqu\u00e9e sans coutures int\u00e9rieures pour \u00e9viter les frottements.<\/p>\n<p>&#8211; Semelle int\u00e9rieure amovible en polyur\u00e9thane fa\u00e7onn\u00e9 (avec support \u00e0 l&rsquo;avant de la sandale) con\u00e7ue pour les pieds sensibles, facilitant la circulation de l&rsquo;air \u00e0 chaque pas gr\u00e2ce \u00e0 l&rsquo;effet de compression-d\u00e9compression. Avec la possibilit\u00e9 d&rsquo;inclure des semelles anatomiques et\/ou orthop\u00e9diques, gr\u00e2ce \u00e0 sa partie avant, qui maintient la semelle soumise au mouvement du pied.<\/p>\n<p>&#8211; La semelle est fabriqu\u00e9e en mat\u00e9riau expans\u00e9 de faible densit\u00e9, ce qui rend les semelles tr\u00e8s l\u00e9g\u00e8res, avec de tr\u00e8s bonnes propri\u00e9t\u00e9s d&rsquo;abrasion et d&rsquo;antid\u00e9rapance.<\/p>\n<p>&#8211; Sa forme large est con\u00e7ue de mani\u00e8re anatomique pour un ajustement confortable et optimal. Id\u00e9ale pour les personnes ayant des pieds sensibles avec des oignons, des d\u00e9formations des orteils, une mauvaise circulation ou un cou-de-pied large.<\/p>\n","protected":false},"excerpt":{"rendered":"<p>&#8211; Sandale d&rsquo;\u00e9t\u00e9 pour femme avec bande velcro. Fabriqu\u00e9e en cuir d&rsquo;agneau, d&rsquo;un grand confort et d&rsquo;une adaptabilit\u00e9 maximale au pied sans l&rsquo;oppresser. &#8211; Doublure en microfibre technique, mieux connue sous le nom d&rsquo;Arnedry, qui offre une grande r\u00e9sistance \u00e0 l&rsquo;humidit\u00e9, aidant \u00e0 garder le&#8230;<\/p>\n","protected":false},"featured_media":21752,"comment_status":"open","ping_status":"closed","template":"","meta":{"wds_primary_product_brand":0,"wds_primary_product_cat":517},"product_brand":[571],"product_cat":[517,313],"product_tag":[514,515,489,516,506,493,519,495,490],"class_list":{"0":"post-21744","1":"product","2":"type-product","3":"status-publish","4":"has-post-thumbnail","6":"product_brand-pinosos","7":"product_cat-chaussures-confortables-femme","8":"product_cat-chaussures-confortables-femmes","9":"product_tag-extra-large","10":"product_tag-fermeture-velcro","11":"product_tag-leger","12":"product_tag-pied-diabetique","13":"product_tag-pieds-sensibles","14":"product_tag-respirante","15":"product_tag-sandale","16":"product_tag-semelle-exterieure-antiderapante","17":"product_tag-semelle-interieure-amovible","18":"pa_cierre-velcro-fr","19":"pa_color-blanche","20":"pa_color-costa-fr","21":"pa_color-pomodoro-fr","22":"pa_talla-mujer-36-fr","23":"pa_talla-mujer-37-fr","24":"pa_talla-mujer-38-fr","25":"pa_talla-mujer-39-fr","26":"pa_talla-mujer-40-fr","27":"pa_talla-mujer-41-fr","29":"first","30":"instock","31":"shipping-taxable","32":"purchasable","33":"product-type-variable","34":"has-default-attributes","35":"wvs-archive-product-wrapper"},"_links":{"self":[{"href":"https:\/\/pinosos.es\/fr\/wp-json\/wp\/v2\/product\/21744","targetHints":{"allow":["GET"]}}],"collection":[{"href":"https:\/\/pinosos.es\/fr\/wp-json\/wp\/v2\/product"}],"about":[{"href":"https:\/\/pinosos.es\/fr\/wp-json\/wp\/v2\/types\/product"}],"replies":[{"embeddable":true,"href":"https:\/\/pinosos.es\/fr\/wp-json\/wp\/v2\/comments?post=21744"}],"wp:featuredmedia":[{"embeddable":true,"href":"https:\/\/pinosos.es\/fr\/wp-json\/wp\/v2\/media\/21752"}],"wp:attachment":[{"href":"https:\/\/pinosos.es\/fr\/wp-json\/wp\/v2\/media?parent=21744"}],"wp:term":[{"taxonomy":"product_brand","embeddable":true,"href":"https:\/\/pinosos.es\/fr\/wp-json\/wp\/v2\/product_brand?post=21744"},{"taxonomy":"product_cat","embeddable":true,"href":"https:\/\/pinosos.es\/fr\/wp-json\/wp\/v2\/product_cat?post=21744"},{"taxonomy":"product_tag","embeddable":true,"href":"https:\/\/pinosos.es\/fr\/wp-json\/wp\/v2\/product_tag?post=21744"}],"curies":[{"name":"wp","href":"https:\/\/api.w.org\/{rel}","templated":true}]}}