{"id":21802,"date":"2024-07-15T12:56:51","date_gmt":"2024-07-15T10:56:51","guid":{"rendered":"https:\/\/pinosos.es\/tienda\/sin categor\u00eda\/chaussures-a-lacets-6947-p39\/"},"modified":"2024-07-15T12:56:51","modified_gmt":"2024-07-15T10:56:51","slug":"chaussures-a-lacets-6947-p39","status":"publish","type":"product","link":"https:\/\/pinosos.es\/fr\/boutique\/chaussures-a-lacets-6947-p39\/","title":{"rendered":"Chaussures \u00e0 lacets 6947-P39"},"content":{"rendered":"<p>&#8211; Chaussures perfor\u00e9es pour femmes avec fermeture \u00e0 lacets. Fabriqu\u00e9es en cuir d&rsquo;agneau souple de premi\u00e8re qualit\u00e9, elles offrent un grand confort et s&rsquo;adaptent parfaitement au pied sans l&rsquo;oppresser. Id\u00e9ales pour les diab\u00e9tiques ou les personnes aux pieds d\u00e9licats.<\/p>\n<p>&#8211; Doublure en fibre synth\u00e9tique, plus connue sous le nom de Coolmax, qui offre une grande r\u00e9sistance \u00e0 l&rsquo;humidit\u00e9, aidant \u00e0 garder le pied frais, sec et confortable. Fabriqu\u00e9es sans coutures int\u00e9rieures pour \u00e9viter les frottements ou l&rsquo;\u00e9rosion des pieds.<\/p>\n<p>&#8211; Semelle int\u00e9rieure amovible en viscolatex de 5 mm, qui compense et r\u00e9partit les charges de pression sur la plante des pieds, en absorbant une grande partie de l&rsquo;\u00e9nergie re\u00e7ue \u00e0 chaque pas, en amortissant l&rsquo;impact et en \u00e9liminant la fatigue articulaire.<\/p>\n<p>&#8211; Semelle l\u00e9g\u00e8re et isolante avec une bonne absorption des chocs, antid\u00e9rapante et durable.<\/p>\n<p>&#8211; Forme extra-large, id\u00e9ale pour les pieds sensibles avec oignons, d\u00e9formations, mauvaise circulation. Possibilit\u00e9 d&rsquo;inclure des semelles anatomiques et\/ou orthop\u00e9diques.<\/p>\n","protected":false},"excerpt":{"rendered":"<p>&#8211; Chaussures perfor\u00e9es pour femmes avec fermeture \u00e0 lacets. Fabriqu\u00e9es en cuir d&rsquo;agneau souple de premi\u00e8re qualit\u00e9, elles offrent un grand confort et s&rsquo;adaptent parfaitement au pied sans l&rsquo;oppresser. Id\u00e9ales pour les diab\u00e9tiques ou les personnes aux pieds d\u00e9licats. &#8211; Doublure en fibre synth\u00e9tique, plus&#8230;<\/p>\n","protected":false},"featured_media":21792,"comment_status":"open","ping_status":"closed","template":"","meta":{"wds_primary_product_brand":0,"wds_primary_product_cat":313},"product_brand":[],"product_cat":[313,530,523],"product_tag":[531,518,514,491,489,516,506,493,507,495,490,492],"class_list":{"0":"post-21802","1":"product","2":"type-product","3":"status-publish","4":"has-post-thumbnail","6":"product_cat-chaussures-confortables-femmes","7":"product_cat-dernieres-tailles-femme","8":"product_cat-soldes","9":"product_tag-baskets","10":"product_tag-elastique","11":"product_tag-extra-large","12":"product_tag-lacets","13":"product_tag-leger","14":"product_tag-pied-diabetique","15":"product_tag-pieds-sensibles","16":"product_tag-respirante","17":"product_tag-sans-coutures-interieures","18":"product_tag-semelle-exterieure-antiderapante","19":"product_tag-semelle-interieure-amovible","20":"product_tag-souple","21":"pa_ancho-h-fr","22":"pa_cierre-lacet","23":"pa_color-argent","24":"pa_talla-mujer-38-fr","25":"pa_talla-mujer-39-fr","27":"first","28":"instock","29":"sale","30":"shipping-taxable","31":"purchasable","32":"product-type-variable","33":"wvs-archive-product-wrapper"},"_links":{"self":[{"href":"https:\/\/pinosos.es\/fr\/wp-json\/wp\/v2\/product\/21802","targetHints":{"allow":["GET"]}}],"collection":[{"href":"https:\/\/pinosos.es\/fr\/wp-json\/wp\/v2\/product"}],"about":[{"href":"https:\/\/pinosos.es\/fr\/wp-json\/wp\/v2\/types\/product"}],"replies":[{"embeddable":true,"href":"https:\/\/pinosos.es\/fr\/wp-json\/wp\/v2\/comments?post=21802"}],"wp:featuredmedia":[{"embeddable":true,"href":"https:\/\/pinosos.es\/fr\/wp-json\/wp\/v2\/media\/21792"}],"wp:attachment":[{"href":"https:\/\/pinosos.es\/fr\/wp-json\/wp\/v2\/media?parent=21802"}],"wp:term":[{"taxonomy":"product_brand","embeddable":true,"href":"https:\/\/pinosos.es\/fr\/wp-json\/wp\/v2\/product_brand?post=21802"},{"taxonomy":"product_cat","embeddable":true,"href":"https:\/\/pinosos.es\/fr\/wp-json\/wp\/v2\/product_cat?post=21802"},{"taxonomy":"product_tag","embeddable":true,"href":"https:\/\/pinosos.es\/fr\/wp-json\/wp\/v2\/product_tag?post=21802"}],"curies":[{"name":"wp","href":"https:\/\/api.w.org\/{rel}","templated":true}]}}