{"id":21833,"date":"2021-04-22T13:38:15","date_gmt":"2021-04-22T11:38:15","guid":{"rendered":"https:\/\/pinosos.es\/tienda\/sin%20categor\u00eda\/chaussures-oxford-a-velcro-xxl-7371\/"},"modified":"2026-01-05T08:20:03","modified_gmt":"2026-01-05T07:20:03","slug":"chaussures-oxford-a-velcro-xxl-7371","status":"publish","type":"product","link":"https:\/\/pinosos.es\/fr\/boutique\/chaussures-oxford-a-velcro-xxl-7371\/","title":{"rendered":"Chaussures Oxford \u00e0 velcro XXL 7371"},"content":{"rendered":"<p>&#8211; Chaussure d\u00e9contract\u00e9e pour femme avec bande velcro. Fabriqu\u00e9e en cuir d&rsquo;agneau souple de premi\u00e8re qualit\u00e9, mouss\u00e9e pour un grand confort et une adaptabilit\u00e9 maximale au pied sans l&rsquo;oppresser. Id\u00e9ale pour les diab\u00e9tiques ou les personnes aux pieds d\u00e9licats.<\/p>\n<p>&#8211; Doublure en fibre synth\u00e9tique, plus connue sous le nom de Coolmax, qui offre une grande r\u00e9sistance \u00e0 l&rsquo;humidit\u00e9, aidant \u00e0 garder le pied frais, sec et confortable. Elle est \u00e9galement fabriqu\u00e9e sans coutures pour \u00e9viter les frottements.<\/p>\n<p>&#8211; Semelle int\u00e9rieure amovible en viscolatex de 5 mm qui compense et r\u00e9partit les charges de pression sur la plante des pieds, en absorbant une grande partie de l&rsquo;\u00e9nergie re\u00e7ue \u00e0 chaque pas, en amortissant l&rsquo;impact et en \u00e9liminant la fatigue articulaire.<\/p>\n<p>&#8211; La semelle TR LIGHT est un mat\u00e9riau expans\u00e9 \u00e0 faible densit\u00e9, qui rend les semelles tr\u00e8s l\u00e9g\u00e8res, avec une tr\u00e8s bonne r\u00e9sistance \u00e0 l&rsquo;abrasion et antid\u00e9rapantes. Hauteur de la semelle 4 cm.<\/p>\n<p>&#8211; La forme extra large XXL est id\u00e9ale pour les pieds sensibles avec des oignons, des d\u00e9formations, une mauvaise circulation. Possibilit\u00e9 d&rsquo;inclure des semelles anatomiques et\/ou orthop\u00e9diques.<\/p>\n<p>&nbsp;<\/p>\n<p><strong>MESURES DE LARGEUR ET DE LONGUEUR PAR POINTURE<\/strong><\/p>\n<table style=\"height: 290px;\" width=\"307\">\n<thead>\n<tr>\n<th align=\"center\">Pointure<\/th>\n<th align=\"center\">Largeur (mm)<\/th>\n<th align=\"center\">Longueur (mm)<\/th>\n<\/tr>\n<\/thead>\n<tbody>\n<tr>\n<td align=\"center\">35<\/td>\n<td align=\"center\">244,4<\/td>\n<td align=\"center\">231,8<\/td>\n<\/tr>\n<tr>\n<td align=\"center\">36<\/td>\n<td align=\"center\">247,7<\/td>\n<td align=\"center\">238,4<\/td>\n<\/tr>\n<tr>\n<td align=\"center\">37<\/td>\n<td align=\"center\">251<\/td>\n<td align=\"center\">245,0<\/td>\n<\/tr>\n<tr>\n<td align=\"center\">38<\/td>\n<td align=\"center\">254,3<\/td>\n<td align=\"center\">251,6<\/td>\n<\/tr>\n<tr>\n<td align=\"center\">39<\/td>\n<td align=\"center\">257,6<\/td>\n<td align=\"center\">258,2<\/td>\n<\/tr>\n<tr>\n<td align=\"center\">40<\/td>\n<td align=\"center\">260,9<\/td>\n<td align=\"center\">264,8<\/td>\n<\/tr>\n<tr>\n<td align=\"center\">41<\/td>\n<td align=\"center\">264,2<\/td>\n<td align=\"center\">271,4<\/td>\n<\/tr>\n<tr>\n<td align=\"center\">42<\/td>\n<td align=\"center\">267,5<\/td>\n<td align=\"center\">278,0<\/td>\n<\/tr>\n<\/tbody>\n<\/table>\n","protected":false},"excerpt":{"rendered":"<p>&#8211; Chaussure d\u00e9contract\u00e9e pour femme avec bande velcro. Fabriqu\u00e9e en cuir d&rsquo;agneau souple de premi\u00e8re qualit\u00e9, mouss\u00e9e pour un grand confort et une adaptabilit\u00e9 maximale au pied sans l&rsquo;oppresser. Id\u00e9ale pour les diab\u00e9tiques ou les personnes aux pieds d\u00e9licats. &#8211; Doublure en fibre synth\u00e9tique, plus&#8230;<\/p>\n","protected":false},"featured_media":37231,"comment_status":"open","ping_status":"closed","template":"","meta":{"wds_primary_product_brand":0,"wds_primary_product_cat":313},"product_brand":[577],"product_cat":[313,527],"product_tag":[532,514,515,489,516,506,493,507,495,490,492],"class_list":{"0":"post-21833","1":"product","2":"type-product","3":"status-publish","4":"has-post-thumbnail","6":"product_brand-pie-diabetico-pinosos","7":"product_cat-chaussures-confortables-femmes","8":"product_cat-largeur-speciale-pied-sensible-femme","9":"product_tag-chaussures-oxford","10":"product_tag-extra-large","11":"product_tag-fermeture-velcro","12":"product_tag-leger","13":"product_tag-pied-diabetique","14":"product_tag-pieds-sensibles","15":"product_tag-respirante","16":"product_tag-sans-coutures-interieures","17":"product_tag-semelle-exterieure-antiderapante","18":"product_tag-semelle-interieure-amovible","19":"product_tag-souple","20":"pa_ancho-h-fr","21":"pa_cierre-velcro-fr","22":"pa_color-noir","23":"pa_talla-mujer-35-fr","24":"pa_talla-mujer-36-fr","25":"pa_talla-mujer-37-fr","26":"pa_talla-mujer-38-fr","27":"pa_talla-mujer-39-fr","28":"pa_talla-mujer-40-fr","29":"pa_talla-mujer-41-fr","30":"pa_talla-mujer-42-fr","32":"first","33":"instock","34":"shipping-taxable","35":"purchasable","36":"product-type-variable","37":"wvs-archive-product-wrapper"},"_links":{"self":[{"href":"https:\/\/pinosos.es\/fr\/wp-json\/wp\/v2\/product\/21833","targetHints":{"allow":["GET"]}}],"collection":[{"href":"https:\/\/pinosos.es\/fr\/wp-json\/wp\/v2\/product"}],"about":[{"href":"https:\/\/pinosos.es\/fr\/wp-json\/wp\/v2\/types\/product"}],"replies":[{"embeddable":true,"href":"https:\/\/pinosos.es\/fr\/wp-json\/wp\/v2\/comments?post=21833"}],"wp:featuredmedia":[{"embeddable":true,"href":"https:\/\/pinosos.es\/fr\/wp-json\/wp\/v2\/media\/37231"}],"wp:attachment":[{"href":"https:\/\/pinosos.es\/fr\/wp-json\/wp\/v2\/media?parent=21833"}],"wp:term":[{"taxonomy":"product_brand","embeddable":true,"href":"https:\/\/pinosos.es\/fr\/wp-json\/wp\/v2\/product_brand?post=21833"},{"taxonomy":"product_cat","embeddable":true,"href":"https:\/\/pinosos.es\/fr\/wp-json\/wp\/v2\/product_cat?post=21833"},{"taxonomy":"product_tag","embeddable":true,"href":"https:\/\/pinosos.es\/fr\/wp-json\/wp\/v2\/product_tag?post=21833"}],"curies":[{"name":"wp","href":"https:\/\/api.w.org\/{rel}","templated":true}]}}