{"id":21851,"date":"2024-06-27T09:55:10","date_gmt":"2024-06-27T07:55:10","guid":{"rendered":"https:\/\/pinosos.es\/tienda\/sin%20categor\u00eda\/ballerines-7632-g-daim\/"},"modified":"2025-05-23T11:13:44","modified_gmt":"2025-05-23T09:13:44","slug":"ballerines-7632-g-daim","status":"publish","type":"product","link":"https:\/\/pinosos.es\/fr\/boutique\/ballerines-7632-g-daim\/","title":{"rendered":"Mary Jane 7632-G Daim"},"content":{"rendered":"<p>&#8211; Chaussure pour femmes avec bande velcro. Fabriqu\u00e9e en cuir velours souple de la plus haute qualit\u00e9, d&rsquo;un grand confort et d&rsquo;une adaptabilit\u00e9 maximale au pied (sans l&rsquo;oppresser) et en maille qui permet l&rsquo;a\u00e9ration du pied. Id\u00e9al pour les personnes aux pieds d\u00e9licats.<\/p>\n<p>&#8211; Doublure en fibre synth\u00e9tique, qui offre une grande r\u00e9sistance \u00e0 l&rsquo;humidit\u00e9, contribuant \u00e0 maintenir le pied frais, sec et confortable. En outre, elle est fabriqu\u00e9e sans coutures pour \u00e9viter les frottements.<\/p>\n<p>&#8211; Semelle int\u00e9rieure amovible en viscolatex de 5 mm, qui compense et r\u00e9partit les charges de pression sur la plante des pieds, en absorbant une grande partie de l&rsquo;\u00e9nergie re\u00e7ue \u00e0 chaque pas, en amortissant l&rsquo;impact et en \u00e9liminant la fatigue articulaire.<\/p>\n<p>&#8211; Semelle l\u00e9g\u00e8re et isolante avec une bonne absorption des chocs, antid\u00e9rapante, durable, inalt\u00e9rable et tr\u00e8s r\u00e9sistante \u00e0 la d\u00e9chirure.<\/p>\n<p>&#8211; Forme large id\u00e9ale pour les pieds sensibles avec hallux valgus, d\u00e9formations, mauvaise circulation. Possibilit\u00e9 d&rsquo;inclure des semelles anatomiques et\/ou orthop\u00e9diques.<\/p>\n","protected":false},"excerpt":{"rendered":"<p>&#8211; Chaussure pour femmes avec bande velcro. Fabriqu\u00e9e en cuir velours souple de la plus haute qualit\u00e9, d&rsquo;un grand confort et d&rsquo;une adaptabilit\u00e9 maximale au pied (sans l&rsquo;oppresser) et en maille qui permet l&rsquo;a\u00e9ration du pied. Id\u00e9al pour les personnes aux pieds d\u00e9licats. &#8211; Doublure&#8230;<\/p>\n","protected":false},"featured_media":20026,"comment_status":"open","ping_status":"closed","template":"","meta":{"wds_primary_product_brand":0,"wds_primary_product_cat":313},"product_brand":[576],"product_cat":[313,530,523],"product_tag":[535,582,536,520,515,496,489,506,493,507,495,490],"class_list":{"0":"post-21851","1":"product","2":"type-product","3":"status-publish","4":"has-post-thumbnail","6":"product_brand-comode-by-pinosos","7":"product_cat-chaussures-confortables-femmes","8":"product_cat-dernieres-tailles-femme","9":"product_cat-soldes","10":"product_tag-ballerines","11":"product_tag-chaussure-mary-jane","12":"product_tag-douceur","13":"product_tag-ete","14":"product_tag-fermeture-velcro","15":"product_tag-large","16":"product_tag-leger","17":"product_tag-pieds-sensibles","18":"product_tag-respirante","19":"product_tag-sans-coutures-interieures","20":"product_tag-semelle-exterieure-antiderapante","21":"product_tag-semelle-interieure-amovible","22":"pa_ancho-g-fr","23":"pa_cierre-velcro-fr","24":"pa_color-grise","25":"pa_talla-mujer-35-fr","26":"pa_talla-mujer-41-fr","28":"first","29":"instock","30":"sale","31":"shipping-taxable","32":"purchasable","33":"product-type-variable","34":"has-default-attributes","35":"wvs-archive-product-wrapper"},"_links":{"self":[{"href":"https:\/\/pinosos.es\/fr\/wp-json\/wp\/v2\/product\/21851","targetHints":{"allow":["GET"]}}],"collection":[{"href":"https:\/\/pinosos.es\/fr\/wp-json\/wp\/v2\/product"}],"about":[{"href":"https:\/\/pinosos.es\/fr\/wp-json\/wp\/v2\/types\/product"}],"replies":[{"embeddable":true,"href":"https:\/\/pinosos.es\/fr\/wp-json\/wp\/v2\/comments?post=21851"}],"wp:featuredmedia":[{"embeddable":true,"href":"https:\/\/pinosos.es\/fr\/wp-json\/wp\/v2\/media\/20026"}],"wp:attachment":[{"href":"https:\/\/pinosos.es\/fr\/wp-json\/wp\/v2\/media?parent=21851"}],"wp:term":[{"taxonomy":"product_brand","embeddable":true,"href":"https:\/\/pinosos.es\/fr\/wp-json\/wp\/v2\/product_brand?post=21851"},{"taxonomy":"product_cat","embeddable":true,"href":"https:\/\/pinosos.es\/fr\/wp-json\/wp\/v2\/product_cat?post=21851"},{"taxonomy":"product_tag","embeddable":true,"href":"https:\/\/pinosos.es\/fr\/wp-json\/wp\/v2\/product_tag?post=21851"}],"curies":[{"name":"wp","href":"https:\/\/api.w.org\/{rel}","templated":true}]}}