{"id":21857,"date":"2024-06-27T07:35:47","date_gmt":"2024-06-27T05:35:47","guid":{"rendered":"https:\/\/pinosos.es\/tienda\/sin%20categor\u00eda\/sandale-7398-daim\/"},"modified":"2024-10-10T12:16:55","modified_gmt":"2024-10-10T10:16:55","slug":"sandale-7398-daim","status":"publish","type":"product","link":"https:\/\/pinosos.es\/fr\/boutique\/sandale-7398-daim\/","title":{"rendered":"Sandale 7398 Daim"},"content":{"rendered":"<p>&#8211; Sandale d&rsquo;\u00e9t\u00e9 pour femme avec fermeture \u00e0 lacets de style gladiateur. Fabriqu\u00e9e en cuir velours souple de premi\u00e8re qualit\u00e9, elle est dot\u00e9e d&rsquo;un rembourrage suppl\u00e9mentaire \u00e0 l&rsquo;arri\u00e8re de la chaussure, ce qui offre un confort accru \u00e0 vos pieds lorsque vous marchez.<\/p>\n<p>&#8211; Doublure en microfibre absorbante, avec ventilation compl\u00e8te pour garder les pieds au sec, au frais et \u00e0 l&rsquo;aise.<\/p>\n<p>&#8211; Semelle int\u00e9rieure amovible en polyur\u00e9thane qui s&rsquo;adapte parfaitement \u00e0 vos pieds \u00e0 chaque pas, absorbant l&rsquo;impact et offrant le confort dont vos pieds ont besoin.<\/p>\n<p>&#8211; Semelle plate, antid\u00e9rapante, thermo-isolante et tr\u00e8s l\u00e9g\u00e8re pour un plus grand confort du pied.<\/p>\n<p>&#8211; Forme large qui n&rsquo;oppresse pas le pied et permet l&rsquo;adaptation de semelles anatomiques ou orthop\u00e9diques.<\/p>\n","protected":false},"excerpt":{"rendered":"<p>&#8211; Sandale d&rsquo;\u00e9t\u00e9 pour femme avec fermeture \u00e0 lacets de style gladiateur. Fabriqu\u00e9e en cuir velours souple de premi\u00e8re qualit\u00e9, elle est dot\u00e9e d&rsquo;un rembourrage suppl\u00e9mentaire \u00e0 l&rsquo;arri\u00e8re de la chaussure, ce qui offre un confort accru \u00e0 vos pieds lorsque vous marchez. &#8211; Doublure&#8230;<\/p>\n","protected":false},"featured_media":19992,"comment_status":"open","ping_status":"closed","template":"","meta":{"wds_primary_product_brand":0,"wds_primary_product_cat":313},"product_brand":[],"product_cat":[313,530,523],"product_tag":[536,520,491,496,489,493,519,495,490,492],"class_list":{"0":"post-21857","1":"product","2":"type-product","3":"status-publish","4":"has-post-thumbnail","6":"product_cat-chaussures-confortables-femmes","7":"product_cat-dernieres-tailles-femme","8":"product_cat-soldes","9":"product_tag-douceur","10":"product_tag-ete","11":"product_tag-lacets","12":"product_tag-large","13":"product_tag-leger","14":"product_tag-respirante","15":"product_tag-sandale","16":"product_tag-semelle-exterieure-antiderapante","17":"product_tag-semelle-interieure-amovible","18":"product_tag-souple","19":"pa_cierre-lacet","20":"pa_color-rose","21":"pa_talla-mujer-38-fr","22":"pa_talla-mujer-39-fr","24":"first","25":"instock","26":"sale","27":"shipping-taxable","28":"purchasable","29":"product-type-variable","30":"wvs-archive-product-wrapper"},"_links":{"self":[{"href":"https:\/\/pinosos.es\/fr\/wp-json\/wp\/v2\/product\/21857","targetHints":{"allow":["GET"]}}],"collection":[{"href":"https:\/\/pinosos.es\/fr\/wp-json\/wp\/v2\/product"}],"about":[{"href":"https:\/\/pinosos.es\/fr\/wp-json\/wp\/v2\/types\/product"}],"replies":[{"embeddable":true,"href":"https:\/\/pinosos.es\/fr\/wp-json\/wp\/v2\/comments?post=21857"}],"wp:featuredmedia":[{"embeddable":true,"href":"https:\/\/pinosos.es\/fr\/wp-json\/wp\/v2\/media\/19992"}],"wp:attachment":[{"href":"https:\/\/pinosos.es\/fr\/wp-json\/wp\/v2\/media?parent=21857"}],"wp:term":[{"taxonomy":"product_brand","embeddable":true,"href":"https:\/\/pinosos.es\/fr\/wp-json\/wp\/v2\/product_brand?post=21857"},{"taxonomy":"product_cat","embeddable":true,"href":"https:\/\/pinosos.es\/fr\/wp-json\/wp\/v2\/product_cat?post=21857"},{"taxonomy":"product_tag","embeddable":true,"href":"https:\/\/pinosos.es\/fr\/wp-json\/wp\/v2\/product_tag?post=21857"}],"curies":[{"name":"wp","href":"https:\/\/api.w.org\/{rel}","templated":true}]}}