{"id":21863,"date":"2024-06-25T07:18:16","date_gmt":"2024-06-25T05:18:16","guid":{"rendered":"https:\/\/pinosos.es\/tienda\/sin%20categor\u00eda\/sandale-7757\/"},"modified":"2024-09-18T07:23:35","modified_gmt":"2024-09-18T05:23:35","slug":"sandale-7757","status":"publish","type":"product","link":"https:\/\/pinosos.es\/fr\/boutique\/sandale-7757\/","title":{"rendered":"Sandale 7757"},"content":{"rendered":"<p>&#8211; Sandale d&rsquo;\u00e9t\u00e9 pour femme avec fermeture velcro sur le cou-de-pied (orn\u00e9e d&rsquo;une boucle) et bride transversale. Fabriqu\u00e9es en cuir de vachette de premi\u00e8re qualit\u00e9.<\/p>\n<p>&#8211; Doublure en microfibre absorbante et 100 % respirante qui garde les pieds au sec, au frais et \u00e0 l&rsquo;aise.<\/p>\n<p>&#8211; Semelle int\u00e9rieure amovible en polyur\u00e9thane pour un meilleur confort \u00e0 chaque pas.<\/p>\n<p>&#8211; Semelle antid\u00e9rapante, isolante, flexible et l\u00e9g\u00e8re.<\/p>\n<p>&#8211; Forme large permettant l&rsquo;adaptation de semelles anatomiques ou orthop\u00e9diques.<\/p>\n","protected":false},"excerpt":{"rendered":"<p>&#8211; Sandale d&rsquo;\u00e9t\u00e9 pour femme avec fermeture velcro sur le cou-de-pied (orn\u00e9e d&rsquo;une boucle) et bride transversale. Fabriqu\u00e9es en cuir de vachette de premi\u00e8re qualit\u00e9. &#8211; Doublure en microfibre absorbante et 100 % respirante qui garde les pieds au sec, au frais et \u00e0 l&rsquo;aise&#8230;.<\/p>\n","protected":false},"featured_media":19950,"comment_status":"open","ping_status":"closed","template":"","meta":{"wds_primary_product_brand":0,"wds_primary_product_cat":313},"product_brand":[],"product_cat":[313,530,523],"product_tag":[520,515,496,489,506,493,519,495,490,492],"class_list":{"0":"post-21863","1":"product","2":"type-product","3":"status-publish","4":"has-post-thumbnail","6":"product_cat-chaussures-confortables-femmes","7":"product_cat-dernieres-tailles-femme","8":"product_cat-soldes","9":"product_tag-ete","10":"product_tag-fermeture-velcro","11":"product_tag-large","12":"product_tag-leger","13":"product_tag-pieds-sensibles","14":"product_tag-respirante","15":"product_tag-sandale","16":"product_tag-semelle-exterieure-antiderapante","17":"product_tag-semelle-interieure-amovible","18":"product_tag-souple","19":"pa_cierre-velcro-fr","20":"pa_color-costa-fr","21":"pa_talla-mujer-42-fr","23":"first","24":"instock","25":"sale","26":"shipping-taxable","27":"purchasable","28":"product-type-variable","29":"has-default-attributes","30":"wvs-archive-product-wrapper"},"_links":{"self":[{"href":"https:\/\/pinosos.es\/fr\/wp-json\/wp\/v2\/product\/21863","targetHints":{"allow":["GET"]}}],"collection":[{"href":"https:\/\/pinosos.es\/fr\/wp-json\/wp\/v2\/product"}],"about":[{"href":"https:\/\/pinosos.es\/fr\/wp-json\/wp\/v2\/types\/product"}],"replies":[{"embeddable":true,"href":"https:\/\/pinosos.es\/fr\/wp-json\/wp\/v2\/comments?post=21863"}],"wp:featuredmedia":[{"embeddable":true,"href":"https:\/\/pinosos.es\/fr\/wp-json\/wp\/v2\/media\/19950"}],"wp:attachment":[{"href":"https:\/\/pinosos.es\/fr\/wp-json\/wp\/v2\/media?parent=21863"}],"wp:term":[{"taxonomy":"product_brand","embeddable":true,"href":"https:\/\/pinosos.es\/fr\/wp-json\/wp\/v2\/product_brand?post=21863"},{"taxonomy":"product_cat","embeddable":true,"href":"https:\/\/pinosos.es\/fr\/wp-json\/wp\/v2\/product_cat?post=21863"},{"taxonomy":"product_tag","embeddable":true,"href":"https:\/\/pinosos.es\/fr\/wp-json\/wp\/v2\/product_tag?post=21863"}],"curies":[{"name":"wp","href":"https:\/\/api.w.org\/{rel}","templated":true}]}}