{"id":23113,"date":"2024-05-03T12:39:33","date_gmt":"2024-05-03T10:39:33","guid":{"rendered":"https:\/\/pinosos.es\/tienda\/non%20class\u00e9\/chaussures-a-velcro-5235-mayo-noir\/"},"modified":"2025-01-08T10:41:11","modified_gmt":"2025-01-08T09:41:11","slug":"chaussures-a-velcro-5235-mayo-noir","status":"publish","type":"product","link":"https:\/\/pinosos.es\/fr\/boutique\/chaussures-a-velcro-5235-mayo-noir\/","title":{"rendered":"Chaussures \u00e1 velcro 5235 Mayo Noir"},"content":{"rendered":"<p>&#8211; Chaussure pour femmes de type Kiowa, fabriqu\u00e9e \u00e0 la main avec fermeture velcro, en peau d&rsquo;agneau. Tr\u00e8s souple et l\u00e9g\u00e8re, elle s&rsquo;adapte parfaitement au pied.<\/p>\n<p>&#8211; Doublure en microfibre antibact\u00e9rienne et absorbant la transpiration pour garder le pied au sec.<\/p>\n<p>&#8211; Semelle int\u00e9rieure en microfibre avec traitement antibact\u00e9rien.<\/p>\n<p>&#8211; Semelle l\u00e9g\u00e8re et flexible.<\/p>\n<p>&#8211;\u00a0 Forme de laurgeur stardard, tr\u00e8s confortable, elle s&rsquo;adapte parfaitement au pied.<\/p>\n","protected":false},"excerpt":{"rendered":"<p>&#8211; Chaussure pour femmes de type Kiowa, fabriqu\u00e9e \u00e0 la main avec fermeture velcro, en peau d&rsquo;agneau. Tr\u00e8s souple et l\u00e9g\u00e8re, elle s&rsquo;adapte parfaitement au pied. &#8211; Doublure en microfibre antibact\u00e9rienne et absorbant la transpiration pour garder le pied au sec. &#8211; Semelle int\u00e9rieure en&#8230;<\/p>\n","protected":false},"featured_media":23115,"comment_status":"open","ping_status":"closed","template":"","meta":{"wds_primary_product_brand":0,"wds_primary_product_cat":517},"product_brand":[],"product_cat":[517,313],"product_tag":[500,515,566,489,493,495,492],"class_list":{"0":"post-23113","1":"product","2":"type-product","3":"status-publish","4":"has-post-thumbnail","6":"product_cat-chaussures-confortables-femme","7":"product_cat-chaussures-confortables-femmes","8":"product_tag-cousu-main","9":"product_tag-fermeture-velcro","10":"product_tag-largeur-standard","11":"product_tag-leger","12":"product_tag-respirante","13":"product_tag-semelle-exterieure-antiderapante","14":"product_tag-souple","15":"pa_cierre-velcro-fr","16":"pa_color-noir","17":"pa_talla-mujer-35-fr","18":"pa_talla-mujer-36-fr","19":"pa_talla-mujer-37-fr","20":"pa_talla-mujer-38-fr","21":"pa_talla-mujer-39-fr","22":"pa_talla-mujer-40-fr","23":"pa_talla-mujer-41-fr","24":"pa_talla-mujer-42-fr","26":"first","27":"instock","28":"shipping-taxable","29":"purchasable","30":"product-type-variable","31":"wvs-archive-product-wrapper"},"_links":{"self":[{"href":"https:\/\/pinosos.es\/fr\/wp-json\/wp\/v2\/product\/23113","targetHints":{"allow":["GET"]}}],"collection":[{"href":"https:\/\/pinosos.es\/fr\/wp-json\/wp\/v2\/product"}],"about":[{"href":"https:\/\/pinosos.es\/fr\/wp-json\/wp\/v2\/types\/product"}],"replies":[{"embeddable":true,"href":"https:\/\/pinosos.es\/fr\/wp-json\/wp\/v2\/comments?post=23113"}],"wp:featuredmedia":[{"embeddable":true,"href":"https:\/\/pinosos.es\/fr\/wp-json\/wp\/v2\/media\/23115"}],"wp:attachment":[{"href":"https:\/\/pinosos.es\/fr\/wp-json\/wp\/v2\/media?parent=23113"}],"wp:term":[{"taxonomy":"product_brand","embeddable":true,"href":"https:\/\/pinosos.es\/fr\/wp-json\/wp\/v2\/product_brand?post=23113"},{"taxonomy":"product_cat","embeddable":true,"href":"https:\/\/pinosos.es\/fr\/wp-json\/wp\/v2\/product_cat?post=23113"},{"taxonomy":"product_tag","embeddable":true,"href":"https:\/\/pinosos.es\/fr\/wp-json\/wp\/v2\/product_tag?post=23113"}],"curies":[{"name":"wp","href":"https:\/\/api.w.org\/{rel}","templated":true}]}}