{"id":23123,"date":"2024-04-25T14:22:48","date_gmt":"2024-04-25T12:22:48","guid":{"rendered":"https:\/\/pinosos.es\/tienda\/non%20class\u00e9\/bateau-6317-h\/"},"modified":"2025-06-23T08:15:10","modified_gmt":"2025-06-23T06:15:10","slug":"bateau-6317-h","status":"publish","type":"product","link":"https:\/\/pinosos.es\/fr\/boutique\/bateau-6317-h\/","title":{"rendered":"Bateau 6317-H"},"content":{"rendered":"<p>&#8211; Chaussure pour homme avec fermeture \u00e0 lacets, style kiowa cousu \u00e0 la main. Fabriqu\u00e9e en cuir de vachette souple de premi\u00e8re qualit\u00e9, mouss\u00e9e pour un grand confort et une adaptabilit\u00e9 maximale au pied sans le comprimer.<\/p>\n<p>&#8211; Doublure en fibre synth\u00e9tique, mieux connue sous le nom de Coolmax, qui offre une grande r\u00e9sistance \u00e0 l&rsquo;humidit\u00e9, aidant \u00e0 garder le pied frais, sec et confortable.<\/p>\n<p>&#8211; Semelle int\u00e9rieure amovible en viscolatex de 8 mm, qui compense et r\u00e9partit les charges de pression sur la plante des pieds, en absorbant une grande partie de l&rsquo;\u00e9nergie re\u00e7ue \u00e0 chaque pas, en amortissant l&rsquo;impact et en \u00e9liminant la fatigue articulaire.<\/p>\n<p>&#8211; Semelle l\u00e9g\u00e8re et isolante avec une bonne absorption des chocs, antid\u00e9rapante, durable, inalt\u00e9rable et tr\u00e8s r\u00e9sistante \u00e0 la d\u00e9chirure.<\/p>\n<p>&#8211; Forme extra-large, id\u00e9ale pour les pieds sensibles avec oignons, d\u00e9formations, mauvaise circulation, etc. Possibilit\u00e9 d&rsquo;inclure des semelles anatomiques et\/ou orthop\u00e9diques.<\/p>\n<p>&nbsp;<\/p>\n<p><strong>MESURES DE LARGEUR ET DE LONGUEUR PAR POINTURE<\/strong><\/p>\n<table>\n<thead>\n<tr>\n<th align=\"center\">Pointure<\/th>\n<th align=\"center\">Largeur (mm)<\/th>\n<th align=\"center\">Longueur (mm)<\/th>\n<\/tr>\n<\/thead>\n<tbody>\n<tr>\n<td align=\"center\">39<\/td>\n<td align=\"center\">244,1<\/td>\n<td align=\"center\">259,2<\/td>\n<\/tr>\n<tr>\n<td align=\"center\">40<\/td>\n<td align=\"center\">247,4<\/td>\n<td align=\"center\">265,8<\/td>\n<\/tr>\n<tr>\n<td align=\"center\">41<\/td>\n<td align=\"center\">250,7<\/td>\n<td align=\"center\">272,4<\/td>\n<\/tr>\n<tr>\n<td align=\"center\">42<\/td>\n<td align=\"center\">254,0<\/td>\n<td align=\"center\">279,0<\/td>\n<\/tr>\n<tr>\n<td align=\"center\">43<\/td>\n<td align=\"center\">257,3<\/td>\n<td align=\"center\">285,6<\/td>\n<\/tr>\n<tr>\n<td align=\"center\">44<\/td>\n<td align=\"center\">260,6<\/td>\n<td align=\"center\">292,2<\/td>\n<\/tr>\n<tr>\n<td align=\"center\">45<\/td>\n<td align=\"center\">263,9<\/td>\n<td align=\"center\">298,8<\/td>\n<\/tr>\n<tr>\n<td align=\"center\">46<\/td>\n<td align=\"center\">267,2<\/td>\n<td align=\"center\">305,4<\/td>\n<\/tr>\n<\/tbody>\n<\/table>\n","protected":false},"excerpt":{"rendered":"<p>&#8211; Chaussure pour homme avec fermeture \u00e0 lacets, style kiowa cousu \u00e0 la main. Fabriqu\u00e9e en cuir de vachette souple de premi\u00e8re qualit\u00e9, mouss\u00e9e pour un grand confort et une adaptabilit\u00e9 maximale au pied sans le comprimer. &#8211; Doublure en fibre synth\u00e9tique, mieux connue sous&#8230;<\/p>\n","protected":false},"featured_media":15275,"comment_status":"open","ping_status":"closed","template":"","meta":{"wds_primary_product_brand":0,"wds_primary_product_cat":487},"product_brand":[577],"product_cat":[487,512],"product_tag":[533,500,514,491,489,506,493,495,490,509],"class_list":{"0":"post-23123","1":"product","2":"type-product","3":"status-publish","4":"has-post-thumbnail","6":"product_brand-pie-diabetico-pinosos","7":"product_cat-des-chaussure-pour-lui","8":"product_cat-largeur-speciale-pied-sensible-homme","9":"product_tag-chaussures-bateau","10":"product_tag-cousu-main","11":"product_tag-extra-large","12":"product_tag-lacets","13":"product_tag-leger","14":"product_tag-pieds-sensibles","15":"product_tag-respirante","16":"product_tag-semelle-exterieure-antiderapante","17":"product_tag-semelle-interieure-amovible","18":"product_tag-semelle-interieure-matelassee","19":"pa_ancho-h-fr","20":"pa_cierre-zip","21":"pa_color-atlantique","22":"pa_talla-hombre-39-fr","23":"pa_talla-hombre-40-fr","24":"pa_talla-hombre-41-fr","25":"pa_talla-hombre-42-fr","26":"pa_talla-hombre-43-fr","27":"pa_talla-hombre-44-fr","29":"first","30":"instock","31":"shipping-taxable","32":"purchasable","33":"product-type-variable","34":"wvs-archive-product-wrapper"},"_links":{"self":[{"href":"https:\/\/pinosos.es\/fr\/wp-json\/wp\/v2\/product\/23123","targetHints":{"allow":["GET"]}}],"collection":[{"href":"https:\/\/pinosos.es\/fr\/wp-json\/wp\/v2\/product"}],"about":[{"href":"https:\/\/pinosos.es\/fr\/wp-json\/wp\/v2\/types\/product"}],"replies":[{"embeddable":true,"href":"https:\/\/pinosos.es\/fr\/wp-json\/wp\/v2\/comments?post=23123"}],"wp:featuredmedia":[{"embeddable":true,"href":"https:\/\/pinosos.es\/fr\/wp-json\/wp\/v2\/media\/15275"}],"wp:attachment":[{"href":"https:\/\/pinosos.es\/fr\/wp-json\/wp\/v2\/media?parent=23123"}],"wp:term":[{"taxonomy":"product_brand","embeddable":true,"href":"https:\/\/pinosos.es\/fr\/wp-json\/wp\/v2\/product_brand?post=23123"},{"taxonomy":"product_cat","embeddable":true,"href":"https:\/\/pinosos.es\/fr\/wp-json\/wp\/v2\/product_cat?post=23123"},{"taxonomy":"product_tag","embeddable":true,"href":"https:\/\/pinosos.es\/fr\/wp-json\/wp\/v2\/product_tag?post=23123"}],"curies":[{"name":"wp","href":"https:\/\/api.w.org\/{rel}","templated":true}]}}