{"id":23130,"date":"2024-03-11T09:01:33","date_gmt":"2024-03-11T08:01:33","guid":{"rendered":"https:\/\/pinosos.es\/tienda\/non%20class\u00e9\/wallabee-4802\/"},"modified":"2025-01-13T10:34:00","modified_gmt":"2025-01-13T09:34:00","slug":"wallabee-4802","status":"publish","type":"product","link":"https:\/\/pinosos.es\/fr\/boutique\/wallabee-4802\/","title":{"rendered":"Wallabee 4802"},"content":{"rendered":"<p>&#8211; Chaussures pour hommes avec fermeture \u00e0 lacets. Fabriqu\u00e9es en cro\u00fbte de cuir cousue \u00e0 la main.<\/p>\n<p>&#8211; Ce mod\u00e8le de largeur standard s&rsquo;associe parfaitement \u00e0 vos jeans et \u00e0 vos looks d\u00e9contract\u00e9s.<\/p>\n<p>&#8211; Semelle en TR Mat\u00e9riau expans\u00e9 au toucher caoutchouteux, qui offre confort \u00e0 la marche, adh\u00e9rence au sol et respirabilit\u00e9 au pied.<\/p>\n","protected":false},"excerpt":{"rendered":"<p><br data-mce-bogus=\"1\"><\/p>\n","protected":false},"featured_media":15243,"comment_status":"open","ping_status":"closed","template":"","meta":{"wds_primary_product_brand":0,"wds_primary_product_cat":542},"product_brand":[],"product_cat":[487,542,523],"product_tag":[500,491,489,493,495,547],"class_list":{"0":"post-23130","1":"product","2":"type-product","3":"status-publish","4":"has-post-thumbnail","6":"product_cat-des-chaussure-pour-lui","7":"product_cat-dernieres-tailles-homme","8":"product_cat-soldes","9":"product_tag-cousu-main","10":"product_tag-lacets","11":"product_tag-leger","12":"product_tag-respirante","13":"product_tag-semelle-exterieure-antiderapante","14":"product_tag-wallabee-fr","15":"pa_color-vert","16":"pa_talla-hombre-43-fr","18":"first","19":"instock","20":"sale","21":"shipping-taxable","22":"purchasable","23":"product-type-variable","24":"has-default-attributes","25":"wvs-archive-product-wrapper"},"_links":{"self":[{"href":"https:\/\/pinosos.es\/fr\/wp-json\/wp\/v2\/product\/23130","targetHints":{"allow":["GET"]}}],"collection":[{"href":"https:\/\/pinosos.es\/fr\/wp-json\/wp\/v2\/product"}],"about":[{"href":"https:\/\/pinosos.es\/fr\/wp-json\/wp\/v2\/types\/product"}],"replies":[{"embeddable":true,"href":"https:\/\/pinosos.es\/fr\/wp-json\/wp\/v2\/comments?post=23130"}],"wp:featuredmedia":[{"embeddable":true,"href":"https:\/\/pinosos.es\/fr\/wp-json\/wp\/v2\/media\/15243"}],"wp:attachment":[{"href":"https:\/\/pinosos.es\/fr\/wp-json\/wp\/v2\/media?parent=23130"}],"wp:term":[{"taxonomy":"product_brand","embeddable":true,"href":"https:\/\/pinosos.es\/fr\/wp-json\/wp\/v2\/product_brand?post=23130"},{"taxonomy":"product_cat","embeddable":true,"href":"https:\/\/pinosos.es\/fr\/wp-json\/wp\/v2\/product_cat?post=23130"},{"taxonomy":"product_tag","embeddable":true,"href":"https:\/\/pinosos.es\/fr\/wp-json\/wp\/v2\/product_tag?post=23130"}],"curies":[{"name":"wp","href":"https:\/\/api.w.org\/{rel}","templated":true}]}}