{"id":23132,"date":"2024-02-27T07:52:15","date_gmt":"2024-02-27T06:52:15","guid":{"rendered":"https:\/\/pinosos.es\/tienda\/non%20class\u00e9\/mocassin-1003\/"},"modified":"2025-01-13T11:37:20","modified_gmt":"2025-01-13T10:37:20","slug":"mocassin-1003","status":"publish","type":"product","link":"https:\/\/pinosos.es\/fr\/boutique\/mocassin-1003\/","title":{"rendered":"Mocassin 1003"},"content":{"rendered":"<p>&#8211; Chaussure habill\u00e9e pour homme avec bande antifaz et glands. Fabriqu\u00e9es en cuir bross\u00e9 de premi\u00e8re qualit\u00e9.<\/p>\n<p>&#8211; Semelle en cuir cousue, qui assure stabilit\u00e9 et confort, ainsi que style et \u00e9l\u00e9gance.<\/p>\n<p>&#8211; Chaussure de largeur standard.<\/p>\n<p>&#8211; Id\u00e9ales pour les occasions et \u00e9v\u00e9nements plus formels ou pour ajouter de l&rsquo;\u00e9l\u00e9gance \u00e0 vos looks de tous les jours.<\/p>\n","protected":false},"excerpt":{"rendered":"<p>&#8211; Chaussure habill\u00e9e pour homme avec bande antifaz et glands. Fabriqu\u00e9es en cuir bross\u00e9 de premi\u00e8re qualit\u00e9. &#8211; Semelle en cuir cousue, qui assure stabilit\u00e9 et confort, ainsi que style et \u00e9l\u00e9gance. &#8211; Chaussure de largeur standard. &#8211; Id\u00e9ales pour les occasions et \u00e9v\u00e9nements plus&#8230;<\/p>\n","protected":false},"featured_media":15018,"comment_status":"open","ping_status":"closed","template":"","meta":{"wds_primary_product_brand":0,"wds_primary_product_cat":542},"product_brand":[],"product_cat":[487,542,523],"product_tag":[497,566,489,548,492],"class_list":{"0":"post-23132","1":"product","2":"type-product","3":"status-publish","4":"has-post-thumbnail","6":"product_cat-des-chaussure-pour-lui","7":"product_cat-dernieres-tailles-homme","8":"product_cat-soldes","9":"product_tag-chaussure-habillee","10":"product_tag-largeur-standard","11":"product_tag-leger","12":"product_tag-mocassin-fr","13":"product_tag-souple","14":"pa_color-bordeaux-fr","15":"pa_talla-hombre-41-fr","17":"first","18":"instock","19":"sale","20":"shipping-taxable","21":"purchasable","22":"product-type-variable","23":"wvs-archive-product-wrapper"},"_links":{"self":[{"href":"https:\/\/pinosos.es\/fr\/wp-json\/wp\/v2\/product\/23132","targetHints":{"allow":["GET"]}}],"collection":[{"href":"https:\/\/pinosos.es\/fr\/wp-json\/wp\/v2\/product"}],"about":[{"href":"https:\/\/pinosos.es\/fr\/wp-json\/wp\/v2\/types\/product"}],"replies":[{"embeddable":true,"href":"https:\/\/pinosos.es\/fr\/wp-json\/wp\/v2\/comments?post=23132"}],"wp:featuredmedia":[{"embeddable":true,"href":"https:\/\/pinosos.es\/fr\/wp-json\/wp\/v2\/media\/15018"}],"wp:attachment":[{"href":"https:\/\/pinosos.es\/fr\/wp-json\/wp\/v2\/media?parent=23132"}],"wp:term":[{"taxonomy":"product_brand","embeddable":true,"href":"https:\/\/pinosos.es\/fr\/wp-json\/wp\/v2\/product_brand?post=23132"},{"taxonomy":"product_cat","embeddable":true,"href":"https:\/\/pinosos.es\/fr\/wp-json\/wp\/v2\/product_cat?post=23132"},{"taxonomy":"product_tag","embeddable":true,"href":"https:\/\/pinosos.es\/fr\/wp-json\/wp\/v2\/product_tag?post=23132"}],"curies":[{"name":"wp","href":"https:\/\/api.w.org\/{rel}","templated":true}]}}