{"id":23134,"date":"2024-02-27T07:46:05","date_gmt":"2024-02-27T06:46:05","guid":{"rendered":"https:\/\/pinosos.es\/tienda\/non%20class\u00e9\/mocassin-1002\/"},"modified":"2025-01-13T11:57:21","modified_gmt":"2025-01-13T10:57:21","slug":"mocassin-1002","status":"publish","type":"product","link":"https:\/\/pinosos.es\/fr\/boutique\/mocassin-1002\/","title":{"rendered":"Mocassin 1002"},"content":{"rendered":"<p>&#8211; Chaussure habill\u00e9e pour homme avec bande anti-fascia. Fabriqu\u00e9es en cuir bross\u00e9 de premi\u00e8re qualit\u00e9.<\/p>\n<p>&#8211; Semelle en cuir cousue, qui assure stabilit\u00e9 et confort, ainsi que style et \u00e9l\u00e9gance.<\/p>\n<p>&#8211; Id\u00e9ales pour les occasions et \u00e9v\u00e9nements plus formels ou pour ajouter de l&rsquo;\u00e9l\u00e9gance \u00e0 vos looks de tous les jours.<\/p>\n<p>&#8211; Chaussures avec forme de largeur standard.<\/p>\n","protected":false},"excerpt":{"rendered":"<p>&#8211; Chaussure habill\u00e9e pour homme avec bande anti-fascia. Fabriqu\u00e9es en cuir bross\u00e9 de premi\u00e8re qualit\u00e9. &#8211; Semelle en cuir cousue, qui assure stabilit\u00e9 et confort, ainsi que style et \u00e9l\u00e9gance. &#8211; Id\u00e9ales pour les occasions et \u00e9v\u00e9nements plus formels ou pour ajouter de l&rsquo;\u00e9l\u00e9gance \u00e0&#8230;<\/p>\n","protected":false},"featured_media":15023,"comment_status":"open","ping_status":"closed","template":"","meta":{"wds_primary_product_brand":0,"wds_primary_product_cat":542},"product_brand":[],"product_cat":[487,542,523],"product_tag":[497,566,489,548],"class_list":{"0":"post-23134","1":"product","2":"type-product","3":"status-publish","4":"has-post-thumbnail","6":"product_cat-des-chaussure-pour-lui","7":"product_cat-dernieres-tailles-homme","8":"product_cat-soldes","9":"product_tag-chaussure-habillee","10":"product_tag-largeur-standard","11":"product_tag-leger","12":"product_tag-mocassin-fr","13":"pa_color-noir","14":"pa_talla-hombre-41-fr","16":"first","17":"instock","18":"sale","19":"shipping-taxable","20":"purchasable","21":"product-type-variable","22":"has-default-attributes","23":"wvs-archive-product-wrapper"},"_links":{"self":[{"href":"https:\/\/pinosos.es\/fr\/wp-json\/wp\/v2\/product\/23134","targetHints":{"allow":["GET"]}}],"collection":[{"href":"https:\/\/pinosos.es\/fr\/wp-json\/wp\/v2\/product"}],"about":[{"href":"https:\/\/pinosos.es\/fr\/wp-json\/wp\/v2\/types\/product"}],"replies":[{"embeddable":true,"href":"https:\/\/pinosos.es\/fr\/wp-json\/wp\/v2\/comments?post=23134"}],"wp:featuredmedia":[{"embeddable":true,"href":"https:\/\/pinosos.es\/fr\/wp-json\/wp\/v2\/media\/15023"}],"wp:attachment":[{"href":"https:\/\/pinosos.es\/fr\/wp-json\/wp\/v2\/media?parent=23134"}],"wp:term":[{"taxonomy":"product_brand","embeddable":true,"href":"https:\/\/pinosos.es\/fr\/wp-json\/wp\/v2\/product_brand?post=23134"},{"taxonomy":"product_cat","embeddable":true,"href":"https:\/\/pinosos.es\/fr\/wp-json\/wp\/v2\/product_cat?post=23134"},{"taxonomy":"product_tag","embeddable":true,"href":"https:\/\/pinosos.es\/fr\/wp-json\/wp\/v2\/product_tag?post=23134"}],"curies":[{"name":"wp","href":"https:\/\/api.w.org\/{rel}","templated":true}]}}