{"id":23153,"date":"2024-02-26T14:53:02","date_gmt":"2024-02-26T13:53:02","guid":{"rendered":"https:\/\/pinosos.es\/tienda\/non%20class\u00e9\/ballerines-7677-h\/"},"modified":"2024-09-18T07:50:52","modified_gmt":"2024-09-18T05:50:52","slug":"ballerines-7677-h","status":"publish","type":"product","link":"https:\/\/pinosos.es\/fr\/boutique\/ballerines-7677-h\/","title":{"rendered":"Ballerines 7677-H"},"content":{"rendered":"<p>&#8211; Chaussure pour femme avec fermeture velcro, grand confort et qualit\u00e9 sup\u00e9rieure. R\u00e9alis\u00e9e en cuir velours grav\u00e9 de fantaisies multicolores de la m\u00eame couleur.<\/p>\n<p>&#8211; Doublure en microfibre technique, qui offre une grande r\u00e9sistance \u00e0 l&rsquo;humidit\u00e9, aidant \u00e0 garder le pied frais, sec et confortable. Elle est \u00e9galement sans coutures pour \u00e9viter les frottements.<\/p>\n<p>&#8211; Semelle int\u00e9rieure amovible en viscolatex de 5 mm, qui compense et r\u00e9partit les charges de pression sur la plante des pieds, en absorbant une grande partie de l&rsquo;\u00e9nergie re\u00e7ue \u00e0 chaque pas, en amortissant l&rsquo;impact et en \u00e9liminant la fatigue articulaire.<\/p>\n<p>&#8211; Semelle l\u00e9g\u00e8re et isolante avec une bonne absorption des chocs, antid\u00e9rapante, durable, inalt\u00e9rable et tr\u00e8s r\u00e9sistante \u00e0 la d\u00e9chirure.<\/p>\n<p>&#8211; Forme extra-large id\u00e9ale pour les pieds sensibles avec oignons, d\u00e9formations, mauvaise circulation. Possibilit\u00e9 d&rsquo;inclure des semelles anatomiques et\/ou orthop\u00e9diques.<\/p>\n","protected":false},"excerpt":{"rendered":"<p>&#8211; Chaussure pour femme avec fermeture velcro, grand confort et qualit\u00e9 sup\u00e9rieure. R\u00e9alis\u00e9e en cuir velours grav\u00e9 de fantaisies multicolores de la m\u00eame couleur. &#8211; Doublure en microfibre technique, qui offre une grande r\u00e9sistance \u00e0 l&rsquo;humidit\u00e9, aidant \u00e0 garder le pied frais, sec et confortable&#8230;.<\/p>\n","protected":false},"featured_media":15083,"comment_status":"open","ping_status":"closed","template":"","meta":{"wds_primary_product_brand":0,"wds_primary_product_cat":313},"product_brand":[],"product_cat":[313,530,523],"product_tag":[535,520,514,515,489,516,506,507,495,490,492],"class_list":{"0":"post-23153","1":"product","2":"type-product","3":"status-publish","4":"has-post-thumbnail","6":"product_cat-chaussures-confortables-femmes","7":"product_cat-dernieres-tailles-femme","8":"product_cat-soldes","9":"product_tag-ballerines","10":"product_tag-ete","11":"product_tag-extra-large","12":"product_tag-fermeture-velcro","13":"product_tag-leger","14":"product_tag-pied-diabetique","15":"product_tag-pieds-sensibles","16":"product_tag-sans-coutures-interieures","17":"product_tag-semelle-exterieure-antiderapante","18":"product_tag-semelle-interieure-amovible","19":"product_tag-souple","20":"pa_ancho-h-fr","21":"pa_cierre-velcro-fr","22":"pa_color-marine","23":"pa_talla-mujer-37-fr","25":"first","26":"instock","27":"sale","28":"shipping-taxable","29":"purchasable","30":"product-type-variable","31":"has-default-attributes","32":"wvs-archive-product-wrapper"},"_links":{"self":[{"href":"https:\/\/pinosos.es\/fr\/wp-json\/wp\/v2\/product\/23153","targetHints":{"allow":["GET"]}}],"collection":[{"href":"https:\/\/pinosos.es\/fr\/wp-json\/wp\/v2\/product"}],"about":[{"href":"https:\/\/pinosos.es\/fr\/wp-json\/wp\/v2\/types\/product"}],"replies":[{"embeddable":true,"href":"https:\/\/pinosos.es\/fr\/wp-json\/wp\/v2\/comments?post=23153"}],"wp:featuredmedia":[{"embeddable":true,"href":"https:\/\/pinosos.es\/fr\/wp-json\/wp\/v2\/media\/15083"}],"wp:attachment":[{"href":"https:\/\/pinosos.es\/fr\/wp-json\/wp\/v2\/media?parent=23153"}],"wp:term":[{"taxonomy":"product_brand","embeddable":true,"href":"https:\/\/pinosos.es\/fr\/wp-json\/wp\/v2\/product_brand?post=23153"},{"taxonomy":"product_cat","embeddable":true,"href":"https:\/\/pinosos.es\/fr\/wp-json\/wp\/v2\/product_cat?post=23153"},{"taxonomy":"product_tag","embeddable":true,"href":"https:\/\/pinosos.es\/fr\/wp-json\/wp\/v2\/product_tag?post=23153"}],"curies":[{"name":"wp","href":"https:\/\/api.w.org\/{rel}","templated":true}]}}