{"id":23155,"date":"2024-02-27T07:13:35","date_gmt":"2024-02-27T06:13:35","guid":{"rendered":"https:\/\/pinosos.es\/tienda\/non%20class\u00e9\/chaussures-a-talon-6865\/"},"modified":"2025-01-13T09:54:30","modified_gmt":"2025-01-13T08:54:30","slug":"chaussures-a-talon-6865","status":"publish","type":"product","link":"https:\/\/pinosos.es\/fr\/boutique\/chaussures-a-talon-6865\/","title":{"rendered":"Chaussures \u00e0 talon 6865"},"content":{"rendered":"<p>&#8211; Chaussure habill\u00e9e pour femme. Fabriqu\u00e9es en cuir d&rsquo;agneau souple de premi\u00e8re qualit\u00e9, mouss\u00e9es pour un grand confort et une adaptabilit\u00e9 maximale au pied sans le comprimer.<\/p>\n<p>&#8211; Doublure technique en microfibre Coolmax, qui offre une grande r\u00e9sistance \u00e0 l&rsquo;humidit\u00e9 et aide \u00e0 garder le pied frais, sec et confortable.<\/p>\n<p>&#8211; Semelle int\u00e9rieure amovible en polyur\u00e9thane, con\u00e7ue pour les pieds sensibles, facilitant la circulation de l&rsquo;air \u00e0 chaque pas gr\u00e2ce \u00e0 l&rsquo;effet de compression-d\u00e9compression.<\/p>\n<p>&#8211; Talon large (4,5 cm de haut) pour plus de confort et de stabilit\u00e9 du pied.<\/p>\n<p>&#8211; Avec la possibilit\u00e9 d&rsquo;inclure des semelles anatomiques et\/ou orthop\u00e9diques. Pour les pieds sensibles pr\u00e9sentant des affections telles que des oignons, des d\u00e9formations, une mauvaise circulation.<\/p>\n<p>&#8211; Largeur de la chaussure standard.<\/p>\n","protected":false},"excerpt":{"rendered":"<p>&#8211; Chaussure habill\u00e9e pour femme. Fabriqu\u00e9es en cuir d&rsquo;agneau souple de premi\u00e8re qualit\u00e9, mouss\u00e9es pour un grand confort et une adaptabilit\u00e9 maximale au pied sans le comprimer. &#8211; Doublure technique en microfibre Coolmax, qui offre une grande r\u00e9sistance \u00e0 l&rsquo;humidit\u00e9 et aide \u00e0 garder le&#8230;<\/p>\n","protected":false},"featured_media":23157,"comment_status":"open","ping_status":"closed","template":"","meta":{"wds_primary_product_brand":0,"wds_primary_product_cat":313},"product_brand":[],"product_cat":[313,530,523],"product_tag":[550,497,566,489,506,507],"class_list":{"0":"post-23155","1":"product","2":"type-product","3":"status-publish","4":"has-post-thumbnail","6":"product_cat-chaussures-confortables-femmes","7":"product_cat-dernieres-tailles-femme","8":"product_cat-soldes","9":"product_tag-chaussure-a-talon","10":"product_tag-chaussure-habillee","11":"product_tag-largeur-standard","12":"product_tag-leger","13":"product_tag-pieds-sensibles","14":"product_tag-sans-coutures-interieures","15":"pa_color-noir","16":"pa_talla-mujer-39-fr","17":"pa_talla-mujer-40-fr","19":"first","20":"instock","21":"sale","22":"shipping-taxable","23":"purchasable","24":"product-type-variable","25":"wvs-archive-product-wrapper"},"_links":{"self":[{"href":"https:\/\/pinosos.es\/fr\/wp-json\/wp\/v2\/product\/23155","targetHints":{"allow":["GET"]}}],"collection":[{"href":"https:\/\/pinosos.es\/fr\/wp-json\/wp\/v2\/product"}],"about":[{"href":"https:\/\/pinosos.es\/fr\/wp-json\/wp\/v2\/types\/product"}],"replies":[{"embeddable":true,"href":"https:\/\/pinosos.es\/fr\/wp-json\/wp\/v2\/comments?post=23155"}],"wp:featuredmedia":[{"embeddable":true,"href":"https:\/\/pinosos.es\/fr\/wp-json\/wp\/v2\/media\/23157"}],"wp:attachment":[{"href":"https:\/\/pinosos.es\/fr\/wp-json\/wp\/v2\/media?parent=23155"}],"wp:term":[{"taxonomy":"product_brand","embeddable":true,"href":"https:\/\/pinosos.es\/fr\/wp-json\/wp\/v2\/product_brand?post=23155"},{"taxonomy":"product_cat","embeddable":true,"href":"https:\/\/pinosos.es\/fr\/wp-json\/wp\/v2\/product_cat?post=23155"},{"taxonomy":"product_tag","embeddable":true,"href":"https:\/\/pinosos.es\/fr\/wp-json\/wp\/v2\/product_tag?post=23155"}],"curies":[{"name":"wp","href":"https:\/\/api.w.org\/{rel}","templated":true}]}}