{"id":23159,"date":"2024-02-26T14:40:07","date_gmt":"2024-02-26T13:40:07","guid":{"rendered":"https:\/\/pinosos.es\/tienda\/non%20class\u00e9\/sandale-8269\/"},"modified":"2024-10-10T12:32:03","modified_gmt":"2024-10-10T10:32:03","slug":"sandale-8269","status":"publish","type":"product","link":"https:\/\/pinosos.es\/fr\/boutique\/sandale-8269\/","title":{"rendered":"Sandale 8269"},"content":{"rendered":"<p>&#8211; Sandale d&rsquo;\u00e9t\u00e9 pour femme avec fermeture velcro. Fabriqu\u00e9e en cuir d&rsquo;agneau, d&rsquo;un grand confort et d&rsquo;une adaptabilit\u00e9 maximale au pied sans l&rsquo;oppresser.<\/p>\n<p>&#8211; Doublure en microfibre technique, qui offre une grande r\u00e9sistance \u00e0 l&rsquo;humidit\u00e9, aidant \u00e0 garder le pied frais, sec et confortable. En outre, elle est fabriqu\u00e9e sans coutures int\u00e9rieures pour \u00e9viter les frottements.<\/p>\n<p>&#8211; Semelle int\u00e9rieure amovible en polyur\u00e9thane fa\u00e7onn\u00e9 (avec support \u00e0 l&rsquo;avant de la sandale) con\u00e7ue pour les pieds sensibles, facilitant la circulation de l&rsquo;air \u00e0 chaque pas gr\u00e2ce \u00e0 l&rsquo;effet de compression-d\u00e9compression. Avec la possibilit\u00e9 d&rsquo;inclure des semelles anatomiques et\/ou orthop\u00e9diques, gr\u00e2ce \u00e0 sa partie avant, qui maintient la semelle soumise au mouvement du pied.<\/p>\n<p>&#8211; Semelle en mat\u00e9riau expans\u00e9 de faible densit\u00e9, l\u00e9g\u00e8re, antid\u00e9rapante et tr\u00e8s r\u00e9sistante \u00e0 l&rsquo;abrasion.<\/p>\n<p>&#8211; La forme large est anatomique pour un ajustement confortable et optimal. Id\u00e9ale pour les personnes ayant des pieds sensibles avec des oignons, des d\u00e9formations des orteils, une mauvaise circulation ou un cou-de-pied large.<\/p>\n","protected":false},"excerpt":{"rendered":"<p>&#8211; Sandale d&rsquo;\u00e9t\u00e9 pour femme avec fermeture velcro. Fabriqu\u00e9e en cuir d&rsquo;agneau, d&rsquo;un grand confort et d&rsquo;une adaptabilit\u00e9 maximale au pied sans l&rsquo;oppresser. &#8211; Doublure en microfibre technique, qui offre une grande r\u00e9sistance \u00e0 l&rsquo;humidit\u00e9, aidant \u00e0 garder le pied frais, sec et confortable. En&#8230;<\/p>\n","protected":false},"featured_media":15073,"comment_status":"open","ping_status":"closed","template":"","meta":{"wds_primary_product_brand":0,"wds_primary_product_cat":517},"product_brand":[],"product_cat":[517,313],"product_tag":[520,515,496,506,493,519,507,495,490],"class_list":{"0":"post-23159","1":"product","2":"type-product","3":"status-publish","4":"has-post-thumbnail","6":"product_cat-chaussures-confortables-femme","7":"product_cat-chaussures-confortables-femmes","8":"product_tag-ete","9":"product_tag-fermeture-velcro","10":"product_tag-large","11":"product_tag-pieds-sensibles","12":"product_tag-respirante","13":"product_tag-sandale","14":"product_tag-sans-coutures-interieures","15":"product_tag-semelle-exterieure-antiderapante","16":"product_tag-semelle-interieure-amovible","17":"pa_cierre-velcro-fr","18":"pa_color-costa-fr","19":"pa_talla-mujer-36-fr","20":"pa_talla-mujer-37-fr","21":"pa_talla-mujer-38-fr","22":"pa_talla-mujer-39-fr","23":"pa_talla-mujer-40-fr","24":"pa_talla-mujer-41-fr","26":"first","27":"instock","28":"shipping-taxable","29":"purchasable","30":"product-type-variable","31":"wvs-archive-product-wrapper"},"_links":{"self":[{"href":"https:\/\/pinosos.es\/fr\/wp-json\/wp\/v2\/product\/23159","targetHints":{"allow":["GET"]}}],"collection":[{"href":"https:\/\/pinosos.es\/fr\/wp-json\/wp\/v2\/product"}],"about":[{"href":"https:\/\/pinosos.es\/fr\/wp-json\/wp\/v2\/types\/product"}],"replies":[{"embeddable":true,"href":"https:\/\/pinosos.es\/fr\/wp-json\/wp\/v2\/comments?post=23159"}],"wp:featuredmedia":[{"embeddable":true,"href":"https:\/\/pinosos.es\/fr\/wp-json\/wp\/v2\/media\/15073"}],"wp:attachment":[{"href":"https:\/\/pinosos.es\/fr\/wp-json\/wp\/v2\/media?parent=23159"}],"wp:term":[{"taxonomy":"product_brand","embeddable":true,"href":"https:\/\/pinosos.es\/fr\/wp-json\/wp\/v2\/product_brand?post=23159"},{"taxonomy":"product_cat","embeddable":true,"href":"https:\/\/pinosos.es\/fr\/wp-json\/wp\/v2\/product_cat?post=23159"},{"taxonomy":"product_tag","embeddable":true,"href":"https:\/\/pinosos.es\/fr\/wp-json\/wp\/v2\/product_tag?post=23159"}],"curies":[{"name":"wp","href":"https:\/\/api.w.org\/{rel}","templated":true}]}}