{"id":23184,"date":"2024-02-26T13:36:17","date_gmt":"2024-02-26T12:36:17","guid":{"rendered":"https:\/\/pinosos.es\/tienda\/non%20class\u00e9\/sandale-7219-h\/"},"modified":"2024-11-26T13:31:44","modified_gmt":"2024-11-26T12:31:44","slug":"sandale-7219-h","status":"publish","type":"product","link":"https:\/\/pinosos.es\/fr\/boutique\/sandale-7219-h\/","title":{"rendered":"Sandale 7219-H"},"content":{"rendered":"<p>&#8211; Sandale d&rsquo;\u00e9t\u00e9 ferm\u00e9e pour femmes, d&rsquo;un grand confort et d&rsquo;une adaptabilit\u00e9 maximale au pied. Fabriqu\u00e9e en cuir d&rsquo;agneau souple de premi\u00e8re qualit\u00e9 avec mousse, combinant une gravure argent\u00e9e et une fantaisie florale. Id\u00e9ale pour les personnes aux pieds d\u00e9licats.<\/p>\n<p>&#8211; Doublure technique en microfibre Arnedry, qui offre une grande r\u00e9sistance \u00e0 l&rsquo;humidit\u00e9, aidant \u00e0 garder le pied frais, sec et confortable.<\/p>\n<p>&#8211; Semelle int\u00e9rieure amovible en polyur\u00e9thane fa\u00e7onn\u00e9. Possibilit\u00e9 d&rsquo;inclure des semelles anatomiques et\/ou orthop\u00e9diques.<\/p>\n<p>&#8211; Semelle l\u00e9g\u00e8re, isolante, amortissante, antid\u00e9rapante et durable. En outre, elle est tr\u00e8s r\u00e9sistante \u00e0 la d\u00e9chirure et ne se d\u00e9colore pas.<\/p>\n<p>&#8211; Forme extra-large, id\u00e9ale pour les pieds sensibles pr\u00e9sentant des oignons, des d\u00e9formations du pied ou une mauvaise circulation.<\/p>\n","protected":false},"excerpt":{"rendered":"<p>&#8211; Sandale d&rsquo;\u00e9t\u00e9 ferm\u00e9e pour femmes, d&rsquo;un grand confort et d&rsquo;une adaptabilit\u00e9 maximale au pied. Fabriqu\u00e9e en cuir d&rsquo;agneau souple de premi\u00e8re qualit\u00e9 avec mousse, combinant une gravure argent\u00e9e et une fantaisie florale. Id\u00e9ale pour les personnes aux pieds d\u00e9licats. &#8211; Doublure technique en microfibre&#8230;<\/p>\n","protected":false},"featured_media":23186,"comment_status":"open","ping_status":"closed","template":"","meta":{"wds_primary_product_brand":0,"wds_primary_product_cat":313},"product_brand":[],"product_cat":[313,527],"product_tag":[520,514,515,489,516,506,493,519,507,495,490,492],"class_list":{"0":"post-23184","1":"product","2":"type-product","3":"status-publish","4":"has-post-thumbnail","6":"product_cat-chaussures-confortables-femmes","7":"product_cat-largeur-speciale-pied-sensible-femme","8":"product_tag-ete","9":"product_tag-extra-large","10":"product_tag-fermeture-velcro","11":"product_tag-leger","12":"product_tag-pied-diabetique","13":"product_tag-pieds-sensibles","14":"product_tag-respirante","15":"product_tag-sandale","16":"product_tag-sans-coutures-interieures","17":"product_tag-semelle-exterieure-antiderapante","18":"product_tag-semelle-interieure-amovible","19":"product_tag-souple","20":"pa_ancho-h-fr","21":"pa_cierre-velcro-fr","22":"pa_color-graphite-fr","23":"pa_talla-mujer-36-fr","24":"pa_talla-mujer-37-fr","25":"pa_talla-mujer-38-fr","26":"pa_talla-mujer-39-fr","27":"pa_talla-mujer-40-fr","28":"pa_talla-mujer-41-fr","29":"pa_talla-mujer-42-fr","31":"first","32":"instock","33":"shipping-taxable","34":"purchasable","35":"product-type-variable","36":"wvs-archive-product-wrapper"},"_links":{"self":[{"href":"https:\/\/pinosos.es\/fr\/wp-json\/wp\/v2\/product\/23184","targetHints":{"allow":["GET"]}}],"collection":[{"href":"https:\/\/pinosos.es\/fr\/wp-json\/wp\/v2\/product"}],"about":[{"href":"https:\/\/pinosos.es\/fr\/wp-json\/wp\/v2\/types\/product"}],"replies":[{"embeddable":true,"href":"https:\/\/pinosos.es\/fr\/wp-json\/wp\/v2\/comments?post=23184"}],"wp:featuredmedia":[{"embeddable":true,"href":"https:\/\/pinosos.es\/fr\/wp-json\/wp\/v2\/media\/23186"}],"wp:attachment":[{"href":"https:\/\/pinosos.es\/fr\/wp-json\/wp\/v2\/media?parent=23184"}],"wp:term":[{"taxonomy":"product_brand","embeddable":true,"href":"https:\/\/pinosos.es\/fr\/wp-json\/wp\/v2\/product_brand?post=23184"},{"taxonomy":"product_cat","embeddable":true,"href":"https:\/\/pinosos.es\/fr\/wp-json\/wp\/v2\/product_cat?post=23184"},{"taxonomy":"product_tag","embeddable":true,"href":"https:\/\/pinosos.es\/fr\/wp-json\/wp\/v2\/product_tag?post=23184"}],"curies":[{"name":"wp","href":"https:\/\/api.w.org\/{rel}","templated":true}]}}