{"id":23195,"date":"2024-02-26T12:08:03","date_gmt":"2024-02-26T11:08:03","guid":{"rendered":"https:\/\/pinosos.es\/tienda\/non%20class\u00e9\/basket-8179-g\/"},"modified":"2025-07-07T08:15:53","modified_gmt":"2025-07-07T06:15:53","slug":"basket-8179-g","status":"publish","type":"product","link":"https:\/\/pinosos.es\/fr\/boutique\/basket-8179-g\/","title":{"rendered":"Basket 8179-G"},"content":{"rendered":"<p>&#8211; Chaussure d&rsquo;\u00e9t\u00e9 \u00e0 lacets pour femmes. R\u00e9alis\u00e9e en cuir d&rsquo;agneau souple de premi\u00e8re qualit\u00e9, mouss\u00e9e pour un grand confort et une adaptation maximale au pied sans le comprimer, et en maille qui permet au pied de respirer. Id\u00e9ale pour les personnes aux pieds d\u00e9licats.<\/p>\n<p>&#8211; Doublure technique en microfibre, qui offre une grande r\u00e9sistance \u00e0 l&rsquo;humidit\u00e9, contribuant \u00e0 maintenir le pied frais, sec et confortable. De plus, elle est fabriqu\u00e9e sans coutures int\u00e9rieures pour \u00e9viter les frottements.<\/p>\n<p>&#8211; Semelle int\u00e9rieure amovible en viscolatex de 5 mm, qui compense et r\u00e9partit les charges de pression sur la plante des pieds, en absorbant une grande partie de l&rsquo;\u00e9nergie re\u00e7ue \u00e0 chaque pas, en amortissant l&rsquo;impact et en \u00e9liminant la fatigue articulaire.<\/p>\n<p>&#8211; Semelle l\u00e9g\u00e8re et isolante avec une bonne absorption des chocs, antid\u00e9rapante, durable, inalt\u00e9rable et tr\u00e8s r\u00e9sistante \u00e0 la d\u00e9chirure.<\/p>\n<p>&#8211; Forme large id\u00e9ale pour les pieds sensibles avec oignons, d\u00e9formations, mauvaise circulation. Possibilit\u00e9 d&rsquo;inclure des semelles anatomiques et\/ou orthop\u00e9diques.<\/p>\n<p>&nbsp;<\/p>\n<p><strong>MESURES DE LARGEUR ET DE LONGUEUR PAR POINTURE<\/strong><\/p>\n<table>\n<thead>\n<tr>\n<th align=\"center\">Pointure<\/th>\n<th align=\"center\">Largeur (mm)<\/th>\n<th align=\"center\">Longueur (mm)<\/th>\n<\/tr>\n<\/thead>\n<tbody>\n<tr>\n<td align=\"center\">35<\/td>\n<td align=\"center\">226,4<\/td>\n<td align=\"center\">233,8<\/td>\n<\/tr>\n<tr>\n<td align=\"center\">36<\/td>\n<td align=\"center\">229,7<\/td>\n<td align=\"center\">240,4<\/td>\n<\/tr>\n<tr>\n<td align=\"center\">37<\/td>\n<td align=\"center\">233,0<\/td>\n<td align=\"center\">247,0<\/td>\n<\/tr>\n<tr>\n<td align=\"center\">38<\/td>\n<td align=\"center\">236,3<\/td>\n<td align=\"center\">253,6<\/td>\n<\/tr>\n<tr>\n<td align=\"center\">39<\/td>\n<td align=\"center\">239,6<\/td>\n<td align=\"center\">260,2<\/td>\n<\/tr>\n<tr>\n<td align=\"center\">40<\/td>\n<td align=\"center\">242,9<\/td>\n<td align=\"center\">266,8<\/td>\n<\/tr>\n<tr>\n<td align=\"center\">41<\/td>\n<td align=\"center\">246,2<\/td>\n<td align=\"center\">273,4<\/td>\n<\/tr>\n<tr>\n<td align=\"center\">42<\/td>\n<td align=\"center\">249,5<\/td>\n<td align=\"center\">280,0<\/td>\n<\/tr>\n<\/tbody>\n<\/table>\n","protected":false},"excerpt":{"rendered":"<p>&#8211; Chaussure d&rsquo;\u00e9t\u00e9 \u00e0 lacets pour femmes. R\u00e9alis\u00e9e en cuir d&rsquo;agneau souple de premi\u00e8re qualit\u00e9, mouss\u00e9e pour un grand confort et une adaptation maximale au pied sans le comprimer, et en maille qui permet au pied de respirer. Id\u00e9ale pour les personnes aux pieds d\u00e9licats&#8230;.<\/p>\n","protected":false},"featured_media":23197,"comment_status":"open","ping_status":"closed","template":"","meta":{"wds_primary_product_brand":0,"wds_primary_product_cat":517},"product_brand":[576],"product_cat":[517,313],"product_tag":[531,520,491,489,506,493,507,490,492],"class_list":{"0":"post-23195","1":"product","2":"type-product","3":"status-publish","4":"has-post-thumbnail","6":"product_brand-comode-by-pinosos","7":"product_cat-chaussures-confortables-femme","8":"product_cat-chaussures-confortables-femmes","9":"product_tag-baskets","10":"product_tag-ete","11":"product_tag-lacets","12":"product_tag-leger","13":"product_tag-pieds-sensibles","14":"product_tag-respirante","15":"product_tag-sans-coutures-interieures","16":"product_tag-semelle-interieure-amovible","17":"product_tag-souple","18":"pa_ancho-g-fr","19":"pa_cierre-lacet","20":"pa_color-marine","21":"pa_talla-mujer-36-fr","22":"pa_talla-mujer-37-fr","23":"pa_talla-mujer-38-fr","24":"pa_talla-mujer-39-fr","25":"pa_talla-mujer-40-fr","26":"pa_talla-mujer-41-fr","28":"first","29":"instock","30":"shipping-taxable","31":"purchasable","32":"product-type-variable","33":"wvs-archive-product-wrapper"},"_links":{"self":[{"href":"https:\/\/pinosos.es\/fr\/wp-json\/wp\/v2\/product\/23195","targetHints":{"allow":["GET"]}}],"collection":[{"href":"https:\/\/pinosos.es\/fr\/wp-json\/wp\/v2\/product"}],"about":[{"href":"https:\/\/pinosos.es\/fr\/wp-json\/wp\/v2\/types\/product"}],"replies":[{"embeddable":true,"href":"https:\/\/pinosos.es\/fr\/wp-json\/wp\/v2\/comments?post=23195"}],"wp:featuredmedia":[{"embeddable":true,"href":"https:\/\/pinosos.es\/fr\/wp-json\/wp\/v2\/media\/23197"}],"wp:attachment":[{"href":"https:\/\/pinosos.es\/fr\/wp-json\/wp\/v2\/media?parent=23195"}],"wp:term":[{"taxonomy":"product_brand","embeddable":true,"href":"https:\/\/pinosos.es\/fr\/wp-json\/wp\/v2\/product_brand?post=23195"},{"taxonomy":"product_cat","embeddable":true,"href":"https:\/\/pinosos.es\/fr\/wp-json\/wp\/v2\/product_cat?post=23195"},{"taxonomy":"product_tag","embeddable":true,"href":"https:\/\/pinosos.es\/fr\/wp-json\/wp\/v2\/product_tag?post=23195"}],"curies":[{"name":"wp","href":"https:\/\/api.w.org\/{rel}","templated":true}]}}