{"id":23205,"date":"2024-02-21T11:16:43","date_gmt":"2024-02-21T10:16:43","guid":{"rendered":"https:\/\/pinosos.es\/tienda\/non%20class\u00e9\/bottine-7854\/"},"modified":"2025-01-07T07:37:07","modified_gmt":"2025-01-07T06:37:07","slug":"bottine-7854","status":"publish","type":"product","link":"https:\/\/pinosos.es\/fr\/boutique\/bottine-7854\/","title":{"rendered":"Bottine 7854"},"content":{"rendered":"<p>&#8211; Bottines pour femmes de largeur standard avec fermeture \u00e0 lacets, fabriqu\u00e9es \u00e0 partir d&rsquo;une combinaison de cuir de vachette et de cro\u00fbte de cuir de premi\u00e8re qualit\u00e9. Sa doublure synth\u00e9tique apporte de la chaleur pour les jours plus froids. Id\u00e9ales lorsque les temp\u00e9ratures chutent.<\/p>\n<p>&#8211; Ce mod\u00e8le au style \u00e0 la fois sportif et sophistiqu\u00e9 est parfait pour compl\u00e9ter les looks d\u00e9contract\u00e9s et de loisirs. Il s&rsquo;agit d&rsquo;un mod\u00e8le de largeur normale, facile \u00e0 ajuster gr\u00e2ce \u00e0 la fermeture \u00e0 lacets.<br \/>\n&#8211; Semelle compens\u00e9e en TR Mat\u00e9riau expans\u00e9 au toucher caoutchouteux, qui offre confort, adh\u00e9rence au sol et respirabilit\u00e9 au pied. La hauteur du talon de 3 cm diminue en forme de cale pour rendre la marche plus confortable et plus stable.<br \/>\n&#8211; La semelle int\u00e9rieure est amovible et doubl\u00e9e du m\u00eame mat\u00e9riau synth\u00e9tique pour garder les pieds au chaud.<\/p>\n","protected":false},"excerpt":{"rendered":"<p>&#8211; Bottines pour femmes de largeur standard avec fermeture \u00e0 lacets, fabriqu\u00e9es \u00e0 partir d&rsquo;une combinaison de cuir de vachette et de cro\u00fbte de cuir de premi\u00e8re qualit\u00e9. Sa doublure synth\u00e9tique apporte de la chaleur pour les jours plus froids. Id\u00e9ales lorsque les temp\u00e9ratures chutent&#8230;.<\/p>\n","protected":false},"featured_media":23210,"comment_status":"open","ping_status":"closed","template":"","meta":{"wds_primary_product_brand":0,"wds_primary_product_cat":517},"product_brand":[],"product_cat":[517,313],"product_tag":[513,491,566,489,493,495,490,492],"class_list":{"0":"post-23205","1":"product","2":"type-product","3":"status-publish","4":"has-post-thumbnail","6":"product_cat-chaussures-confortables-femme","7":"product_cat-chaussures-confortables-femmes","8":"product_tag-bottine","9":"product_tag-lacets","10":"product_tag-largeur-standard","11":"product_tag-leger","12":"product_tag-respirante","13":"product_tag-semelle-exterieure-antiderapante","14":"product_tag-semelle-interieure-amovible","15":"product_tag-souple","16":"pa_cierre-lacet","17":"pa_color-grise","18":"pa_color-palissandre","19":"pa_talla-mujer-36-fr","20":"pa_talla-mujer-37-fr","21":"pa_talla-mujer-38-fr","22":"pa_talla-mujer-39-fr","23":"pa_talla-mujer-40-fr","24":"pa_talla-mujer-41-fr","26":"first","27":"instock","28":"shipping-taxable","29":"purchasable","30":"product-type-variable","31":"wvs-archive-product-wrapper"},"_links":{"self":[{"href":"https:\/\/pinosos.es\/fr\/wp-json\/wp\/v2\/product\/23205","targetHints":{"allow":["GET"]}}],"collection":[{"href":"https:\/\/pinosos.es\/fr\/wp-json\/wp\/v2\/product"}],"about":[{"href":"https:\/\/pinosos.es\/fr\/wp-json\/wp\/v2\/types\/product"}],"replies":[{"embeddable":true,"href":"https:\/\/pinosos.es\/fr\/wp-json\/wp\/v2\/comments?post=23205"}],"wp:featuredmedia":[{"embeddable":true,"href":"https:\/\/pinosos.es\/fr\/wp-json\/wp\/v2\/media\/23210"}],"wp:attachment":[{"href":"https:\/\/pinosos.es\/fr\/wp-json\/wp\/v2\/media?parent=23205"}],"wp:term":[{"taxonomy":"product_brand","embeddable":true,"href":"https:\/\/pinosos.es\/fr\/wp-json\/wp\/v2\/product_brand?post=23205"},{"taxonomy":"product_cat","embeddable":true,"href":"https:\/\/pinosos.es\/fr\/wp-json\/wp\/v2\/product_cat?post=23205"},{"taxonomy":"product_tag","embeddable":true,"href":"https:\/\/pinosos.es\/fr\/wp-json\/wp\/v2\/product_tag?post=23205"}],"curies":[{"name":"wp","href":"https:\/\/api.w.org\/{rel}","templated":true}]}}