{"id":23234,"date":"2024-02-19T14:25:12","date_gmt":"2024-02-19T13:25:12","guid":{"rendered":"https:\/\/pinosos.es\/tienda\/non%20class\u00e9\/chaussures-a-velcro-5749-h-strech\/"},"modified":"2026-03-06T20:32:34","modified_gmt":"2026-03-06T19:32:34","slug":"chaussures-a-velcro-5749-h-strech","status":"publish","type":"product","link":"https:\/\/pinosos.es\/fr\/boutique\/chaussures-a-velcro-5749-h-strech\/","title":{"rendered":"Chaussures \u00e0 velcro 5749-H STRECH"},"content":{"rendered":"<p>&#8211; Chaussure pour homme, extra confortable avec velcro, fabriqu\u00e9e avec de la mousse d&rsquo;agneau 100% naturelle, tr\u00e8s douce et respirante, tr\u00e8s confortable et s&rsquo;adaptant au maximum au pied sans l&rsquo;oppresser. En outre, la partie sup\u00e9rieure de la chaussure est fabriqu\u00e9e avec un mat\u00e9riau \u00e9lastique STRECH, appel\u00e9 \u00ab nid d&rsquo;abeille \u00bb, qui la rend plus flexible et l&rsquo;adapte au mouvement du pied. Ce mat\u00e9riau \u00e9lastique s&rsquo;adapte \u00e0 toutes les blessures et maladies du pied : oignons, cors et callosit\u00e9s, neuropathies diab\u00e9tiques, orteils en griffe et orteils gonfl\u00e9s. Id\u00e9al pour les diab\u00e9tiques ou les personnes aux pieds sensibles.<\/p>\n<p>&#8211; Doublure \u00e9lastique pour ne pas serrer le pied. En outre, il n&rsquo;y a pas de coutures \u00e0 l&rsquo;int\u00e9rieur pour \u00e9viter les frottements ou l&rsquo;\u00e9rosion sur les pieds sensibles.<\/p>\n<p>&#8211; Semelle int\u00e9rieure amovible en viscolatex de 8 mm, qui absorbe une grande partie de l&rsquo;\u00e9nergie re\u00e7ue \u00e0 chaque pas, en amortissant l&rsquo;impact et en \u00e9liminant la fatigue articulaire.<\/p>\n<p>&#8211; Semelle MICROTECH d&rsquo;une grande durabilit\u00e9 et d&rsquo;une grande r\u00e9sistance \u00e0 l&rsquo;usure. Hauteur de la semelle 2,8 cm.<\/p>\n<p>&#8211; Sa forme extra-large est anatomique et suit la courbure naturelle du pied pour un ajustement confortable et optimal.<\/p>\n<p>&nbsp;<\/p>\n<p><strong>MESURES DE LARGEUR ET DE LONGUEUR PAR POINTURE<\/strong><\/p>\n<table>\n<thead>\n<tr>\n<th align=\"center\">Pointure<\/th>\n<th align=\"center\">Largeur (mm)<\/th>\n<th align=\"center\">Longueur (mm)<\/th>\n<\/tr>\n<\/thead>\n<tbody>\n<tr>\n<td align=\"center\">39<\/td>\n<td align=\"center\">244,1<\/td>\n<td align=\"center\">259,2<\/td>\n<\/tr>\n<tr>\n<td align=\"center\">40<\/td>\n<td align=\"center\">247,4<\/td>\n<td align=\"center\">265,8<\/td>\n<\/tr>\n<tr>\n<td align=\"center\">41<\/td>\n<td align=\"center\">250,7<\/td>\n<td align=\"center\">272,4<\/td>\n<\/tr>\n<tr>\n<td align=\"center\">42<\/td>\n<td align=\"center\">254,0<\/td>\n<td align=\"center\">279,0<\/td>\n<\/tr>\n<tr>\n<td align=\"center\">43<\/td>\n<td align=\"center\">257,3<\/td>\n<td align=\"center\">285,6<\/td>\n<\/tr>\n<tr>\n<td align=\"center\">44<\/td>\n<td align=\"center\">260,6<\/td>\n<td align=\"center\">292,2<\/td>\n<\/tr>\n<tr>\n<td align=\"center\">45<\/td>\n<td align=\"center\">263,9<\/td>\n<td align=\"center\">298,8<\/td>\n<\/tr>\n<tr>\n<td align=\"center\">46<\/td>\n<td align=\"center\">267,2<\/td>\n<td align=\"center\">305,4<\/td>\n<\/tr>\n<\/tbody>\n<\/table>\n","protected":false},"excerpt":{"rendered":"<p>&#8211; Chaussure pour homme, extra confortable avec velcro, fabriqu\u00e9e avec de la mousse d&rsquo;agneau 100% naturelle, tr\u00e8s douce et respirante, tr\u00e8s confortable et s&rsquo;adaptant au maximum au pied sans l&rsquo;oppresser. En outre, la partie sup\u00e9rieure de la chaussure est fabriqu\u00e9e avec un mat\u00e9riau \u00e9lastique STRECH,&#8230;<\/p>\n","protected":false},"featured_media":23237,"comment_status":"open","ping_status":"closed","template":"","meta":{"wds_primary_product_brand":0,"wds_primary_product_cat":487},"product_brand":[577],"product_cat":[487,512],"product_tag":[494,518,514,515,489,516,506,493,507,495,490,492],"class_list":{"0":"post-23234","1":"product","2":"type-product","3":"status-publish","4":"has-post-thumbnail","6":"product_brand-pie-diabetico-pinosos","7":"product_cat-des-chaussure-pour-lui","8":"product_cat-largeur-speciale-pied-sensible-homme","9":"product_tag-chaussures-a-lacets","10":"product_tag-elastique","11":"product_tag-extra-large","12":"product_tag-fermeture-velcro","13":"product_tag-leger","14":"product_tag-pied-diabetique","15":"product_tag-pieds-sensibles","16":"product_tag-respirante","17":"product_tag-sans-coutures-interieures","18":"product_tag-semelle-exterieure-antiderapante","19":"product_tag-semelle-interieure-amovible","20":"product_tag-souple","21":"pa_ancho-h-fr","22":"pa_cierre-velcro-fr","23":"pa_color-marron-fonce-fr","24":"pa_talla-hombre-40-fr","25":"pa_talla-hombre-41-fr","26":"pa_talla-hombre-42-fr","27":"pa_talla-hombre-43-fr","28":"pa_talla-hombre-44-fr","29":"pa_talla-hombre-45-fr","31":"first","32":"instock","33":"shipping-taxable","34":"purchasable","35":"product-type-variable","36":"has-default-attributes","37":"wvs-archive-product-wrapper"},"_links":{"self":[{"href":"https:\/\/pinosos.es\/fr\/wp-json\/wp\/v2\/product\/23234","targetHints":{"allow":["GET"]}}],"collection":[{"href":"https:\/\/pinosos.es\/fr\/wp-json\/wp\/v2\/product"}],"about":[{"href":"https:\/\/pinosos.es\/fr\/wp-json\/wp\/v2\/types\/product"}],"replies":[{"embeddable":true,"href":"https:\/\/pinosos.es\/fr\/wp-json\/wp\/v2\/comments?post=23234"}],"wp:featuredmedia":[{"embeddable":true,"href":"https:\/\/pinosos.es\/fr\/wp-json\/wp\/v2\/media\/23237"}],"wp:attachment":[{"href":"https:\/\/pinosos.es\/fr\/wp-json\/wp\/v2\/media?parent=23234"}],"wp:term":[{"taxonomy":"product_brand","embeddable":true,"href":"https:\/\/pinosos.es\/fr\/wp-json\/wp\/v2\/product_brand?post=23234"},{"taxonomy":"product_cat","embeddable":true,"href":"https:\/\/pinosos.es\/fr\/wp-json\/wp\/v2\/product_cat?post=23234"},{"taxonomy":"product_tag","embeddable":true,"href":"https:\/\/pinosos.es\/fr\/wp-json\/wp\/v2\/product_tag?post=23234"}],"curies":[{"name":"wp","href":"https:\/\/api.w.org\/{rel}","templated":true}]}}