{"id":23244,"date":"2023-04-22T13:39:18","date_gmt":"2023-04-22T11:39:18","guid":{"rendered":"https:\/\/pinosos.es\/tienda\/non%20class\u00e9\/chaussures-oxford-7625\/"},"modified":"2025-06-11T13:56:14","modified_gmt":"2025-06-11T11:56:14","slug":"chaussures-oxford-7625","status":"publish","type":"product","link":"https:\/\/pinosos.es\/fr\/boutique\/chaussures-oxford-7625\/","title":{"rendered":"Chaussures Oxford 7625"},"content":{"rendered":"<p>&#8211; Chaussure Oxford avec lacets pour un meilleur maintien du pied. Fabriqu\u00e9es en cuir d&rsquo;agneau 100 % naturel, tr\u00e8s souple et respirant, elles s&rsquo;adaptent parfaitement au pied sans le comprimer.<\/p>\n<p>&#8211; Doublure en microfibre mouss\u00e9e con\u00e7ue pour garder le pied au frais et au sec, l&rsquo;aidant ainsi \u00e0 donner le meilleur de lui-m\u00eame. Int\u00e9rieur sans couture pour \u00e9viter les frottements ou l&rsquo;\u00e9rosion sur les pieds sensibles.<\/p>\n<p>&#8211; Semelle int\u00e9rieure amovible doubl\u00e9e de microfibre, qui garde les pieds au sec en \u00e9vacuant l&rsquo;humidit\u00e9 gr\u00e2ce \u00e0 un syst\u00e8me sup\u00e9rieur d&rsquo;absorption de l&rsquo;humidit\u00e9.<\/p>\n<p>&#8211; Semelle l\u00e9g\u00e8re et isolante avec une bonne absorption des chocs, antid\u00e9rapante, durable, r\u00e9sistante \u00e0 la d\u00e9coloration et aux d\u00e9chirures. Hauteur de la semelle : 3 cm.<\/p>\n<p>&#8211; Forme de largeur standard.<\/p>\n<p>&nbsp;<\/p>\n<p><strong>MESURES DE LARGEUR ET DE LONGUEUR PAR POINTURE<\/strong><\/p>\n<table>\n<thead>\n<tr>\n<th align=\"center\">Pointure<\/th>\n<th align=\"center\">Largeur (mm)<\/th>\n<th align=\"center\">Longueur (mm)<\/th>\n<\/tr>\n<\/thead>\n<tbody>\n<tr>\n<td align=\"center\">39<\/td>\n<td align=\"center\">243,1<\/td>\n<td align=\"center\">265,2<\/td>\n<\/tr>\n<tr>\n<td align=\"center\">40<\/td>\n<td align=\"center\">246,4<\/td>\n<td align=\"center\">271,8<\/td>\n<\/tr>\n<tr>\n<td align=\"center\">41<\/td>\n<td align=\"center\">249,7<\/td>\n<td align=\"center\">278,4<\/td>\n<\/tr>\n<tr>\n<td align=\"center\">42<\/td>\n<td align=\"center\">253,0<\/td>\n<td align=\"center\">285,0<\/td>\n<\/tr>\n<tr>\n<td align=\"center\">43<\/td>\n<td align=\"center\">256,3<\/td>\n<td align=\"center\">291,6<\/td>\n<\/tr>\n<tr>\n<td align=\"center\">44<\/td>\n<td align=\"center\">259,6<\/td>\n<td align=\"center\">298,2<\/td>\n<\/tr>\n<tr>\n<td align=\"center\">45<\/td>\n<td align=\"center\">262,9<\/td>\n<td align=\"center\">304,8<\/td>\n<\/tr>\n<tr>\n<td align=\"center\">46<\/td>\n<td align=\"center\">266,2<\/td>\n<td align=\"center\">311,4<\/td>\n<\/tr>\n<\/tbody>\n<\/table>\n","protected":false},"excerpt":{"rendered":"<p>&#8211; Chaussure Oxford avec lacets pour un meilleur maintien du pied. Fabriqu\u00e9es en cuir d&rsquo;agneau 100 % naturel, tr\u00e8s souple et respirant, elles s&rsquo;adaptent parfaitement au pied sans le comprimer. &#8211; Doublure en microfibre mouss\u00e9e con\u00e7ue pour garder le pied au frais et au sec,&#8230;<\/p>\n","protected":false},"featured_media":23685,"comment_status":"open","ping_status":"closed","template":"","meta":{"wds_primary_product_brand":0,"wds_primary_product_cat":488},"product_brand":[571],"product_cat":[488,487],"product_tag":[532,568,491,489,493,507,495,490,492],"class_list":{"0":"post-23244","1":"product","2":"type-product","3":"status-publish","4":"has-post-thumbnail","6":"product_brand-pinosos","7":"product_cat-chaussures-confortables-pour-hommes","8":"product_cat-des-chaussure-pour-lui","9":"product_tag-chaussures-oxford","10":"product_tag-forme-de-largeur-standard","11":"product_tag-lacets","12":"product_tag-leger","13":"product_tag-respirante","14":"product_tag-sans-coutures-interieures","15":"product_tag-semelle-exterieure-antiderapante","16":"product_tag-semelle-interieure-amovible","17":"product_tag-souple","18":"pa_cierre-lacet","19":"pa_color-marron-fr","20":"pa_color-noir","21":"pa_talla-hombre-39-fr","22":"pa_talla-hombre-40-fr","23":"pa_talla-hombre-41-fr","24":"pa_talla-hombre-42-fr","25":"pa_talla-hombre-43-fr","26":"pa_talla-hombre-44-fr","27":"pa_talla-hombre-45-fr","28":"pa_talla-hombre-46-fr","30":"first","31":"instock","32":"shipping-taxable","33":"purchasable","34":"product-type-variable","35":"wvs-archive-product-wrapper"},"_links":{"self":[{"href":"https:\/\/pinosos.es\/fr\/wp-json\/wp\/v2\/product\/23244","targetHints":{"allow":["GET"]}}],"collection":[{"href":"https:\/\/pinosos.es\/fr\/wp-json\/wp\/v2\/product"}],"about":[{"href":"https:\/\/pinosos.es\/fr\/wp-json\/wp\/v2\/types\/product"}],"replies":[{"embeddable":true,"href":"https:\/\/pinosos.es\/fr\/wp-json\/wp\/v2\/comments?post=23244"}],"wp:featuredmedia":[{"embeddable":true,"href":"https:\/\/pinosos.es\/fr\/wp-json\/wp\/v2\/media\/23685"}],"wp:attachment":[{"href":"https:\/\/pinosos.es\/fr\/wp-json\/wp\/v2\/media?parent=23244"}],"wp:term":[{"taxonomy":"product_brand","embeddable":true,"href":"https:\/\/pinosos.es\/fr\/wp-json\/wp\/v2\/product_brand?post=23244"},{"taxonomy":"product_cat","embeddable":true,"href":"https:\/\/pinosos.es\/fr\/wp-json\/wp\/v2\/product_cat?post=23244"},{"taxonomy":"product_tag","embeddable":true,"href":"https:\/\/pinosos.es\/fr\/wp-json\/wp\/v2\/product_tag?post=23244"}],"curies":[{"name":"wp","href":"https:\/\/api.w.org\/{rel}","templated":true}]}}