{"id":23282,"date":"2021-11-22T14:12:04","date_gmt":"2021-11-22T13:12:04","guid":{"rendered":"https:\/\/pinosos.es\/tienda\/non%20class\u00e9\/bottine-8114\/"},"modified":"2024-12-19T17:37:40","modified_gmt":"2024-12-19T16:37:40","slug":"bottine-8114","status":"publish","type":"product","link":"https:\/\/pinosos.es\/fr\/boutique\/bottine-8114\/","title":{"rendered":"Bottine 8114"},"content":{"rendered":"<p>&#8211; Bottines avec fermeture \u00e9clair. Fabriqu\u00e9es en textile lycra et mousse de premi\u00e8re qualit\u00e9 pour un grand confort et une adaptabilit\u00e9 maximale au pied.<\/p>\n<p>&#8211; Doublure en fibre synth\u00e9tique Tricot, qui offre une grande r\u00e9sistance \u00e0 l&rsquo;humidit\u00e9, aidant \u00e0 garder le pied frais, sec et confortable. Fabriqu\u00e9e sans coutures \u00e0 l&rsquo;int\u00e9rieur pour \u00e9viter les frottements ou l&rsquo;\u00e9rosion sur les pieds les plus sensibles.<\/p>\n<p>&#8211; Semelle int\u00e9rieure amovible doubl\u00e9e de microfibre, qui garde les pieds au sec en \u00e9vacuant l&rsquo;humidit\u00e9 gr\u00e2ce \u00e0 un syst\u00e8me sup\u00e9rieur d&rsquo;absorption de la peau.<\/p>\n<p>&#8211; Semelle l\u00e9g\u00e8re et isolante avec une bonne absorption des chocs, antid\u00e9rapante. Hauteur de la semelle 4,5 cm.<\/p>\n<p>&#8211; Forme large pour que le pied ne se sente pas \u00e0 l&rsquo;\u00e9troit, ce qui \u00e9vite les probl\u00e8mes de pieds.<\/p>\n","protected":false},"excerpt":{"rendered":"<p>&#8211; Bottines avec fermeture \u00e9clair. Fabriqu\u00e9es en textile lycra et mousse de premi\u00e8re qualit\u00e9 pour un grand confort et une adaptabilit\u00e9 maximale au pied. &#8211; Doublure en fibre synth\u00e9tique Tricot, qui offre une grande r\u00e9sistance \u00e0 l&rsquo;humidit\u00e9, aidant \u00e0 garder le pied frais, sec et&#8230;<\/p>\n","protected":false},"featured_media":23283,"comment_status":"open","ping_status":"closed","template":"","meta":{"wds_primary_product_brand":0,"wds_primary_product_cat":517},"product_brand":[],"product_cat":[517,313],"product_tag":[513,544,496,493,507,495,490],"class_list":{"0":"post-23282","1":"product","2":"type-product","3":"status-publish","4":"has-post-thumbnail","6":"product_cat-chaussures-confortables-femme","7":"product_cat-chaussures-confortables-femmes","8":"product_tag-bottine","9":"product_tag-fermeture-a-glissiere","10":"product_tag-large","11":"product_tag-respirante","12":"product_tag-sans-coutures-interieures","13":"product_tag-semelle-exterieure-antiderapante","14":"product_tag-semelle-interieure-amovible","15":"pa_cierre-zip","16":"pa_color-noir","17":"pa_talla-mujer-35-fr","18":"pa_talla-mujer-36-fr","19":"pa_talla-mujer-37-fr","20":"pa_talla-mujer-38-fr","21":"pa_talla-mujer-39-fr","22":"pa_talla-mujer-40-fr","23":"pa_talla-mujer-41-fr","25":"first","26":"instock","27":"shipping-taxable","28":"purchasable","29":"product-type-variable","30":"has-default-attributes","31":"wvs-archive-product-wrapper"},"_links":{"self":[{"href":"https:\/\/pinosos.es\/fr\/wp-json\/wp\/v2\/product\/23282","targetHints":{"allow":["GET"]}}],"collection":[{"href":"https:\/\/pinosos.es\/fr\/wp-json\/wp\/v2\/product"}],"about":[{"href":"https:\/\/pinosos.es\/fr\/wp-json\/wp\/v2\/types\/product"}],"replies":[{"embeddable":true,"href":"https:\/\/pinosos.es\/fr\/wp-json\/wp\/v2\/comments?post=23282"}],"wp:featuredmedia":[{"embeddable":true,"href":"https:\/\/pinosos.es\/fr\/wp-json\/wp\/v2\/media\/23283"}],"wp:attachment":[{"href":"https:\/\/pinosos.es\/fr\/wp-json\/wp\/v2\/media?parent=23282"}],"wp:term":[{"taxonomy":"product_brand","embeddable":true,"href":"https:\/\/pinosos.es\/fr\/wp-json\/wp\/v2\/product_brand?post=23282"},{"taxonomy":"product_cat","embeddable":true,"href":"https:\/\/pinosos.es\/fr\/wp-json\/wp\/v2\/product_cat?post=23282"},{"taxonomy":"product_tag","embeddable":true,"href":"https:\/\/pinosos.es\/fr\/wp-json\/wp\/v2\/product_tag?post=23282"}],"curies":[{"name":"wp","href":"https:\/\/api.w.org\/{rel}","templated":true}]}}