{"id":23294,"date":"2021-11-22T13:36:08","date_gmt":"2021-11-22T12:36:08","guid":{"rendered":"https:\/\/pinosos.es\/tienda\/non%20class\u00e9\/basket-7777-g-2\/"},"modified":"2025-06-25T10:02:04","modified_gmt":"2025-06-25T08:02:04","slug":"basket-7777-g-2","status":"publish","type":"product","link":"https:\/\/pinosos.es\/fr\/boutique\/basket-7777-g-2\/","title":{"rendered":"Basket 7777-G"},"content":{"rendered":"<p>&#8211; Chaussure de sport d\u00e9contract\u00e9e avec la\u00e7age et fermeture \u00e9clair pour un chaussage et un d\u00e9chaussage faciles. Fabriqu\u00e9es en cuir d&rsquo;agneau souple de premi\u00e8re qualit\u00e9, mouss\u00e9 pour un grand confort et une adaptabilit\u00e9 maximale au pied sans le comprimer.<\/p>\n<p>&#8211; Doublure en fibre synth\u00e9tique, mieux connue sous le nom de Coolmax, qui offre une grande r\u00e9sistance \u00e0 l&rsquo;humidit\u00e9, aidant \u00e0 garder le pied frais, sec et confortable. Fabriqu\u00e9e sans coutures \u00e0 l&rsquo;int\u00e9rieur pour \u00e9viter les frottements ou l&rsquo;\u00e9rosion sur les pieds les plus sensibles.<\/p>\n<p>&#8211; Semelle int\u00e9rieure amovible en viscolatex de 5 mm qui compense et r\u00e9partit les charges de pression sur la plante des pieds, en absorbant une grande partie de l&rsquo;\u00e9nergie re\u00e7ue \u00e0 chaque pas, en amortissant l&rsquo;impact et en \u00e9liminant la fatigue articulaire.<\/p>\n<p>&#8211; Semelle l\u00e9g\u00e8re et isolante avec une bonne absorption des chocs, antid\u00e9rapante, durable, inalt\u00e9rable et tr\u00e8s r\u00e9sistante \u00e0 la d\u00e9chirure. Hauteur de la semelle 3,5 cm.<\/p>\n<p>&#8211; Forme large, id\u00e9ale pour les pieds sensibles avec oignons, d\u00e9formations, mauvaise circulation, etc. Possibilit\u00e9 d&rsquo;inclure des semelles anatomiques et\/ou orthop\u00e9diques.<\/p>\n<p>&nbsp;<\/p>\n<p><strong>MESURES DE LARGEUR ET DE LONGUEUR PAR POINTURE<\/strong><\/p>\n<table>\n<thead>\n<tr>\n<th align=\"center\">Pointure<\/th>\n<th align=\"center\">Largeur (mm)<\/th>\n<th align=\"center\">Longueur (mm)<\/th>\n<\/tr>\n<\/thead>\n<tbody>\n<tr>\n<td align=\"center\">35<\/td>\n<td align=\"center\">226,4<\/td>\n<td align=\"center\">233,8<\/td>\n<\/tr>\n<tr>\n<td align=\"center\">36<\/td>\n<td align=\"center\">229,7<\/td>\n<td align=\"center\">240,4<\/td>\n<\/tr>\n<tr>\n<td align=\"center\">37<\/td>\n<td align=\"center\">233,0<\/td>\n<td align=\"center\">247,0<\/td>\n<\/tr>\n<tr>\n<td align=\"center\">38<\/td>\n<td align=\"center\">236,3<\/td>\n<td align=\"center\">253,6<\/td>\n<\/tr>\n<tr>\n<td align=\"center\">39<\/td>\n<td align=\"center\">239,6<\/td>\n<td align=\"center\">260,2<\/td>\n<\/tr>\n<tr>\n<td align=\"center\">40<\/td>\n<td align=\"center\">242,9<\/td>\n<td align=\"center\">266,8<\/td>\n<\/tr>\n<tr>\n<td align=\"center\">41<\/td>\n<td align=\"center\">246,2<\/td>\n<td align=\"center\">273,4<\/td>\n<\/tr>\n<tr>\n<td align=\"center\">42<\/td>\n<td align=\"center\">249,5<\/td>\n<td align=\"center\">280,0<\/td>\n<\/tr>\n<\/tbody>\n<\/table>\n<p>&nbsp;<\/p>\n","protected":false},"excerpt":{"rendered":"<p>&#8211; Chaussure de sport d\u00e9contract\u00e9e avec la\u00e7age et fermeture \u00e9clair pour un chaussage et un d\u00e9chaussage faciles. Fabriqu\u00e9es en cuir d&rsquo;agneau souple de premi\u00e8re qualit\u00e9, mouss\u00e9 pour un grand confort et une adaptabilit\u00e9 maximale au pied sans le comprimer. &#8211; Doublure en fibre synth\u00e9tique, mieux&#8230;<\/p>\n","protected":false},"featured_media":23299,"comment_status":"open","ping_status":"closed","template":"","meta":{"wds_primary_product_brand":0,"wds_primary_product_cat":517},"product_brand":[576],"product_cat":[517,313],"product_tag":[531,514,544,491,493,495,490],"class_list":{"0":"post-23294","1":"product","2":"type-product","3":"status-publish","4":"has-post-thumbnail","6":"product_brand-comode-by-pinosos","7":"product_cat-chaussures-confortables-femme","8":"product_cat-chaussures-confortables-femmes","9":"product_tag-baskets","10":"product_tag-extra-large","11":"product_tag-fermeture-a-glissiere","12":"product_tag-lacets","13":"product_tag-respirante","14":"product_tag-semelle-exterieure-antiderapante","15":"product_tag-semelle-interieure-amovible","16":"pa_ancho-g-fr","17":"pa_cierre-lacet","18":"pa_cierre-zip","19":"pa_color-marron-fonce-fr","20":"pa_color-noir","21":"pa_talla-mujer-35-fr","22":"pa_talla-mujer-36-fr","23":"pa_talla-mujer-37-fr","24":"pa_talla-mujer-38-fr","25":"pa_talla-mujer-39-fr","26":"pa_talla-mujer-40-fr","27":"pa_talla-mujer-41-fr","28":"pa_talla-mujer-42-fr","30":"first","31":"instock","32":"shipping-taxable","33":"purchasable","34":"product-type-variable","35":"wvs-archive-product-wrapper"},"_links":{"self":[{"href":"https:\/\/pinosos.es\/fr\/wp-json\/wp\/v2\/product\/23294","targetHints":{"allow":["GET"]}}],"collection":[{"href":"https:\/\/pinosos.es\/fr\/wp-json\/wp\/v2\/product"}],"about":[{"href":"https:\/\/pinosos.es\/fr\/wp-json\/wp\/v2\/types\/product"}],"replies":[{"embeddable":true,"href":"https:\/\/pinosos.es\/fr\/wp-json\/wp\/v2\/comments?post=23294"}],"wp:featuredmedia":[{"embeddable":true,"href":"https:\/\/pinosos.es\/fr\/wp-json\/wp\/v2\/media\/23299"}],"wp:attachment":[{"href":"https:\/\/pinosos.es\/fr\/wp-json\/wp\/v2\/media?parent=23294"}],"wp:term":[{"taxonomy":"product_brand","embeddable":true,"href":"https:\/\/pinosos.es\/fr\/wp-json\/wp\/v2\/product_brand?post=23294"},{"taxonomy":"product_cat","embeddable":true,"href":"https:\/\/pinosos.es\/fr\/wp-json\/wp\/v2\/product_cat?post=23294"},{"taxonomy":"product_tag","embeddable":true,"href":"https:\/\/pinosos.es\/fr\/wp-json\/wp\/v2\/product_tag?post=23294"}],"curies":[{"name":"wp","href":"https:\/\/api.w.org\/{rel}","templated":true}]}}