{"id":23319,"date":"2021-11-22T12:56:47","date_gmt":"2021-11-22T11:56:47","guid":{"rendered":"https:\/\/pinosos.es\/tienda\/non%20class\u00e9\/chaussures-a-velcro-6176-h-clink\/"},"modified":"2025-06-20T12:31:29","modified_gmt":"2025-06-20T10:31:29","slug":"chaussures-a-velcro-6176-h-clink","status":"publish","type":"product","link":"https:\/\/pinosos.es\/fr\/boutique\/chaussures-a-velcro-6176-h-clink\/","title":{"rendered":"Chaussures \u00e0 velcro 6176-H Clink"},"content":{"rendered":"<p>&#8211; Chaussure pour homme extra confortable, avec bande velcro pour faciliter l&rsquo;ajustement, fabriqu\u00e9e avec de la mousse d&rsquo;agneau 100% naturelle, tr\u00e8s douce et respirante, tr\u00e8s confortable et s&rsquo;adaptant au maximum au pied sans l&rsquo;oppresser. Id\u00e9ale pour les diab\u00e9tiques ou les personnes aux pieds d\u00e9licats.<\/p>\n<p>&#8211; Doublure Coolmax qui \u00e9vacue la transpiration du pied, le gardant frais, confortable et sec.<\/p>\n<p>&#8211; Semelle int\u00e9rieure en viscolatex de 8 mm, qui compense et r\u00e9partit les charges de pression sur la plante des pieds, en absorbant une grande partie de l&rsquo;\u00e9nergie re\u00e7ue \u00e0 chaque pas, en amortissant l&rsquo;impact et en \u00e9liminant la fatigue articulaire.<\/p>\n<p>&#8211; Semelle l\u00e9g\u00e8re et flexible avec une densit\u00e9 optimale pour une marche confortable. Imprim\u00e9 antid\u00e9rapant et isolant pour le froid et la chaleur. Hauteur de la semelle 3 cm.<\/p>\n<p>&#8211; Forme extra-large avec possibilit\u00e9 d&rsquo;inclure des semelles anatomiques et\/ou orthop\u00e9diques.<\/p>\n<p>&nbsp;<\/p>\n<p><strong>MESURES DE LARGEUR ET DE LONGUEUR PAR POINTURE<\/strong><\/p>\n<table>\n<thead>\n<tr>\n<th align=\"center\">Pointure<\/th>\n<th align=\"center\">Largeur (mm)<\/th>\n<th align=\"center\">Longueur (mm)<\/th>\n<\/tr>\n<\/thead>\n<tbody>\n<tr>\n<td align=\"center\">39<\/td>\n<td align=\"center\">256,1<\/td>\n<td align=\"center\">257,2<\/td>\n<\/tr>\n<tr>\n<td align=\"center\">40<\/td>\n<td align=\"center\">259,4<\/td>\n<td align=\"center\">263,8<\/td>\n<\/tr>\n<tr>\n<td align=\"center\">41<\/td>\n<td align=\"center\">262,7<\/td>\n<td align=\"center\">270,4<\/td>\n<\/tr>\n<tr>\n<td align=\"center\">42<\/td>\n<td align=\"center\">266,0<\/td>\n<td align=\"center\">277,0<\/td>\n<\/tr>\n<tr>\n<td align=\"center\">43<\/td>\n<td align=\"center\">269,3<\/td>\n<td align=\"center\">283,6<\/td>\n<\/tr>\n<tr>\n<td align=\"center\">44<\/td>\n<td align=\"center\">272,6<\/td>\n<td align=\"center\">290,2<\/td>\n<\/tr>\n<tr>\n<td align=\"center\">45<\/td>\n<td align=\"center\">275,9<\/td>\n<td align=\"center\">296,8<\/td>\n<\/tr>\n<tr>\n<td align=\"center\">46<\/td>\n<td align=\"center\">279,2<\/td>\n<td align=\"center\">303,4<\/td>\n<\/tr>\n<\/tbody>\n<\/table>\n","protected":false},"excerpt":{"rendered":"<p>&#8211; Chaussure pour homme extra confortable, avec bande velcro pour faciliter l&rsquo;ajustement, fabriqu\u00e9e avec de la mousse d&rsquo;agneau 100% naturelle, tr\u00e8s douce et respirante, tr\u00e8s confortable et s&rsquo;adaptant au maximum au pied sans l&rsquo;oppresser. Id\u00e9ale pour les diab\u00e9tiques ou les personnes aux pieds d\u00e9licats. &#8211;&#8230;<\/p>\n","protected":false},"featured_media":23320,"comment_status":"open","ping_status":"closed","template":"","meta":{"wds_primary_product_brand":0,"wds_primary_product_cat":487},"product_brand":[577,571],"product_cat":[487,512],"product_tag":[494,514,515,496,516,493,490,492],"class_list":{"0":"post-23319","1":"product","2":"type-product","3":"status-publish","4":"has-post-thumbnail","6":"product_brand-pie-diabetico-pinosos","7":"product_brand-pinosos","8":"product_cat-des-chaussure-pour-lui","9":"product_cat-largeur-speciale-pied-sensible-homme","10":"product_tag-chaussures-a-lacets","11":"product_tag-extra-large","12":"product_tag-fermeture-velcro","13":"product_tag-large","14":"product_tag-pied-diabetique","15":"product_tag-respirante","16":"product_tag-semelle-interieure-amovible","17":"product_tag-souple","18":"pa_ancho-h-fr","19":"pa_cierre-velcro-fr","20":"pa_color-acajou-fr","21":"pa_color-noir","22":"pa_talla-hombre-39-fr","23":"pa_talla-hombre-40-fr","24":"pa_talla-hombre-41-fr","25":"pa_talla-hombre-42-fr","26":"pa_talla-hombre-43-fr","27":"pa_talla-hombre-44-fr","28":"pa_talla-hombre-45-fr","29":"pa_talla-hombre-46-fr","31":"first","32":"instock","33":"shipping-taxable","34":"purchasable","35":"product-type-variable","36":"wvs-archive-product-wrapper"},"_links":{"self":[{"href":"https:\/\/pinosos.es\/fr\/wp-json\/wp\/v2\/product\/23319","targetHints":{"allow":["GET"]}}],"collection":[{"href":"https:\/\/pinosos.es\/fr\/wp-json\/wp\/v2\/product"}],"about":[{"href":"https:\/\/pinosos.es\/fr\/wp-json\/wp\/v2\/types\/product"}],"replies":[{"embeddable":true,"href":"https:\/\/pinosos.es\/fr\/wp-json\/wp\/v2\/comments?post=23319"}],"wp:featuredmedia":[{"embeddable":true,"href":"https:\/\/pinosos.es\/fr\/wp-json\/wp\/v2\/media\/23320"}],"wp:attachment":[{"href":"https:\/\/pinosos.es\/fr\/wp-json\/wp\/v2\/media?parent=23319"}],"wp:term":[{"taxonomy":"product_brand","embeddable":true,"href":"https:\/\/pinosos.es\/fr\/wp-json\/wp\/v2\/product_brand?post=23319"},{"taxonomy":"product_cat","embeddable":true,"href":"https:\/\/pinosos.es\/fr\/wp-json\/wp\/v2\/product_cat?post=23319"},{"taxonomy":"product_tag","embeddable":true,"href":"https:\/\/pinosos.es\/fr\/wp-json\/wp\/v2\/product_tag?post=23319"}],"curies":[{"name":"wp","href":"https:\/\/api.w.org\/{rel}","templated":true}]}}