{"id":23389,"date":"2021-04-22T13:49:14","date_gmt":"2021-04-22T11:49:14","guid":{"rendered":"https:\/\/pinosos.es\/tienda\/non%20class\u00e9\/mocassin-5487\/"},"modified":"2025-01-07T07:56:56","modified_gmt":"2025-01-07T06:56:56","slug":"mocassin-5487","status":"publish","type":"product","link":"https:\/\/pinosos.es\/fr\/boutique\/mocassin-5487\/","title":{"rendered":"Mocassin 5487"},"content":{"rendered":"<p>&#8211; Chaussure pour femme \u00e0 la coupe \u00e9lastique, en peau de mouton douce et respirante.<\/p>\n<p>&#8211; Doublure int\u00e9rieure en microfibre avec un syst\u00e8me d&rsquo;absorption sup\u00e9rieur \u00e0 celui du cuir, \u00e9liminant l&rsquo;humidit\u00e9 et gardant les pieds au sec.<\/p>\n<p>&#8211; Semelle int\u00e9rieure anatomique amovible doubl\u00e9e de microfibre pour la durabilit\u00e9 et l&rsquo;absorption des chocs.<\/p>\n<p>&#8211; Semelle l\u00e9g\u00e8re et r\u00e9sistante en caoutchouc antid\u00e9rapant, qui \u00e9vite de glisser sur les surfaces glissantes. Hauteur du talon 3,5 cm.<\/p>\n<p>&#8211; Forme de largeur standard.<\/p>\n","protected":false},"excerpt":{"rendered":"<p>&#8211; Chaussure pour femme \u00e0 la coupe \u00e9lastique, en peau de mouton douce et respirante. &#8211; Doublure int\u00e9rieure en microfibre avec un syst\u00e8me d&rsquo;absorption sup\u00e9rieur \u00e0 celui du cuir, \u00e9liminant l&rsquo;humidit\u00e9 et gardant les pieds au sec. &#8211; Semelle int\u00e9rieure anatomique amovible doubl\u00e9e de microfibre&#8230;<\/p>\n","protected":false},"featured_media":23391,"comment_status":"open","ping_status":"closed","template":"","meta":{"wds_primary_product_brand":0,"wds_primary_product_cat":517},"product_brand":[],"product_cat":[517,313],"product_tag":[499,566,489,501,493,495,490,492],"class_list":{"0":"post-23389","1":"product","2":"type-product","3":"status-publish","4":"has-post-thumbnail","6":"product_cat-chaussures-confortables-femme","7":"product_cat-chaussures-confortables-femmes","8":"product_tag-elastique-fermeture","9":"product_tag-largeur-standard","10":"product_tag-leger","11":"product_tag-mocassin","12":"product_tag-respirante","13":"product_tag-semelle-exterieure-antiderapante","14":"product_tag-semelle-interieure-amovible","15":"product_tag-souple","16":"pa_cierre-elastique","17":"pa_color-noir","18":"pa_talla-mujer-35-fr","19":"pa_talla-mujer-36-fr","20":"pa_talla-mujer-37-fr","21":"pa_talla-mujer-38-fr","22":"pa_talla-mujer-39-fr","23":"pa_talla-mujer-40-fr","24":"pa_talla-mujer-41-fr","25":"pa_talla-mujer-42-fr","27":"first","28":"instock","29":"shipping-taxable","30":"purchasable","31":"product-type-variable","32":"wvs-archive-product-wrapper"},"_links":{"self":[{"href":"https:\/\/pinosos.es\/fr\/wp-json\/wp\/v2\/product\/23389","targetHints":{"allow":["GET"]}}],"collection":[{"href":"https:\/\/pinosos.es\/fr\/wp-json\/wp\/v2\/product"}],"about":[{"href":"https:\/\/pinosos.es\/fr\/wp-json\/wp\/v2\/types\/product"}],"replies":[{"embeddable":true,"href":"https:\/\/pinosos.es\/fr\/wp-json\/wp\/v2\/comments?post=23389"}],"wp:featuredmedia":[{"embeddable":true,"href":"https:\/\/pinosos.es\/fr\/wp-json\/wp\/v2\/media\/23391"}],"wp:attachment":[{"href":"https:\/\/pinosos.es\/fr\/wp-json\/wp\/v2\/media?parent=23389"}],"wp:term":[{"taxonomy":"product_brand","embeddable":true,"href":"https:\/\/pinosos.es\/fr\/wp-json\/wp\/v2\/product_brand?post=23389"},{"taxonomy":"product_cat","embeddable":true,"href":"https:\/\/pinosos.es\/fr\/wp-json\/wp\/v2\/product_cat?post=23389"},{"taxonomy":"product_tag","embeddable":true,"href":"https:\/\/pinosos.es\/fr\/wp-json\/wp\/v2\/product_tag?post=23389"}],"curies":[{"name":"wp","href":"https:\/\/api.w.org\/{rel}","templated":true}]}}