{"id":23402,"date":"2021-04-22T13:49:13","date_gmt":"2021-04-22T11:49:13","guid":{"rendered":"https:\/\/pinosos.es\/tienda\/non%20class\u00e9\/mocassin-82002-napa\/"},"modified":"2024-09-18T08:17:00","modified_gmt":"2024-09-18T06:17:00","slug":"mocassin-82002-napa","status":"publish","type":"product","link":"https:\/\/pinosos.es\/fr\/boutique\/mocassin-82002-napa\/","title":{"rendered":"Mocassin 82002 Napa"},"content":{"rendered":"<p>&#8211; Chaussure pour homme de style kiowa, fabriqu\u00e9e \u00e0 la main en cuir de vachette. Tr\u00e8s souple et l\u00e9g\u00e8re, elle s&rsquo;adapte parfaitement au pied. Point de riz cousu \u00e0 la main.<\/p>\n<p>&#8211; Doublure en cuir de vachette doux au toucher.<\/p>\n<p>&#8211; Semelle int\u00e9rieure en cuir rembourr\u00e9e pour une meilleure absorption des chocs au niveau du talon.<\/p>\n<p>&#8211; Semelle en cuir.<\/p>\n<p>&#8211; Forme fine qui apporte une grande \u00e9l\u00e9gance lors de l&rsquo;habillage.<\/p>\n","protected":false},"excerpt":{"rendered":"<p>&#8211; Chaussure pour homme de style kiowa, fabriqu\u00e9e \u00e0 la main en cuir de vachette. Tr\u00e8s souple et l\u00e9g\u00e8re, elle s&rsquo;adapte parfaitement au pied. Point de riz cousu \u00e0 la main. &#8211; Doublure en cuir de vachette doux au toucher. &#8211; Semelle int\u00e9rieure en cuir&#8230;<\/p>\n","protected":false},"featured_media":23403,"comment_status":"open","ping_status":"closed","template":"","meta":{"wds_primary_product_brand":0,"wds_primary_product_cat":487},"product_brand":[],"product_cat":[487,526,523],"product_tag":[497,500,549,489,501,493,490,492],"class_list":{"0":"post-23402","1":"product","2":"type-product","3":"status-publish","4":"has-post-thumbnail","6":"product_cat-des-chaussure-pour-lui","7":"product_cat-outlet-homme","8":"product_cat-soldes","9":"product_tag-chaussure-habillee","10":"product_tag-cousu-main","11":"product_tag-forme-fine","12":"product_tag-leger","13":"product_tag-mocassin","14":"product_tag-respirante","15":"product_tag-semelle-interieure-amovible","16":"product_tag-souple","17":"pa_cierre-bande","18":"pa_color-noir","19":"pa_talla-hombre-42-fr","20":"pa_talla-hombre-43-fr","21":"pa_talla-hombre-44-fr","22":"pa_talla-hombre-45-fr","23":"pa_talla-hombre-46-fr","25":"first","26":"instock","27":"sale","28":"shipping-taxable","29":"purchasable","30":"product-type-variable","31":"has-default-attributes","32":"wvs-archive-product-wrapper"},"_links":{"self":[{"href":"https:\/\/pinosos.es\/fr\/wp-json\/wp\/v2\/product\/23402","targetHints":{"allow":["GET"]}}],"collection":[{"href":"https:\/\/pinosos.es\/fr\/wp-json\/wp\/v2\/product"}],"about":[{"href":"https:\/\/pinosos.es\/fr\/wp-json\/wp\/v2\/types\/product"}],"replies":[{"embeddable":true,"href":"https:\/\/pinosos.es\/fr\/wp-json\/wp\/v2\/comments?post=23402"}],"wp:featuredmedia":[{"embeddable":true,"href":"https:\/\/pinosos.es\/fr\/wp-json\/wp\/v2\/media\/23403"}],"wp:attachment":[{"href":"https:\/\/pinosos.es\/fr\/wp-json\/wp\/v2\/media?parent=23402"}],"wp:term":[{"taxonomy":"product_brand","embeddable":true,"href":"https:\/\/pinosos.es\/fr\/wp-json\/wp\/v2\/product_brand?post=23402"},{"taxonomy":"product_cat","embeddable":true,"href":"https:\/\/pinosos.es\/fr\/wp-json\/wp\/v2\/product_cat?post=23402"},{"taxonomy":"product_tag","embeddable":true,"href":"https:\/\/pinosos.es\/fr\/wp-json\/wp\/v2\/product_tag?post=23402"}],"curies":[{"name":"wp","href":"https:\/\/api.w.org\/{rel}","templated":true}]}}